{"id":467,"date":"2025-09-18T17:40:36","date_gmt":"2025-09-18T15:40:36","guid":{"rendered":"https:\/\/openideas.site\/manzanareselreal\/?page_id=467"},"modified":"2025-11-26T10:23:08","modified_gmt":"2025-11-26T09:23:08","slug":"fiestas-manzanares-el-real-agenda-de-fiestas-y-eventos","status":"publish","type":"page","link":"https:\/\/manzanareselreal.org\/es\/fiestas-manzanares-el-real-agenda-de-fiestas-y-eventos\/","title":{"rendered":"Fiestas y tradiciones"},"content":{"rendered":"<nav id=\"breadcrumbs\" aria-label=\"Breadcrumbs\"><a href=\"https:\/\/manzanareselreal.org\/es\/\">Inicio<\/a> \/ Fiestas y tradiciones<\/nav>\r\n<p><img decoding=\"async\" src=\"https:\/\/manzanareselreal.org\/wp-content\/uploads\/2025\/09\/ornament10.png\" alt=\"Las fiestas de Manzanares El Real\" \/><\/p>\r\n<h3>Las fiestas de Manzanares El Real<\/h3>\r\n<p>Manzanares El Real es una localidad din\u00e1mica, con tradiciones antiguas de gran significado para el pueblo y d\u00f3nde sabemos pas\u00e1rnoslo bien. A continuaci\u00f3n, te presentamos las principales fiestas que repetimos a\u00f1o a a\u00f1o, y forman parte de nuestra identidad.<\/p>\r\n<h3>Pascua de Pentecost\u00e9s de la Virgen de la Pe\u00f1a Sacra<\/h3>\r\n<p>Estas fiestas hist\u00f3ricas comienzan al atardecer del primer s\u00e1bado de Pentecost\u00e9s, el s\u00e9ptimo domingo despu\u00e9s de Pascua, cuando la Virgen es trasladada desde su ermita hasta la iglesia parroquial. Entonces, los vecinos se re\u00fanen cerca del Castillo Viejo, en torno a una roca de granito llamada \u00abla piedra\u00bb. All\u00ed, se canta la Salve para recibir a la Virgen y se inicia una procesi\u00f3n hacia la iglesia donde espera la virgen, encabezada por el estandarte de la Hermandad y por una banda de m\u00fasica.<\/p>\r\n<p>Al llegar a la iglesia se realiza la ofrenda floral, se celebra la Santa Misa y se canta el himno en honor a la Virgen. Despu\u00e9s, la jornada contin\u00faa con bailes en la plaza, que se prolongan hasta la madrugada.<\/p>\r\n<p>El domingo de Pentecost\u00e9s se celebra la Misa Mayor, seguida de una procesi\u00f3n por las principales calles del pueblo, y por la tarde siguen los bailes y celebraciones en la plaza.<\/p>\r\n<p>Finalmente, el Lunes de Pentecost\u00e9s, la imagen de la Virgen regresa en procesi\u00f3n a su ermita y se celebra una romer\u00eda en el prado junto al Canto Redondo.<\/p>\r\n<h3>Fiestas de la Virgen de las Nieves o Fiestas de Verano<\/h3>\r\n<p>El 5 de agosto se celebra el d\u00eda de la Virgen de las Nieves con, entre otros actos, una Misa Mayor en honor a la Virgen de Nuestra Se\u00f1ora de las Nieves.<\/p>\r\n<p>En los d\u00edas anteriores y posteriores tambi\u00e9n hay celebraciones y eventos populares en la villa, como la elecci\u00f3n de la reina y las damas de la villa, la Fiesta de la Trashumancia, competiciones deportivas, Boloencierros, exposiciones, grandes conciertos&#8230;<\/p>\r\n<p>El \u00faltimo d\u00eda de la conmemoraci\u00f3n de la Virgen de las Nieves, el pueblo prepara la cena de toro con patatas que posteriormente se reparte en la Plaza del pueblo.<\/p>\r\n<h3>Festividad del Cristo de la Nave<\/h3>\r\n<p>Son las fiestas patronales de Manzanares El Real y tienen lugar a mediados de septiembre.<\/p>\r\n<p>Se celebran con actividades deportivas, conciertos y bailes, principalmente enfocados para un p\u00fablico senior y familiar.<\/p>\r\n<p>El d\u00eda 14 de septiembre hay Misa Mayor con una ofrenda de flores y seguidamente procesi\u00f3n por las principales calles del pueblo.<\/p>\r\n<p>A la salida hay una limonada popular en la Plaza.<\/p>\r\n<p>Por la tarde, bailes hasta la madrugada.<\/p>\r\n<h3>Noche de San Juan o Enramadas<\/h3>\r\n<p>El 23 de junio. Diferentes en el municipio de Manzanares El Real, la preparaci\u00f3n de estas fiestas comienza con la creaci\u00f3n de un mu\u00f1eco y la recogida de muebles viejos, le\u00f1a y similares que se llevan al Castillo Viejo.<\/p>\r\n<p>A continuaci\u00f3n, se hace un tr\u00edpode, del que cuelga el mu\u00f1eco que porta todas las cosas negativas que la gente quiere que desaparezcan, y se coloca alrededor el mont\u00f3n de le\u00f1a recogida.<\/p>\r\n<p>Entonces, a las doce de la noche se eleva el mu\u00f1eco hasta lo alto del tr\u00edpode y se prende la hoguera, mientras se canta y se baila a su alrededor junto a los conciertos hasta altas horas de la madrugada.<\/p>\r\n<h3>Para ver la \u00faltima informaci\u00f3n sobre las fiestas y otros eventos populares \u00e9chale un vistazo a nuestras agendas.<\/h3>\r\n<p><a href=\"https:\/\/manzanareselreal.org\/es\/agenda\/\" target=\"_self\"> Ver la actualidad <\/a><\/p>\r\n","protected":false},"excerpt":{"rendered":"<p>Inicio \/ Fiestas y tradiciones Las fiestas de Manzanares El Real Manzanares El Real es una localidad din\u00e1mica, con tradiciones antiguas de gran significado para el pueblo y d\u00f3nde sabemos pas\u00e1rnoslo bien. A continuaci\u00f3n, te presentamos las principales fiestas que repetimos a\u00f1o a a\u00f1o, y forman parte de nuestra identidad. Pascua de Pentecost\u00e9s de la&hellip;<\/p>\n","protected":false},"author":1,"featured_media":1614,"parent":0,"menu_order":0,"comment_status":"closed","ping_status":"closed","template":"","meta":{"_acf_changed":false,"footnotes":""},"class_list":["post-467","page","type-page","status-publish","format-standard","has-post-thumbnail","hentry"],"acf":[],"yoast_head":"<!-- This site is optimized with the Yoast SEO plugin v27.1.1 - https:\/\/yoast.com\/product\/yoast-seo-wordpress\/ -->\n<title>Fiestas y tradiciones - Manzanares el Real<\/title>\n<meta name=\"description\" content=\"Descubre las fiestas manzanares el real y planifica tu viaje para disfrutar de nuestra tradici\u00f3n, cultura y festividades \u00a1Vis\u00edtanos!\" \/>\n<meta name=\"robots\" content=\"index, follow, max-snippet:-1, max-image-preview:large, max-video-preview:-1\" \/>\n<link rel=\"canonical\" href=\"https:\/\/manzanareselreal.org\/es\/fiestas-manzanares-el-real-agenda-de-fiestas-y-eventos\/\" \/>\n<meta property=\"og:locale\" content=\"es_ES\" \/>\n<meta property=\"og:type\" content=\"article\" \/>\n<meta property=\"og:title\" content=\"Fiestas y tradiciones - Manzanares el Real\" \/>\n<meta property=\"og:description\" content=\"Descubre las fiestas manzanares el real y planifica tu viaje para disfrutar de nuestra tradici\u00f3n, cultura y festividades \u00a1Vis\u00edtanos!\" \/>\n<meta property=\"og:url\" content=\"https:\/\/manzanareselreal.org\/es\/fiestas-manzanares-el-real-agenda-de-fiestas-y-eventos\/\" \/>\n<meta property=\"og:site_name\" content=\"Manzanares el Real\" \/>\n<meta property=\"article:modified_time\" content=\"2025-11-26T09:23:08+00:00\" \/>\n<meta property=\"og:image\" content=\"https:\/\/manzanareselreal.org\/wp-content\/uploads\/2025\/09\/Fiestas-Virgen-de-la-Pena-Sacra_Img3.jpg\" \/>\n\t<meta property=\"og:image:width\" content=\"1365\" \/>\n\t<meta property=\"og:image:height\" content=\"910\" \/>\n\t<meta property=\"og:image:type\" content=\"image\/jpeg\" \/>\n<meta name=\"twitter:card\" content=\"summary_large_image\" \/>\n<meta name=\"twitter:label1\" content=\"Tiempo de lectura\" \/>\n\t<meta name=\"twitter:data1\" content=\"3 minutos\" \/>\n<script type=\"application\/ld+json\" class=\"yoast-schema-graph\">{\"@context\":\"https:\/\/schema.org\",\"@graph\":[{\"@type\":\"WebPage\",\"@id\":\"https:\/\/manzanareselreal.org\/es\/fiestas-manzanares-el-real-agenda-de-fiestas-y-eventos\/\",\"url\":\"https:\/\/manzanareselreal.org\/es\/fiestas-manzanares-el-real-agenda-de-fiestas-y-eventos\/\",\"name\":\"Fiestas y tradiciones - Manzanares el Real\",\"isPartOf\":{\"@id\":\"https:\/\/manzanareselreal.org\/es\/#website\"},\"primaryImageOfPage\":{\"@id\":\"https:\/\/manzanareselreal.org\/es\/fiestas-manzanares-el-real-agenda-de-fiestas-y-eventos\/#primaryimage\"},\"image\":{\"@id\":\"https:\/\/manzanareselreal.org\/es\/fiestas-manzanares-el-real-agenda-de-fiestas-y-eventos\/#primaryimage\"},\"thumbnailUrl\":\"https:\/\/manzanareselreal.org\/wp-content\/uploads\/2025\/09\/Fiestas-Virgen-de-la-Pena-Sacra_Img3.jpg\",\"datePublished\":\"2025-09-18T15:40:36+00:00\",\"dateModified\":\"2025-11-26T09:23:08+00:00\",\"description\":\"Descubre las fiestas manzanares el real y planifica tu viaje para disfrutar de nuestra tradici\u00f3n, cultura y festividades \u00a1Vis\u00edtanos!\",\"breadcrumb\":{\"@id\":\"https:\/\/manzanareselreal.org\/es\/fiestas-manzanares-el-real-agenda-de-fiestas-y-eventos\/#breadcrumb\"},\"inLanguage\":\"es\",\"potentialAction\":[{\"@type\":\"ReadAction\",\"target\":[\"https:\/\/manzanareselreal.org\/es\/fiestas-manzanares-el-real-agenda-de-fiestas-y-eventos\/\"]}]},{\"@type\":\"ImageObject\",\"inLanguage\":\"es\",\"@id\":\"https:\/\/manzanareselreal.org\/es\/fiestas-manzanares-el-real-agenda-de-fiestas-y-eventos\/#primaryimage\",\"url\":\"https:\/\/manzanareselreal.org\/wp-content\/uploads\/2025\/09\/Fiestas-Virgen-de-la-Pena-Sacra_Img3.jpg\",\"contentUrl\":\"https:\/\/manzanareselreal.org\/wp-content\/uploads\/2025\/09\/Fiestas-Virgen-de-la-Pena-Sacra_Img3.jpg\",\"width\":1365,\"height\":910},{\"@type\":\"BreadcrumbList\",\"@id\":\"https:\/\/manzanareselreal.org\/es\/fiestas-manzanares-el-real-agenda-de-fiestas-y-eventos\/#breadcrumb\",\"itemListElement\":[{\"@type\":\"ListItem\",\"position\":1,\"name\":\"Inicio\",\"item\":\"https:\/\/manzanareselreal.org\/es\/\"},{\"@type\":\"ListItem\",\"position\":2,\"name\":\"Fiestas y tradiciones\"}]},{\"@type\":\"WebSite\",\"@id\":\"https:\/\/manzanareselreal.org\/es\/#website\",\"url\":\"https:\/\/manzanareselreal.org\/es\/\",\"name\":\"Manzanares el Real\",\"description\":\"En el Parque Nacional de la Sierra de Guadarrama, al pie de La Pedriza, llegar a este municipio de la Sierra Norte es sumergirse en la historia y la naturaleza.\",\"potentialAction\":[{\"@type\":\"SearchAction\",\"target\":{\"@type\":\"EntryPoint\",\"urlTemplate\":\"https:\/\/manzanareselreal.org\/es\/?s={search_term_string}\"},\"query-input\":{\"@type\":\"PropertyValueSpecification\",\"valueRequired\":true,\"valueName\":\"search_term_string\"}}],\"inLanguage\":\"es\"}]}<\/script>\n<!-- \/ Yoast SEO plugin. -->","yoast_head_json":{"title":"Fiestas y tradiciones - Manzanares el Real","description":"Descubre las fiestas manzanares el real y planifica tu viaje para disfrutar de nuestra tradici\u00f3n, cultura y festividades \u00a1Vis\u00edtanos!","robots":{"index":"index","follow":"follow","max-snippet":"max-snippet:-1","max-image-preview":"max-image-preview:large","max-video-preview":"max-video-preview:-1"},"canonical":"https:\/\/manzanareselreal.org\/es\/fiestas-manzanares-el-real-agenda-de-fiestas-y-eventos\/","og_locale":"es_ES","og_type":"article","og_title":"Fiestas y tradiciones - Manzanares el Real","og_description":"Descubre las fiestas manzanares el real y planifica tu viaje para disfrutar de nuestra tradici\u00f3n, cultura y festividades \u00a1Vis\u00edtanos!","og_url":"https:\/\/manzanareselreal.org\/es\/fiestas-manzanares-el-real-agenda-de-fiestas-y-eventos\/","og_site_name":"Manzanares el Real","article_modified_time":"2025-11-26T09:23:08+00:00","og_image":[{"width":1365,"height":910,"url":"https:\/\/manzanareselreal.org\/wp-content\/uploads\/2025\/09\/Fiestas-Virgen-de-la-Pena-Sacra_Img3.jpg","type":"image\/jpeg"}],"twitter_card":"summary_large_image","twitter_misc":{"Tiempo de lectura":"3 minutos"},"schema":{"@context":"https:\/\/schema.org","@graph":[{"@type":"WebPage","@id":"https:\/\/manzanareselreal.org\/es\/fiestas-manzanares-el-real-agenda-de-fiestas-y-eventos\/","url":"https:\/\/manzanareselreal.org\/es\/fiestas-manzanares-el-real-agenda-de-fiestas-y-eventos\/","name":"Fiestas y tradiciones - Manzanares el Real","isPartOf":{"@id":"https:\/\/manzanareselreal.org\/es\/#website"},"primaryImageOfPage":{"@id":"https:\/\/manzanareselreal.org\/es\/fiestas-manzanares-el-real-agenda-de-fiestas-y-eventos\/#primaryimage"},"image":{"@id":"https:\/\/manzanareselreal.org\/es\/fiestas-manzanares-el-real-agenda-de-fiestas-y-eventos\/#primaryimage"},"thumbnailUrl":"https:\/\/manzanareselreal.org\/wp-content\/uploads\/2025\/09\/Fiestas-Virgen-de-la-Pena-Sacra_Img3.jpg","datePublished":"2025-09-18T15:40:36+00:00","dateModified":"2025-11-26T09:23:08+00:00","description":"Descubre las fiestas manzanares el real y planifica tu viaje para disfrutar de nuestra tradici\u00f3n, cultura y festividades \u00a1Vis\u00edtanos!","breadcrumb":{"@id":"https:\/\/manzanareselreal.org\/es\/fiestas-manzanares-el-real-agenda-de-fiestas-y-eventos\/#breadcrumb"},"inLanguage":"es","potentialAction":[{"@type":"ReadAction","target":["https:\/\/manzanareselreal.org\/es\/fiestas-manzanares-el-real-agenda-de-fiestas-y-eventos\/"]}]},{"@type":"ImageObject","inLanguage":"es","@id":"https:\/\/manzanareselreal.org\/es\/fiestas-manzanares-el-real-agenda-de-fiestas-y-eventos\/#primaryimage","url":"https:\/\/manzanareselreal.org\/wp-content\/uploads\/2025\/09\/Fiestas-Virgen-de-la-Pena-Sacra_Img3.jpg","contentUrl":"https:\/\/manzanareselreal.org\/wp-content\/uploads\/2025\/09\/Fiestas-Virgen-de-la-Pena-Sacra_Img3.jpg","width":1365,"height":910},{"@type":"BreadcrumbList","@id":"https:\/\/manzanareselreal.org\/es\/fiestas-manzanares-el-real-agenda-de-fiestas-y-eventos\/#breadcrumb","itemListElement":[{"@type":"ListItem","position":1,"name":"Inicio","item":"https:\/\/manzanareselreal.org\/es\/"},{"@type":"ListItem","position":2,"name":"Fiestas y tradiciones"}]},{"@type":"WebSite","@id":"https:\/\/manzanareselreal.org\/es\/#website","url":"https:\/\/manzanareselreal.org\/es\/","name":"Manzanares el Real","description":"En el Parque Nacional de la Sierra de Guadarrama, al pie de La Pedriza, llegar a este municipio de la Sierra Norte es sumergirse en la historia y la naturaleza.","potentialAction":[{"@type":"SearchAction","target":{"@type":"EntryPoint","urlTemplate":"https:\/\/manzanareselreal.org\/es\/?s={search_term_string}"},"query-input":{"@type":"PropertyValueSpecification","valueRequired":true,"valueName":"search_term_string"}}],"inLanguage":"es"}]}},"_links":{"self":[{"href":"https:\/\/manzanareselreal.org\/es\/wp-json\/wp\/v2\/pages\/467","targetHints":{"allow":["GET"]}}],"collection":[{"href":"https:\/\/manzanareselreal.org\/es\/wp-json\/wp\/v2\/pages"}],"about":[{"href":"https:\/\/manzanareselreal.org\/es\/wp-json\/wp\/v2\/types\/page"}],"author":[{"embeddable":true,"href":"https:\/\/manzanareselreal.org\/es\/wp-json\/wp\/v2\/users\/1"}],"replies":[{"embeddable":true,"href":"https:\/\/manzanareselreal.org\/es\/wp-json\/wp\/v2\/comments?post=467"}],"version-history":[{"count":5,"href":"https:\/\/manzanareselreal.org\/es\/wp-json\/wp\/v2\/pages\/467\/revisions"}],"predecessor-version":[{"id":3810,"href":"https:\/\/manzanareselreal.org\/es\/wp-json\/wp\/v2\/pages\/467\/revisions\/3810"}],"wp:featuredmedia":[{"embeddable":true,"href":"https:\/\/manzanareselreal.org\/es\/wp-json\/wp\/v2\/media\/1614"}],"wp:attachment":[{"href":"https:\/\/manzanareselreal.org\/es\/wp-json\/wp\/v2\/media?parent=467"}],"curies":[{"name":"wp","href":"https:\/\/api.w.org\/{rel}","templated":true}]}}