{"id":456,"date":"2025-09-16T21:15:46","date_gmt":"2025-09-16T19:15:46","guid":{"rendered":"https:\/\/openideas.site\/manzanareselreal\/?page_id=456"},"modified":"2025-11-26T09:44:50","modified_gmt":"2025-11-26T08:44:50","slug":"que-hacer-en-manzanares-el-real-turismo-naturaleza-y-cultural","status":"publish","type":"page","link":"https:\/\/manzanareselreal.org\/es\/que-hacer-en-manzanares-el-real-turismo-naturaleza-y-cultural\/","title":{"rendered":"Qu\u00e9 hacer"},"content":{"rendered":"<nav id=\"breadcrumbs\" aria-label=\"Breadcrumbs\"><a href=\"https:\/\/manzanareselreal.org\/es\/\">Inicio<\/a> \/ Qu\u00e9 hacer<\/nav>\r\n<p><img decoding=\"async\" src=\"https:\/\/manzanareselreal.org\/wp-content\/uploads\/2025\/09\/ornament11.png\" alt=\"Manzanares El Real lo tiene todo\" \/><\/p>\r\n<h3>Manzanares El Real lo tiene todo<\/h3>\r\n<p>Turismo de naturaleza, deporte, visitas guiadas a nuestro presente y pasado monumental;<br \/>tanto si necesitas relax como si el cuerpo y el alma te piden aventura&#8230;<br \/>Todo lo encontrar\u00e1s en nuestro pueblo.<\/p>\r\n<p><img decoding=\"async\" title=\"ico-turismo-cultural\" src=\"https:\/\/manzanareselreal.org\/wp-content\/uploads\/2025\/10\/ico-turismo-cultural.png\" alt=\"ico-turismo-cultural\" \/><\/p>\r\n<h3>TURISMO CULTURAL<\/h3>\r\n<p><img decoding=\"async\" title=\"ico-turismo-deportivo\" src=\"https:\/\/manzanareselreal.org\/wp-content\/uploads\/2025\/10\/ico-turismo-deportivo.png\" alt=\"ico-turismo-deportivo\" \/><\/p>\r\n<h3>TURISMO DEPORTIVO<\/h3>\r\n<p><img decoding=\"async\" title=\"ico-turismo-gastronomico\" src=\"https:\/\/manzanareselreal.org\/wp-content\/uploads\/2025\/10\/ico-turismo-gastronomico.png\" alt=\"ico-turismo-gastronomico\" \/><\/p>\r\n<h3>Turismo gastron\u00f3mico<\/h3>\r\n<p><img decoding=\"async\" title=\"mercado-de-artesania\" src=\"https:\/\/manzanareselreal.org\/wp-content\/uploads\/2025\/09\/mercado-de-artesania.webp\" alt=\"mercado-de-artesania\" \/><\/p>\r\n<h3>Mercado de artesania<\/h3>\r\n<p><img decoding=\"async\" title=\"observa\" src=\"https:\/\/manzanareselreal.org\/wp-content\/uploads\/2025\/09\/observa.webp\" alt=\"observa\" \/><\/p>\r\n<h3>Observaci\u00f3n de Aves<\/h3>\r\n<p><img decoding=\"async\" title=\"camino-de-santiago\" src=\"https:\/\/manzanareselreal.org\/wp-content\/uploads\/2025\/10\/camino-de-santiago.png\" alt=\"camino-de-santiago\" \/><\/p>\r\n<h3>CAMINO DE SANTIAGO<\/h3>\r\n<p><img decoding=\"async\" title=\"ico-visitas-virtuales\" src=\"https:\/\/manzanareselreal.org\/wp-content\/uploads\/2025\/10\/ico-visitas-virtuales.png\" alt=\"ico-visitas-virtuales\" \/><\/p>\r\n<h3>Visitas virtuales y recorridos<\/h3>\r\n","protected":false},"excerpt":{"rendered":"<p>Inicio \/ Qu\u00e9 hacer Manzanares El Real lo tiene todo Turismo de naturaleza, deporte, visitas guiadas a nuestro presente y pasado monumental;tanto si necesitas relax como si el cuerpo y el alma te piden aventura&#8230;Todo lo encontrar\u00e1s en nuestro pueblo. TURISMO CULTURAL TURISMO DEPORTIVO Turismo gastron\u00f3mico Mercado de artesania Observaci\u00f3n de Aves CAMINO DE SANTIAGO&hellip;<\/p>\n","protected":false},"author":1,"featured_media":2215,"parent":0,"menu_order":0,"comment_status":"closed","ping_status":"closed","template":"","meta":{"_acf_changed":false,"footnotes":""},"class_list":["post-456","page","type-page","status-publish","format-standard","has-post-thumbnail","hentry"],"acf":[],"yoast_head":"<!-- This site is optimized with the Yoast SEO plugin v27.1.1 - https:\/\/yoast.com\/product\/yoast-seo-wordpress\/ -->\n<title>Qu\u00e9 hacer - Manzanares el Real<\/title>\n<meta name=\"description\" content=\"que hacer en manzanares el real; un destino para hacer rutas, comprar en mercados de artesan\u00eda u observar aves \u00a1 Ven a Manzanares el Real!\" \/>\n<meta name=\"robots\" content=\"index, follow, max-snippet:-1, max-image-preview:large, max-video-preview:-1\" \/>\n<link rel=\"canonical\" href=\"https:\/\/manzanareselreal.org\/es\/que-hacer-en-manzanares-el-real-turismo-naturaleza-y-cultural\/\" \/>\n<meta property=\"og:locale\" content=\"es_ES\" \/>\n<meta property=\"og:type\" content=\"article\" \/>\n<meta property=\"og:title\" content=\"Qu\u00e9 hacer - Manzanares el Real\" \/>\n<meta property=\"og:description\" content=\"que hacer en manzanares el real; un destino para hacer rutas, comprar en mercados de artesan\u00eda u observar aves \u00a1 Ven a Manzanares el Real!\" \/>\n<meta property=\"og:url\" content=\"https:\/\/manzanareselreal.org\/es\/que-hacer-en-manzanares-el-real-turismo-naturaleza-y-cultural\/\" \/>\n<meta property=\"og:site_name\" content=\"Manzanares el Real\" \/>\n<meta property=\"article:modified_time\" content=\"2025-11-26T08:44:50+00:00\" \/>\n<meta property=\"og:image\" content=\"https:\/\/manzanareselreal.org\/wp-content\/uploads\/2025\/10\/header-que-hacer.jpg\" \/>\n\t<meta property=\"og:image:width\" content=\"1440\" \/>\n\t<meta property=\"og:image:height\" content=\"370\" \/>\n\t<meta property=\"og:image:type\" content=\"image\/jpeg\" \/>\n<meta name=\"twitter:card\" content=\"summary_large_image\" \/>\n<meta name=\"twitter:label1\" content=\"Tiempo de lectura\" \/>\n\t<meta name=\"twitter:data1\" content=\"2 minutos\" \/>\n<script type=\"application\/ld+json\" class=\"yoast-schema-graph\">{\"@context\":\"https:\/\/schema.org\",\"@graph\":[{\"@type\":\"WebPage\",\"@id\":\"https:\/\/manzanareselreal.org\/es\/que-hacer-en-manzanares-el-real-turismo-naturaleza-y-cultural\/\",\"url\":\"https:\/\/manzanareselreal.org\/es\/que-hacer-en-manzanares-el-real-turismo-naturaleza-y-cultural\/\",\"name\":\"Qu\u00e9 hacer - Manzanares el Real\",\"isPartOf\":{\"@id\":\"https:\/\/manzanareselreal.org\/es\/#website\"},\"primaryImageOfPage\":{\"@id\":\"https:\/\/manzanareselreal.org\/es\/que-hacer-en-manzanares-el-real-turismo-naturaleza-y-cultural\/#primaryimage\"},\"image\":{\"@id\":\"https:\/\/manzanareselreal.org\/es\/que-hacer-en-manzanares-el-real-turismo-naturaleza-y-cultural\/#primaryimage\"},\"thumbnailUrl\":\"https:\/\/manzanareselreal.org\/wp-content\/uploads\/2025\/10\/header-que-hacer.jpg\",\"datePublished\":\"2025-09-16T19:15:46+00:00\",\"dateModified\":\"2025-11-26T08:44:50+00:00\",\"description\":\"que hacer en manzanares el real; un destino para hacer rutas, comprar en mercados de artesan\u00eda u observar aves \u00a1 Ven a Manzanares el Real!\",\"breadcrumb\":{\"@id\":\"https:\/\/manzanareselreal.org\/es\/que-hacer-en-manzanares-el-real-turismo-naturaleza-y-cultural\/#breadcrumb\"},\"inLanguage\":\"es\",\"potentialAction\":[{\"@type\":\"ReadAction\",\"target\":[\"https:\/\/manzanareselreal.org\/es\/que-hacer-en-manzanares-el-real-turismo-naturaleza-y-cultural\/\"]}]},{\"@type\":\"ImageObject\",\"inLanguage\":\"es\",\"@id\":\"https:\/\/manzanareselreal.org\/es\/que-hacer-en-manzanares-el-real-turismo-naturaleza-y-cultural\/#primaryimage\",\"url\":\"https:\/\/manzanareselreal.org\/wp-content\/uploads\/2025\/10\/header-que-hacer.jpg\",\"contentUrl\":\"https:\/\/manzanareselreal.org\/wp-content\/uploads\/2025\/10\/header-que-hacer.jpg\",\"width\":1440,\"height\":370},{\"@type\":\"BreadcrumbList\",\"@id\":\"https:\/\/manzanareselreal.org\/es\/que-hacer-en-manzanares-el-real-turismo-naturaleza-y-cultural\/#breadcrumb\",\"itemListElement\":[{\"@type\":\"ListItem\",\"position\":1,\"name\":\"Inicio\",\"item\":\"https:\/\/manzanareselreal.org\/es\/\"},{\"@type\":\"ListItem\",\"position\":2,\"name\":\"Qu\u00e9 hacer\"}]},{\"@type\":\"WebSite\",\"@id\":\"https:\/\/manzanareselreal.org\/es\/#website\",\"url\":\"https:\/\/manzanareselreal.org\/es\/\",\"name\":\"Manzanares el Real\",\"description\":\"En el Parque Nacional de la Sierra de Guadarrama, al pie de La Pedriza, llegar a este municipio de la Sierra Norte es sumergirse en la historia y la naturaleza.\",\"potentialAction\":[{\"@type\":\"SearchAction\",\"target\":{\"@type\":\"EntryPoint\",\"urlTemplate\":\"https:\/\/manzanareselreal.org\/es\/?s={search_term_string}\"},\"query-input\":{\"@type\":\"PropertyValueSpecification\",\"valueRequired\":true,\"valueName\":\"search_term_string\"}}],\"inLanguage\":\"es\"}]}<\/script>\n<!-- \/ Yoast SEO plugin. -->","yoast_head_json":{"title":"Qu\u00e9 hacer - Manzanares el Real","description":"que hacer en manzanares el real; un destino para hacer rutas, comprar en mercados de artesan\u00eda u observar aves \u00a1 Ven a Manzanares el Real!","robots":{"index":"index","follow":"follow","max-snippet":"max-snippet:-1","max-image-preview":"max-image-preview:large","max-video-preview":"max-video-preview:-1"},"canonical":"https:\/\/manzanareselreal.org\/es\/que-hacer-en-manzanares-el-real-turismo-naturaleza-y-cultural\/","og_locale":"es_ES","og_type":"article","og_title":"Qu\u00e9 hacer - Manzanares el Real","og_description":"que hacer en manzanares el real; un destino para hacer rutas, comprar en mercados de artesan\u00eda u observar aves \u00a1 Ven a Manzanares el Real!","og_url":"https:\/\/manzanareselreal.org\/es\/que-hacer-en-manzanares-el-real-turismo-naturaleza-y-cultural\/","og_site_name":"Manzanares el Real","article_modified_time":"2025-11-26T08:44:50+00:00","og_image":[{"width":1440,"height":370,"url":"https:\/\/manzanareselreal.org\/wp-content\/uploads\/2025\/10\/header-que-hacer.jpg","type":"image\/jpeg"}],"twitter_card":"summary_large_image","twitter_misc":{"Tiempo de lectura":"2 minutos"},"schema":{"@context":"https:\/\/schema.org","@graph":[{"@type":"WebPage","@id":"https:\/\/manzanareselreal.org\/es\/que-hacer-en-manzanares-el-real-turismo-naturaleza-y-cultural\/","url":"https:\/\/manzanareselreal.org\/es\/que-hacer-en-manzanares-el-real-turismo-naturaleza-y-cultural\/","name":"Qu\u00e9 hacer - Manzanares el Real","isPartOf":{"@id":"https:\/\/manzanareselreal.org\/es\/#website"},"primaryImageOfPage":{"@id":"https:\/\/manzanareselreal.org\/es\/que-hacer-en-manzanares-el-real-turismo-naturaleza-y-cultural\/#primaryimage"},"image":{"@id":"https:\/\/manzanareselreal.org\/es\/que-hacer-en-manzanares-el-real-turismo-naturaleza-y-cultural\/#primaryimage"},"thumbnailUrl":"https:\/\/manzanareselreal.org\/wp-content\/uploads\/2025\/10\/header-que-hacer.jpg","datePublished":"2025-09-16T19:15:46+00:00","dateModified":"2025-11-26T08:44:50+00:00","description":"que hacer en manzanares el real; un destino para hacer rutas, comprar en mercados de artesan\u00eda u observar aves \u00a1 Ven a Manzanares el Real!","breadcrumb":{"@id":"https:\/\/manzanareselreal.org\/es\/que-hacer-en-manzanares-el-real-turismo-naturaleza-y-cultural\/#breadcrumb"},"inLanguage":"es","potentialAction":[{"@type":"ReadAction","target":["https:\/\/manzanareselreal.org\/es\/que-hacer-en-manzanares-el-real-turismo-naturaleza-y-cultural\/"]}]},{"@type":"ImageObject","inLanguage":"es","@id":"https:\/\/manzanareselreal.org\/es\/que-hacer-en-manzanares-el-real-turismo-naturaleza-y-cultural\/#primaryimage","url":"https:\/\/manzanareselreal.org\/wp-content\/uploads\/2025\/10\/header-que-hacer.jpg","contentUrl":"https:\/\/manzanareselreal.org\/wp-content\/uploads\/2025\/10\/header-que-hacer.jpg","width":1440,"height":370},{"@type":"BreadcrumbList","@id":"https:\/\/manzanareselreal.org\/es\/que-hacer-en-manzanares-el-real-turismo-naturaleza-y-cultural\/#breadcrumb","itemListElement":[{"@type":"ListItem","position":1,"name":"Inicio","item":"https:\/\/manzanareselreal.org\/es\/"},{"@type":"ListItem","position":2,"name":"Qu\u00e9 hacer"}]},{"@type":"WebSite","@id":"https:\/\/manzanareselreal.org\/es\/#website","url":"https:\/\/manzanareselreal.org\/es\/","name":"Manzanares el Real","description":"En el Parque Nacional de la Sierra de Guadarrama, al pie de La Pedriza, llegar a este municipio de la Sierra Norte es sumergirse en la historia y la naturaleza.","potentialAction":[{"@type":"SearchAction","target":{"@type":"EntryPoint","urlTemplate":"https:\/\/manzanareselreal.org\/es\/?s={search_term_string}"},"query-input":{"@type":"PropertyValueSpecification","valueRequired":true,"valueName":"search_term_string"}}],"inLanguage":"es"}]}},"_links":{"self":[{"href":"https:\/\/manzanareselreal.org\/es\/wp-json\/wp\/v2\/pages\/456","targetHints":{"allow":["GET"]}}],"collection":[{"href":"https:\/\/manzanareselreal.org\/es\/wp-json\/wp\/v2\/pages"}],"about":[{"href":"https:\/\/manzanareselreal.org\/es\/wp-json\/wp\/v2\/types\/page"}],"author":[{"embeddable":true,"href":"https:\/\/manzanareselreal.org\/es\/wp-json\/wp\/v2\/users\/1"}],"replies":[{"embeddable":true,"href":"https:\/\/manzanareselreal.org\/es\/wp-json\/wp\/v2\/comments?post=456"}],"version-history":[{"count":13,"href":"https:\/\/manzanareselreal.org\/es\/wp-json\/wp\/v2\/pages\/456\/revisions"}],"predecessor-version":[{"id":3806,"href":"https:\/\/manzanareselreal.org\/es\/wp-json\/wp\/v2\/pages\/456\/revisions\/3806"}],"wp:featuredmedia":[{"embeddable":true,"href":"https:\/\/manzanareselreal.org\/es\/wp-json\/wp\/v2\/media\/2215"}],"wp:attachment":[{"href":"https:\/\/manzanareselreal.org\/es\/wp-json\/wp\/v2\/media?parent=456"}],"curies":[{"name":"wp","href":"https:\/\/api.w.org\/{rel}","templated":true}]}}