{"id":448,"date":"2025-09-16T21:00:05","date_gmt":"2025-09-16T19:00:05","guid":{"rendered":"https:\/\/openideas.site\/manzanareselreal\/?page_id=448"},"modified":"2025-09-16T21:01:04","modified_gmt":"2025-09-16T19:01:04","slug":"politica-de-cookies","status":"publish","type":"page","link":"https:\/\/manzanareselreal.org\/es\/politica-de-cookies\/","title":{"rendered":"Pol\u00edtica de Cookies"},"content":{"rendered":"\n\n\t<nav id=\"breadcrumbs\" aria-label=\"Breadcrumbs\"><a href=\"https:\/\/manzanareselreal.org\/es\/\">Inicio<\/a> \/ Pol\u00edtica de Cookies<\/nav>\n\t<p>El sitio web manzanareselreal.org utiliza cookies, tanto propias como de terceros, con el objeto de recopilar informaci\u00f3n estad\u00edstica sobre su navegaci\u00f3n y sus preferencias, generadas a partir de sus pautas de interacci\u00f3n con la Web.<\/p>\n<p>Si contin\u00faa navegando, consideramos que acepta su uso.<\/p>\n<h3>Definici\u00f3n de cookie<\/h3>\n<p>Se puede definir como cookie aquel archivo que se puede instalar en un ordenador. Sus funciones pueden ser muy variadas, las principales son: almacenar sus preferencias de navegaci\u00f3n y recopilar informaci\u00f3n estad\u00edstica.<\/p>\n<h3>La utilidad de las cookies<\/h3>\n<p>En primer lugar, las cookies son \u00fatiles porque permiten que las p\u00e1ginas Web funcionen de forma m\u00e1s \u00e1gil y adaptada a las preferencias de los internautas. Un ejemplo, en este sentido, ofrece la posibilidad de almacenar el idioma de cada internauta. En segundo lugar, permiten tener un registro estad\u00edstico de las p\u00e1ginas visitadas, su frecuencia, el tiempo pasado en el sitio y un largo etc\u00e9tera que se recogen a trav\u00e9s de ellas.<\/p>\n<h3>Configurar las cookies<\/h3>\n<p>Es posible permitir, aceptar, bloquear o eliminar las cookies instaladas en su dispositivo mediante la configuraci\u00f3n de las opciones del navegador de Internet. A continuaci\u00f3n, enlazamos con la informaci\u00f3n suministrada por los navegadores m\u00e1s utilizados:<\/p>\n<ul>\n<li><a href=\"http:\/\/support.mozilla.org\/es\/kb\/habilitar-y-deshabilitar-cookies-que-los-sitios-we\" target=\"_blank\" rel=\"nofollow\">Firefox<\/a><\/li>\n<li><a href=\"http:\/\/support.apple.com\/kb\/ph5042\" target=\"_blank\" rel=\"nofollow\">Safari<\/a><\/li>\n<li><a href=\"https:\/\/support.google.com\/chrome\/answer\/2392971?hl=es\" target=\"_blank\" rel=\"nofollow\">Chrome<\/a><\/li>\n<li><a href=\"https:\/\/support.microsoft.com\/es-es\/help\/17442\/windows-internet-explorer-delete-manage-cookies\" target=\"_blank\" rel=\"nofollow\">Explorer<\/a><\/li>\n<\/ul>\n\n","protected":false},"excerpt":{"rendered":"<p>Inicio \/ Pol\u00edtica de Cookies El sitio web manzanareselreal.org utiliza cookies, tanto propias como de terceros, con el objeto de recopilar informaci\u00f3n estad\u00edstica sobre su navegaci\u00f3n y sus preferencias, generadas a partir de sus pautas de interacci\u00f3n con la Web. Si contin\u00faa navegando, consideramos que acepta su uso. Definici\u00f3n de cookie Se puede definir como&hellip;<\/p>\n","protected":false},"author":1,"featured_media":0,"parent":0,"menu_order":0,"comment_status":"closed","ping_status":"open","template":"","meta":{"_acf_changed":false,"footnotes":""},"class_list":["post-448","page","type-page","status-publish","format-standard","hentry"],"acf":[],"yoast_head":"<!-- This site is optimized with the Yoast SEO plugin v27.1.1 - https:\/\/yoast.com\/product\/yoast-seo-wordpress\/ -->\n<title>Pol\u00edtica de Cookies - Manzanares el Real<\/title>\n<meta name=\"robots\" content=\"index, follow, max-snippet:-1, max-image-preview:large, max-video-preview:-1\" \/>\n<link rel=\"canonical\" href=\"https:\/\/manzanareselreal.org\/es\/politica-de-cookies\/\" \/>\n<meta property=\"og:locale\" content=\"es_ES\" \/>\n<meta property=\"og:type\" content=\"article\" \/>\n<meta property=\"og:title\" content=\"Pol\u00edtica de Cookies - Manzanares el Real\" \/>\n<meta property=\"og:description\" content=\"Inicio \/ Pol\u00edtica de Cookies El sitio web manzanareselreal.org utiliza cookies, tanto propias como de terceros, con el objeto de recopilar informaci\u00f3n estad\u00edstica sobre su navegaci\u00f3n y sus preferencias, generadas a partir de sus pautas de interacci\u00f3n con la Web. Si contin\u00faa navegando, consideramos que acepta su uso. Definici\u00f3n de cookie Se puede definir como&hellip;\" \/>\n<meta property=\"og:url\" content=\"https:\/\/manzanareselreal.org\/es\/politica-de-cookies\/\" \/>\n<meta property=\"og:site_name\" content=\"Manzanares el Real\" \/>\n<meta property=\"article:modified_time\" content=\"2025-09-16T19:01:04+00:00\" \/>\n<meta name=\"twitter:card\" content=\"summary_large_image\" \/>\n<meta name=\"twitter:label1\" content=\"Tiempo de lectura\" \/>\n\t<meta name=\"twitter:data1\" content=\"8 minutos\" \/>\n<script type=\"application\/ld+json\" class=\"yoast-schema-graph\">{\"@context\":\"https:\/\/schema.org\",\"@graph\":[{\"@type\":\"WebPage\",\"@id\":\"https:\/\/manzanareselreal.org\/es\/politica-de-cookies\/\",\"url\":\"https:\/\/manzanareselreal.org\/es\/politica-de-cookies\/\",\"name\":\"Pol\u00edtica de Cookies - Manzanares el Real\",\"isPartOf\":{\"@id\":\"https:\/\/manzanareselreal.org\/es\/#website\"},\"datePublished\":\"2025-09-16T19:00:05+00:00\",\"dateModified\":\"2025-09-16T19:01:04+00:00\",\"breadcrumb\":{\"@id\":\"https:\/\/manzanareselreal.org\/es\/politica-de-cookies\/#breadcrumb\"},\"inLanguage\":\"es\",\"potentialAction\":[{\"@type\":\"ReadAction\",\"target\":[\"https:\/\/manzanareselreal.org\/es\/politica-de-cookies\/\"]}]},{\"@type\":\"BreadcrumbList\",\"@id\":\"https:\/\/manzanareselreal.org\/es\/politica-de-cookies\/#breadcrumb\",\"itemListElement\":[{\"@type\":\"ListItem\",\"position\":1,\"name\":\"Inicio\",\"item\":\"https:\/\/manzanareselreal.org\/es\/\"},{\"@type\":\"ListItem\",\"position\":2,\"name\":\"Pol\u00edtica de Cookies\"}]},{\"@type\":\"WebSite\",\"@id\":\"https:\/\/manzanareselreal.org\/es\/#website\",\"url\":\"https:\/\/manzanareselreal.org\/es\/\",\"name\":\"Manzanares el Real\",\"description\":\"En el Parque Nacional de la Sierra de Guadarrama, al pie de La Pedriza, llegar a este municipio de la Sierra Norte es sumergirse en la historia y la naturaleza.\",\"potentialAction\":[{\"@type\":\"SearchAction\",\"target\":{\"@type\":\"EntryPoint\",\"urlTemplate\":\"https:\/\/manzanareselreal.org\/es\/?s={search_term_string}\"},\"query-input\":{\"@type\":\"PropertyValueSpecification\",\"valueRequired\":true,\"valueName\":\"search_term_string\"}}],\"inLanguage\":\"es\"}]}<\/script>\n<!-- \/ Yoast SEO plugin. -->","yoast_head_json":{"title":"Pol\u00edtica de Cookies - Manzanares el Real","robots":{"index":"index","follow":"follow","max-snippet":"max-snippet:-1","max-image-preview":"max-image-preview:large","max-video-preview":"max-video-preview:-1"},"canonical":"https:\/\/manzanareselreal.org\/es\/politica-de-cookies\/","og_locale":"es_ES","og_type":"article","og_title":"Pol\u00edtica de Cookies - Manzanares el Real","og_description":"Inicio \/ Pol\u00edtica de Cookies El sitio web manzanareselreal.org utiliza cookies, tanto propias como de terceros, con el objeto de recopilar informaci\u00f3n estad\u00edstica sobre su navegaci\u00f3n y sus preferencias, generadas a partir de sus pautas de interacci\u00f3n con la Web. Si contin\u00faa navegando, consideramos que acepta su uso. Definici\u00f3n de cookie Se puede definir como&hellip;","og_url":"https:\/\/manzanareselreal.org\/es\/politica-de-cookies\/","og_site_name":"Manzanares el Real","article_modified_time":"2025-09-16T19:01:04+00:00","twitter_card":"summary_large_image","twitter_misc":{"Tiempo de lectura":"8 minutos"},"schema":{"@context":"https:\/\/schema.org","@graph":[{"@type":"WebPage","@id":"https:\/\/manzanareselreal.org\/es\/politica-de-cookies\/","url":"https:\/\/manzanareselreal.org\/es\/politica-de-cookies\/","name":"Pol\u00edtica de Cookies - Manzanares el Real","isPartOf":{"@id":"https:\/\/manzanareselreal.org\/es\/#website"},"datePublished":"2025-09-16T19:00:05+00:00","dateModified":"2025-09-16T19:01:04+00:00","breadcrumb":{"@id":"https:\/\/manzanareselreal.org\/es\/politica-de-cookies\/#breadcrumb"},"inLanguage":"es","potentialAction":[{"@type":"ReadAction","target":["https:\/\/manzanareselreal.org\/es\/politica-de-cookies\/"]}]},{"@type":"BreadcrumbList","@id":"https:\/\/manzanareselreal.org\/es\/politica-de-cookies\/#breadcrumb","itemListElement":[{"@type":"ListItem","position":1,"name":"Inicio","item":"https:\/\/manzanareselreal.org\/es\/"},{"@type":"ListItem","position":2,"name":"Pol\u00edtica de Cookies"}]},{"@type":"WebSite","@id":"https:\/\/manzanareselreal.org\/es\/#website","url":"https:\/\/manzanareselreal.org\/es\/","name":"Manzanares el Real","description":"En el Parque Nacional de la Sierra de Guadarrama, al pie de La Pedriza, llegar a este municipio de la Sierra Norte es sumergirse en la historia y la naturaleza.","potentialAction":[{"@type":"SearchAction","target":{"@type":"EntryPoint","urlTemplate":"https:\/\/manzanareselreal.org\/es\/?s={search_term_string}"},"query-input":{"@type":"PropertyValueSpecification","valueRequired":true,"valueName":"search_term_string"}}],"inLanguage":"es"}]}},"_links":{"self":[{"href":"https:\/\/manzanareselreal.org\/es\/wp-json\/wp\/v2\/pages\/448","targetHints":{"allow":["GET"]}}],"collection":[{"href":"https:\/\/manzanareselreal.org\/es\/wp-json\/wp\/v2\/pages"}],"about":[{"href":"https:\/\/manzanareselreal.org\/es\/wp-json\/wp\/v2\/types\/page"}],"author":[{"embeddable":true,"href":"https:\/\/manzanareselreal.org\/es\/wp-json\/wp\/v2\/users\/1"}],"replies":[{"embeddable":true,"href":"https:\/\/manzanareselreal.org\/es\/wp-json\/wp\/v2\/comments?post=448"}],"version-history":[{"count":2,"href":"https:\/\/manzanareselreal.org\/es\/wp-json\/wp\/v2\/pages\/448\/revisions"}],"predecessor-version":[{"id":451,"href":"https:\/\/manzanareselreal.org\/es\/wp-json\/wp\/v2\/pages\/448\/revisions\/451"}],"wp:attachment":[{"href":"https:\/\/manzanareselreal.org\/es\/wp-json\/wp\/v2\/media?parent=448"}],"curies":[{"name":"wp","href":"https:\/\/api.w.org\/{rel}","templated":true}]}}