{"id":399,"date":"2025-09-16T17:54:07","date_gmt":"2025-09-16T15:54:07","guid":{"rendered":"https:\/\/openideas.site\/manzanareselreal\/?page_id=399"},"modified":"2026-02-11T14:55:59","modified_gmt":"2026-02-11T13:55:59","slug":"arte-y-cultura-manzanares-el-real","status":"publish","type":"page","link":"https:\/\/manzanareselreal.org\/es\/arte-y-cultura-manzanares-el-real\/","title":{"rendered":"Arte y cultura"},"content":{"rendered":"\r\n<h1>Arte y cultura<\/h1>\r\n<nav id=\"breadcrumbs\" aria-label=\"Breadcrumbs\"><a href=\"https:\/\/manzanareselreal.org\/es\/\">Inicio<\/a> \/ Arte y cultura<\/nav>\r\n<p><img decoding=\"async\" src=\"https:\/\/manzanareselreal.org\/wp-content\/uploads\/2025\/09\/icon-20.png\" alt=\"Nuestra identidad\" \/><\/p>\r\n<h3>Nuestra identidad<\/h3>\r\n<p><em>pasada y presente todo ello pervive a trav\u00e9s de la cultura de<br \/>Manzanares El Real, su exposici\u00f3n en las artes visuales y esc\u00e9nicas, y<br \/>nuestros eventos especiales que se han convertido en s\u00edmbolos de nuestro municipio.<\/em><\/p>\r\n<h3>Un pueblo de cine<\/h3>\r\n<p>Desde 1935, Manzanares El Real ha sido el entorno elegido para el rodaje de numerosas e inolvidables superproducciones cinematogr\u00e1ficas, entre las que cabe destacar\u00a0<em>El Cid<\/em>,\u00a0<em>Jerom\u00edn<\/em>,\u00a0<em>Alejandro Magno<\/em>,\u00a0<em>La ca\u00edda del Imperio Romano<\/em>\u00a0o\u00a0<em>Conan El B\u00e1rbaro. <\/em><\/p>\r\n<p>Entre las m\u00e1s de 100 grabaciones, reconocidos personajes han pisado Manzanares El Real, como Fernando Fern\u00e1n G\u00f3mez, Carmen Sevilla, Sara Montiel, Clint Eastwood, Concha Velasco, Roc\u00edo D\u00farcal, Sof\u00eda Loren o Arnold Schwarzenegger.<\/p>\r\n<p>Especialmente importante es el paraje conocido como \u00abEl Rodaje\u00bb, espacio natural afincado entre los roquedos de El Canchal y El Rinc\u00f3n, que suben hasta El Yelmo. Fue el lugar predilecto para el rodaje de grandes superproducciones de\u00a0<em>western<\/em>\u00a0italoamericano, donde a\u00fan se conservan algunas de sus estructuras y decorados de\u00a0<em>attrezzo<\/em>.<\/p>\r\n<p>El r\u00edo Manzanares, La Pedriza, el Castillo Nuevo de los Mendoza o el Embalse de Santillana han sido algo m\u00e1s que los &#8216;actores de reparto&#8217; que han quedado impresos en la simpar historia del S\u00e9ptimo Arte.<\/p>\r\n<p>Por su importancia en el municipio, desde los 60 se abri\u00f3 la sala de cine del municipio, que se situar\u00eda en el antiguo Parador, y que hoy sigue hospedando la sala municipal <em>El Rodaje<\/em>, en honor al importante paisaje manzanariego.<\/p>\r\n<p>Adem\u00e1s, se puede disfrutar de este legado en la Sala de Exposiciones \u00abUn pueblo de cine\u00bb en el Museo Etnol\u00f3gico y Arqueol\u00f3gico gracias al apoyo de Alfonso Pozuelo Ruano y la Asociaci\u00f3n Cultural El Real de Manzanares.<\/p>\r\n<p><a href=\"https:\/\/cine.elrealdemanzanares.org\/\" target=\"_blank\" rel=\"noopener\"> cine de la asociaci\u00f3n cultural <\/a><\/p>\r\n<p>En la valla que rodea Prado Puente se ha instalado una exposici\u00f3n de fotograf\u00edas a gran tama\u00f1o para fomentar el arte al aire libre.<\/p>\r\n<p>Retrospectivas de artistas, fotoperiodismo, belleza animal, las ganadoras de los concursos de fotograf\u00eda en torno al Festival La Pedriza. Cine,\u00a0Monta\u00f1a y Aventura, exposiciones tem\u00e1ticas\u2026 Una multitud de tem\u00e1ticas que se muestran en Prado Puente en forma de exposiciones temporales.<\/p>\r\n<p>Ven a visitarla, no te defraudar\u00e1.<\/p>\r\n<p><a target=\"_blank\" rel=\"noopener\"> Descubre m\u00e1s <\/a><\/p>\r\n<h3>Exposiciones fotogr\u00e1ficas<\/h3>\r\n<h3>Eventos Culturales<\/h3>\r\n<p>La cultura se vive a trav\u00e9s de las calles de Manzanares El Real. Preparamos m\u00faltiples eventos a lo largo del a\u00f1o, de la mano de nuestros vecinos, que enriquecer\u00e1n tu visita a nuestra villa, como las representaciones y producciones en la Sala \u00abEl Rodaje\u00bb de nuestro antiguo parador hist\u00f3rico, o el popular Festival La Pedriza de cine y monta\u00f1a.<\/p>\r\n<p>Para ver los eventos pasados y en curso, \u00e9chale un vistazo a nuestras agendas.<\/p>\r\n<p><a href=\"https:\/\/manzanareselreal.org\/es\/agenda\/\" target=\"_self\"> Actualidad <\/a><\/p>\r\n","protected":false},"excerpt":{"rendered":"<p>Arte y cultura Inicio \/ Arte y cultura Nuestra identidad pasada y presente todo ello pervive a trav\u00e9s de la cultura deManzanares El Real, su exposici\u00f3n en las artes visuales y esc\u00e9nicas, ynuestros eventos especiales que se han convertido en s\u00edmbolos de nuestro municipio. Un pueblo de cine Desde 1935, Manzanares El Real ha sido&hellip;<\/p>\n","protected":false},"author":1,"featured_media":1612,"parent":0,"menu_order":0,"comment_status":"closed","ping_status":"closed","template":"","meta":{"_acf_changed":false,"footnotes":""},"class_list":["post-399","page","type-page","status-publish","format-standard","has-post-thumbnail","hentry"],"acf":[],"yoast_head":"<!-- This site is optimized with the Yoast SEO plugin v27.1.1 - https:\/\/yoast.com\/product\/yoast-seo-wordpress\/ -->\n<title>manzanares el real iglesia - turismo tradici\u00f3n<\/title>\n<meta name=\"description\" content=\"Respira cultura y tradici\u00f3n desde manzanares el real y su Iglesia. Haz de tu viaje una experiencia \u00fanica \u00a1Inf\u00f3rmate en nuestra web!\" \/>\n<meta name=\"robots\" content=\"index, follow, max-snippet:-1, max-image-preview:large, max-video-preview:-1\" \/>\n<link rel=\"canonical\" href=\"https:\/\/manzanareselreal.org\/es\/arte-y-cultura-manzanares-el-real\/\" \/>\n<meta property=\"og:locale\" content=\"es_ES\" \/>\n<meta property=\"og:type\" content=\"article\" \/>\n<meta property=\"og:title\" content=\"manzanares el real iglesia - turismo tradici\u00f3n\" \/>\n<meta property=\"og:description\" content=\"Respira cultura y tradici\u00f3n desde manzanares el real y su Iglesia. Haz de tu viaje una experiencia \u00fanica \u00a1Inf\u00f3rmate en nuestra web!\" \/>\n<meta property=\"og:url\" content=\"https:\/\/manzanareselreal.org\/es\/arte-y-cultura-manzanares-el-real\/\" \/>\n<meta property=\"og:site_name\" content=\"Manzanares el Real\" \/>\n<meta property=\"article:modified_time\" content=\"2026-02-11T13:55:59+00:00\" \/>\n<meta property=\"og:image\" content=\"https:\/\/manzanareselreal.org\/wp-content\/uploads\/2025\/09\/09.jpg\" \/>\n\t<meta property=\"og:image:width\" content=\"1440\" \/>\n\t<meta property=\"og:image:height\" content=\"370\" \/>\n\t<meta property=\"og:image:type\" content=\"image\/jpeg\" \/>\n<meta name=\"twitter:card\" content=\"summary_large_image\" \/>\n<meta name=\"twitter:label1\" content=\"Tiempo de lectura\" \/>\n\t<meta name=\"twitter:data1\" content=\"3 minutos\" \/>\n<script type=\"application\/ld+json\" class=\"yoast-schema-graph\">{\"@context\":\"https:\/\/schema.org\",\"@graph\":[{\"@type\":\"WebPage\",\"@id\":\"https:\/\/manzanareselreal.org\/es\/arte-y-cultura-manzanares-el-real\/\",\"url\":\"https:\/\/manzanareselreal.org\/es\/arte-y-cultura-manzanares-el-real\/\",\"name\":\"manzanares el real iglesia - turismo tradici\u00f3n\",\"isPartOf\":{\"@id\":\"https:\/\/manzanareselreal.org\/es\/#website\"},\"primaryImageOfPage\":{\"@id\":\"https:\/\/manzanareselreal.org\/es\/arte-y-cultura-manzanares-el-real\/#primaryimage\"},\"image\":{\"@id\":\"https:\/\/manzanareselreal.org\/es\/arte-y-cultura-manzanares-el-real\/#primaryimage\"},\"thumbnailUrl\":\"https:\/\/manzanareselreal.org\/wp-content\/uploads\/2025\/09\/09.jpg\",\"datePublished\":\"2025-09-16T15:54:07+00:00\",\"dateModified\":\"2026-02-11T13:55:59+00:00\",\"description\":\"Respira cultura y tradici\u00f3n desde manzanares el real y su Iglesia. Haz de tu viaje una experiencia \u00fanica \u00a1Inf\u00f3rmate en nuestra web!\",\"breadcrumb\":{\"@id\":\"https:\/\/manzanareselreal.org\/es\/arte-y-cultura-manzanares-el-real\/#breadcrumb\"},\"inLanguage\":\"es\",\"potentialAction\":[{\"@type\":\"ReadAction\",\"target\":[\"https:\/\/manzanareselreal.org\/es\/arte-y-cultura-manzanares-el-real\/\"]}]},{\"@type\":\"ImageObject\",\"inLanguage\":\"es\",\"@id\":\"https:\/\/manzanareselreal.org\/es\/arte-y-cultura-manzanares-el-real\/#primaryimage\",\"url\":\"https:\/\/manzanareselreal.org\/wp-content\/uploads\/2025\/09\/09.jpg\",\"contentUrl\":\"https:\/\/manzanareselreal.org\/wp-content\/uploads\/2025\/09\/09.jpg\",\"width\":1440,\"height\":370},{\"@type\":\"BreadcrumbList\",\"@id\":\"https:\/\/manzanareselreal.org\/es\/arte-y-cultura-manzanares-el-real\/#breadcrumb\",\"itemListElement\":[{\"@type\":\"ListItem\",\"position\":1,\"name\":\"Inicio\",\"item\":\"https:\/\/manzanareselreal.org\/es\/\"},{\"@type\":\"ListItem\",\"position\":2,\"name\":\"Arte y cultura\"}]},{\"@type\":\"WebSite\",\"@id\":\"https:\/\/manzanareselreal.org\/es\/#website\",\"url\":\"https:\/\/manzanareselreal.org\/es\/\",\"name\":\"Manzanares el Real\",\"description\":\"En el Parque Nacional de la Sierra de Guadarrama, al pie de La Pedriza, llegar a este municipio de la Sierra Norte es sumergirse en la historia y la naturaleza.\",\"potentialAction\":[{\"@type\":\"SearchAction\",\"target\":{\"@type\":\"EntryPoint\",\"urlTemplate\":\"https:\/\/manzanareselreal.org\/es\/?s={search_term_string}\"},\"query-input\":{\"@type\":\"PropertyValueSpecification\",\"valueRequired\":true,\"valueName\":\"search_term_string\"}}],\"inLanguage\":\"es\"}]}<\/script>\n<!-- \/ Yoast SEO plugin. -->","yoast_head_json":{"title":"manzanares el real iglesia - turismo tradici\u00f3n","description":"Respira cultura y tradici\u00f3n desde manzanares el real y su Iglesia. Haz de tu viaje una experiencia \u00fanica \u00a1Inf\u00f3rmate en nuestra web!","robots":{"index":"index","follow":"follow","max-snippet":"max-snippet:-1","max-image-preview":"max-image-preview:large","max-video-preview":"max-video-preview:-1"},"canonical":"https:\/\/manzanareselreal.org\/es\/arte-y-cultura-manzanares-el-real\/","og_locale":"es_ES","og_type":"article","og_title":"manzanares el real iglesia - turismo tradici\u00f3n","og_description":"Respira cultura y tradici\u00f3n desde manzanares el real y su Iglesia. Haz de tu viaje una experiencia \u00fanica \u00a1Inf\u00f3rmate en nuestra web!","og_url":"https:\/\/manzanareselreal.org\/es\/arte-y-cultura-manzanares-el-real\/","og_site_name":"Manzanares el Real","article_modified_time":"2026-02-11T13:55:59+00:00","og_image":[{"width":1440,"height":370,"url":"https:\/\/manzanareselreal.org\/wp-content\/uploads\/2025\/09\/09.jpg","type":"image\/jpeg"}],"twitter_card":"summary_large_image","twitter_misc":{"Tiempo de lectura":"3 minutos"},"schema":{"@context":"https:\/\/schema.org","@graph":[{"@type":"WebPage","@id":"https:\/\/manzanareselreal.org\/es\/arte-y-cultura-manzanares-el-real\/","url":"https:\/\/manzanareselreal.org\/es\/arte-y-cultura-manzanares-el-real\/","name":"manzanares el real iglesia - turismo tradici\u00f3n","isPartOf":{"@id":"https:\/\/manzanareselreal.org\/es\/#website"},"primaryImageOfPage":{"@id":"https:\/\/manzanareselreal.org\/es\/arte-y-cultura-manzanares-el-real\/#primaryimage"},"image":{"@id":"https:\/\/manzanareselreal.org\/es\/arte-y-cultura-manzanares-el-real\/#primaryimage"},"thumbnailUrl":"https:\/\/manzanareselreal.org\/wp-content\/uploads\/2025\/09\/09.jpg","datePublished":"2025-09-16T15:54:07+00:00","dateModified":"2026-02-11T13:55:59+00:00","description":"Respira cultura y tradici\u00f3n desde manzanares el real y su Iglesia. Haz de tu viaje una experiencia \u00fanica \u00a1Inf\u00f3rmate en nuestra web!","breadcrumb":{"@id":"https:\/\/manzanareselreal.org\/es\/arte-y-cultura-manzanares-el-real\/#breadcrumb"},"inLanguage":"es","potentialAction":[{"@type":"ReadAction","target":["https:\/\/manzanareselreal.org\/es\/arte-y-cultura-manzanares-el-real\/"]}]},{"@type":"ImageObject","inLanguage":"es","@id":"https:\/\/manzanareselreal.org\/es\/arte-y-cultura-manzanares-el-real\/#primaryimage","url":"https:\/\/manzanareselreal.org\/wp-content\/uploads\/2025\/09\/09.jpg","contentUrl":"https:\/\/manzanareselreal.org\/wp-content\/uploads\/2025\/09\/09.jpg","width":1440,"height":370},{"@type":"BreadcrumbList","@id":"https:\/\/manzanareselreal.org\/es\/arte-y-cultura-manzanares-el-real\/#breadcrumb","itemListElement":[{"@type":"ListItem","position":1,"name":"Inicio","item":"https:\/\/manzanareselreal.org\/es\/"},{"@type":"ListItem","position":2,"name":"Arte y cultura"}]},{"@type":"WebSite","@id":"https:\/\/manzanareselreal.org\/es\/#website","url":"https:\/\/manzanareselreal.org\/es\/","name":"Manzanares el Real","description":"En el Parque Nacional de la Sierra de Guadarrama, al pie de La Pedriza, llegar a este municipio de la Sierra Norte es sumergirse en la historia y la naturaleza.","potentialAction":[{"@type":"SearchAction","target":{"@type":"EntryPoint","urlTemplate":"https:\/\/manzanareselreal.org\/es\/?s={search_term_string}"},"query-input":{"@type":"PropertyValueSpecification","valueRequired":true,"valueName":"search_term_string"}}],"inLanguage":"es"}]}},"_links":{"self":[{"href":"https:\/\/manzanareselreal.org\/es\/wp-json\/wp\/v2\/pages\/399","targetHints":{"allow":["GET"]}}],"collection":[{"href":"https:\/\/manzanareselreal.org\/es\/wp-json\/wp\/v2\/pages"}],"about":[{"href":"https:\/\/manzanareselreal.org\/es\/wp-json\/wp\/v2\/types\/page"}],"author":[{"embeddable":true,"href":"https:\/\/manzanareselreal.org\/es\/wp-json\/wp\/v2\/users\/1"}],"replies":[{"embeddable":true,"href":"https:\/\/manzanareselreal.org\/es\/wp-json\/wp\/v2\/comments?post=399"}],"version-history":[{"count":8,"href":"https:\/\/manzanareselreal.org\/es\/wp-json\/wp\/v2\/pages\/399\/revisions"}],"predecessor-version":[{"id":3906,"href":"https:\/\/manzanareselreal.org\/es\/wp-json\/wp\/v2\/pages\/399\/revisions\/3906"}],"wp:featuredmedia":[{"embeddable":true,"href":"https:\/\/manzanareselreal.org\/es\/wp-json\/wp\/v2\/media\/1612"}],"wp:attachment":[{"href":"https:\/\/manzanareselreal.org\/es\/wp-json\/wp\/v2\/media?parent=399"}],"curies":[{"name":"wp","href":"https:\/\/api.w.org\/{rel}","templated":true}]}}