{"id":3799,"date":"2025-11-25T17:29:58","date_gmt":"2025-11-25T16:29:58","guid":{"rendered":"https:\/\/openideas.site\/manzanareselreal\/?page_id=3799"},"modified":"2025-11-25T17:30:57","modified_gmt":"2025-11-25T16:30:57","slug":"declaracion-de-accesibilidad","status":"publish","type":"page","link":"https:\/\/manzanareselreal.org\/es\/declaracion-de-accesibilidad\/","title":{"rendered":"Declaraci\u00f3n de accesibilidad"},"content":{"rendered":"\n\n\t<nav id=\"breadcrumbs\" aria-label=\"Breadcrumbs\"><a href=\"https:\/\/manzanareselreal.org\/es\/\">Inicio<\/a> \/ Declaraci\u00f3n de accesibilidad<\/nav>\n\t<h3>Informaci\u00f3n general<\/h3>\n<p>El Ayuntamiento de Manzanares el Real se compromete a proporcionar una experiencia web completamente accesible para todos los usuarios de todas las capacidades, incluidos los que dependen de tecnolog\u00edas de asistencia como lectores de pantalla, software de ampliaci\u00f3n de pantalla y dispositivos de entrada de teclado alternativos para navegar por la web.<\/p>\n<h3>Esfuerzos continuos para garantizar la accesibilidad<\/h3>\n<p>Seguimos las Pautas de Accesibilidad de Contenido Web (WCAG) versi\u00f3n 2.1 como nuestro principio rector para determinar la accesibilidad. Estos son est\u00e1ndares internacionalmente aceptados que abarcan una amplia gama de recomendaciones y mejores pr\u00e1cticas para hacer que el contenido sea utilizable. A medida que agregamos nuevas p\u00e1ginas y funcionalidades a nuestro sitio web, todos los dise\u00f1os, c\u00f3digos y pr\u00e1cticas de entrada de contenido se verifican contra estos est\u00e1ndares.<\/p>\n<p>La accesibilidad del sitio web es un proceso continuo. Probamos continuamente el contenido y las funciones para el cumplimiento de WCAG 2.1 Nivel AA y remediamos cualquier problema para asegurarnos de cumplir o superar los est\u00e1ndares.<\/p>\n<h3>Caracter\u00edsticas de accesibilidad en nuestro sitio web<\/h3>\n<p>A continuaci\u00f3n se enumeran los elementos que hemos incluido en nuestro sitio web para mejorar su accesibilidad:<\/p>\n<ul>\n<li><strong>Texto alternativo para las im\u00e1genes<\/strong><\/li>\n<li><strong>Encabezados y subt\u00edtulos para organizar el contenido<\/strong><\/li>\n<li><strong>Formato de texto legible<\/strong><\/li>\n<li><strong>Navegaci\u00f3n con el teclado<\/strong><\/li>\n<li><strong>Colores de alto contraste<\/strong><\/li>\n<\/ul>\n<h3>D\u00f3nde estamos mejorando<\/h3>\n<p>En nuestros esfuerzos por llevar nuestro sitio web a la norma, estamos apuntando a las siguientes \u00e1reas:<\/p>\n<ul>\n<li><strong>Mejorar la compatibilidad con lectores de pantalla<\/strong><\/li>\n<li><strong>Agregar m\u00e1s etiquetas de texto alternativo<\/strong><\/li>\n<li><strong>Mejorar el contraste de color<\/strong><\/li>\n<\/ul>\n<p>Este es parte de nuestro esfuerzo m\u00e1s amplio para hacer que la experiencia de todos sea acogedora y agradable. Tenga en cuenta que, si bien hacemos todo lo posible para proporcionar informaci\u00f3n accesible para todos los usuarios, no podemos garantizar la accesibilidad de los sitios web de terceros a los que podemos vincular.<\/p>\n<h3>Contacto de soporte de accesibilidad<\/h3>\n<p>Agradecemos sus comentarios, preguntas y sugerencias sobre nuestro sitio web. Si est\u00e1 utilizando tecnolog\u00edas de asistencia y tiene problemas para usar nuestro sitio web, llame al tel\u00e9fono 918 780 196. Haremos todo lo posible para ayudarlo a resolver los problemas.<\/p>\n\n","protected":false},"excerpt":{"rendered":"<p>Inicio \/ Declaraci\u00f3n de accesibilidad Informaci\u00f3n general El Ayuntamiento de Manzanares el Real se compromete a proporcionar una experiencia web completamente accesible para todos los usuarios de todas las capacidades, incluidos los que dependen de tecnolog\u00edas de asistencia como lectores de pantalla, software de ampliaci\u00f3n de pantalla y dispositivos de entrada de teclado alternativos para&hellip;<\/p>\n","protected":false},"author":1,"featured_media":0,"parent":0,"menu_order":0,"comment_status":"closed","ping_status":"open","template":"","meta":{"_acf_changed":false,"footnotes":""},"class_list":["post-3799","page","type-page","status-publish","format-standard","hentry"],"acf":[],"yoast_head":"<!-- This site is optimized with the Yoast SEO plugin v27.1.1 - https:\/\/yoast.com\/product\/yoast-seo-wordpress\/ -->\n<title>Declaraci\u00f3n de accesibilidad - Manzanares el Real<\/title>\n<meta name=\"robots\" content=\"index, follow, max-snippet:-1, max-image-preview:large, max-video-preview:-1\" \/>\n<link rel=\"canonical\" href=\"https:\/\/manzanareselreal.org\/es\/declaracion-de-accesibilidad\/\" \/>\n<meta property=\"og:locale\" content=\"es_ES\" \/>\n<meta property=\"og:type\" content=\"article\" \/>\n<meta property=\"og:title\" content=\"Declaraci\u00f3n de accesibilidad - Manzanares el Real\" \/>\n<meta property=\"og:description\" content=\"Inicio \/ Declaraci\u00f3n de accesibilidad Informaci\u00f3n general El Ayuntamiento de Manzanares el Real se compromete a proporcionar una experiencia web completamente accesible para todos los usuarios de todas las capacidades, incluidos los que dependen de tecnolog\u00edas de asistencia como lectores de pantalla, software de ampliaci\u00f3n de pantalla y dispositivos de entrada de teclado alternativos para&hellip;\" \/>\n<meta property=\"og:url\" content=\"https:\/\/manzanareselreal.org\/es\/declaracion-de-accesibilidad\/\" \/>\n<meta property=\"og:site_name\" content=\"Manzanares el Real\" \/>\n<meta property=\"article:modified_time\" content=\"2025-11-25T16:30:57+00:00\" \/>\n<meta name=\"twitter:card\" content=\"summary_large_image\" \/>\n<meta name=\"twitter:label1\" content=\"Tiempo de lectura\" \/>\n\t<meta name=\"twitter:data1\" content=\"1 minuto\" \/>\n<script type=\"application\/ld+json\" class=\"yoast-schema-graph\">{\"@context\":\"https:\/\/schema.org\",\"@graph\":[{\"@type\":\"WebPage\",\"@id\":\"https:\/\/manzanareselreal.org\/es\/declaracion-de-accesibilidad\/\",\"url\":\"https:\/\/manzanareselreal.org\/es\/declaracion-de-accesibilidad\/\",\"name\":\"Declaraci\u00f3n de accesibilidad - Manzanares el Real\",\"isPartOf\":{\"@id\":\"https:\/\/manzanareselreal.org\/es\/#website\"},\"datePublished\":\"2025-11-25T16:29:58+00:00\",\"dateModified\":\"2025-11-25T16:30:57+00:00\",\"breadcrumb\":{\"@id\":\"https:\/\/manzanareselreal.org\/es\/declaracion-de-accesibilidad\/#breadcrumb\"},\"inLanguage\":\"es\",\"potentialAction\":[{\"@type\":\"ReadAction\",\"target\":[\"https:\/\/manzanareselreal.org\/es\/declaracion-de-accesibilidad\/\"]}]},{\"@type\":\"BreadcrumbList\",\"@id\":\"https:\/\/manzanareselreal.org\/es\/declaracion-de-accesibilidad\/#breadcrumb\",\"itemListElement\":[{\"@type\":\"ListItem\",\"position\":1,\"name\":\"Inicio\",\"item\":\"https:\/\/manzanareselreal.org\/es\/\"},{\"@type\":\"ListItem\",\"position\":2,\"name\":\"Declaraci\u00f3n de accesibilidad\"}]},{\"@type\":\"WebSite\",\"@id\":\"https:\/\/manzanareselreal.org\/es\/#website\",\"url\":\"https:\/\/manzanareselreal.org\/es\/\",\"name\":\"Manzanares el Real\",\"description\":\"En el Parque Nacional de la Sierra de Guadarrama, al pie de La Pedriza, llegar a este municipio de la Sierra Norte es sumergirse en la historia y la naturaleza.\",\"potentialAction\":[{\"@type\":\"SearchAction\",\"target\":{\"@type\":\"EntryPoint\",\"urlTemplate\":\"https:\/\/manzanareselreal.org\/es\/?s={search_term_string}\"},\"query-input\":{\"@type\":\"PropertyValueSpecification\",\"valueRequired\":true,\"valueName\":\"search_term_string\"}}],\"inLanguage\":\"es\"}]}<\/script>\n<!-- \/ Yoast SEO plugin. -->","yoast_head_json":{"title":"Declaraci\u00f3n de accesibilidad - Manzanares el Real","robots":{"index":"index","follow":"follow","max-snippet":"max-snippet:-1","max-image-preview":"max-image-preview:large","max-video-preview":"max-video-preview:-1"},"canonical":"https:\/\/manzanareselreal.org\/es\/declaracion-de-accesibilidad\/","og_locale":"es_ES","og_type":"article","og_title":"Declaraci\u00f3n de accesibilidad - Manzanares el Real","og_description":"Inicio \/ Declaraci\u00f3n de accesibilidad Informaci\u00f3n general El Ayuntamiento de Manzanares el Real se compromete a proporcionar una experiencia web completamente accesible para todos los usuarios de todas las capacidades, incluidos los que dependen de tecnolog\u00edas de asistencia como lectores de pantalla, software de ampliaci\u00f3n de pantalla y dispositivos de entrada de teclado alternativos para&hellip;","og_url":"https:\/\/manzanareselreal.org\/es\/declaracion-de-accesibilidad\/","og_site_name":"Manzanares el Real","article_modified_time":"2025-11-25T16:30:57+00:00","twitter_card":"summary_large_image","twitter_misc":{"Tiempo de lectura":"1 minuto"},"schema":{"@context":"https:\/\/schema.org","@graph":[{"@type":"WebPage","@id":"https:\/\/manzanareselreal.org\/es\/declaracion-de-accesibilidad\/","url":"https:\/\/manzanareselreal.org\/es\/declaracion-de-accesibilidad\/","name":"Declaraci\u00f3n de accesibilidad - Manzanares el Real","isPartOf":{"@id":"https:\/\/manzanareselreal.org\/es\/#website"},"datePublished":"2025-11-25T16:29:58+00:00","dateModified":"2025-11-25T16:30:57+00:00","breadcrumb":{"@id":"https:\/\/manzanareselreal.org\/es\/declaracion-de-accesibilidad\/#breadcrumb"},"inLanguage":"es","potentialAction":[{"@type":"ReadAction","target":["https:\/\/manzanareselreal.org\/es\/declaracion-de-accesibilidad\/"]}]},{"@type":"BreadcrumbList","@id":"https:\/\/manzanareselreal.org\/es\/declaracion-de-accesibilidad\/#breadcrumb","itemListElement":[{"@type":"ListItem","position":1,"name":"Inicio","item":"https:\/\/manzanareselreal.org\/es\/"},{"@type":"ListItem","position":2,"name":"Declaraci\u00f3n de accesibilidad"}]},{"@type":"WebSite","@id":"https:\/\/manzanareselreal.org\/es\/#website","url":"https:\/\/manzanareselreal.org\/es\/","name":"Manzanares el Real","description":"En el Parque Nacional de la Sierra de Guadarrama, al pie de La Pedriza, llegar a este municipio de la Sierra Norte es sumergirse en la historia y la naturaleza.","potentialAction":[{"@type":"SearchAction","target":{"@type":"EntryPoint","urlTemplate":"https:\/\/manzanareselreal.org\/es\/?s={search_term_string}"},"query-input":{"@type":"PropertyValueSpecification","valueRequired":true,"valueName":"search_term_string"}}],"inLanguage":"es"}]}},"_links":{"self":[{"href":"https:\/\/manzanareselreal.org\/es\/wp-json\/wp\/v2\/pages\/3799","targetHints":{"allow":["GET"]}}],"collection":[{"href":"https:\/\/manzanareselreal.org\/es\/wp-json\/wp\/v2\/pages"}],"about":[{"href":"https:\/\/manzanareselreal.org\/es\/wp-json\/wp\/v2\/types\/page"}],"author":[{"embeddable":true,"href":"https:\/\/manzanareselreal.org\/es\/wp-json\/wp\/v2\/users\/1"}],"replies":[{"embeddable":true,"href":"https:\/\/manzanareselreal.org\/es\/wp-json\/wp\/v2\/comments?post=3799"}],"version-history":[{"count":3,"href":"https:\/\/manzanareselreal.org\/es\/wp-json\/wp\/v2\/pages\/3799\/revisions"}],"predecessor-version":[{"id":3803,"href":"https:\/\/manzanareselreal.org\/es\/wp-json\/wp\/v2\/pages\/3799\/revisions\/3803"}],"wp:attachment":[{"href":"https:\/\/manzanareselreal.org\/es\/wp-json\/wp\/v2\/media?parent=3799"}],"curies":[{"name":"wp","href":"https:\/\/api.w.org\/{rel}","templated":true}]}}