{"id":3612,"date":"2025-11-05T11:10:22","date_gmt":"2025-11-05T10:10:22","guid":{"rendered":"https:\/\/openideas.site\/manzanareselreal\/mi-cuenta\/"},"modified":"2025-11-11T20:19:12","modified_gmt":"2025-11-11T19:19:12","slug":"mi-cuenta","status":"publish","type":"page","link":"https:\/\/manzanareselreal.org\/es\/mi-cuenta\/","title":{"rendered":"Mi cuenta"},"content":{"rendered":"\n\n\t<nav id=\"breadcrumbs\" aria-label=\"Breadcrumbs\"><a href=\"https:\/\/manzanareselreal.org\/es\/\">Inicio<\/a> \/ Mi cuenta<\/nav>\n<nav aria-label=\"P\u00e1ginas de cuenta\">\n\t<ul>\n\t\t\t\t\t<li>\n\t\t\t\t<a href=\"https:\/\/manzanareselreal.org\/es\/mi-cuenta\/\">\n\t\t\t\t\tEscritorio\t\t\t\t<\/a>\n\t\t\t<\/li>\n\t\t\t\t\t<li>\n\t\t\t\t<a href=\"https:\/\/manzanareselreal.org\/es\/mi-cuenta\/orders\/\">\n\t\t\t\t\tPedidos\t\t\t\t<\/a>\n\t\t\t<\/li>\n\t\t\t\t\t<li>\n\t\t\t\t<a href=\"https:\/\/manzanareselreal.org\/es\/mi-cuenta\/downloads\/\">\n\t\t\t\t\tDescargas\t\t\t\t<\/a>\n\t\t\t<\/li>\n\t\t\t\t\t<li>\n\t\t\t\t<a href=\"https:\/\/manzanareselreal.org\/es\/mi-cuenta\/edit-address\/\">\n\t\t\t\t\tDirecciones\t\t\t\t<\/a>\n\t\t\t<\/li>\n\t\t\t\t\t<li>\n\t\t\t\t<a href=\"https:\/\/manzanareselreal.org\/es\/mi-cuenta\/edit-account\/\">\n\t\t\t\t\tDetalles de la cuenta\t\t\t\t<\/a>\n\t\t\t<\/li>\n\t\t\t\t\t<li>\n\t\t\t\t<a href=\"https:\/\/manzanareselreal.org\/es\/mi-cuenta\/customer-logout\/?_wpnonce=0ea4c2a698\">\n\t\t\t\t\tSalir\t\t\t\t<\/a>\n\t\t\t<\/li>\n\t\t\t<\/ul>\n<\/nav>\n\n\tHola <strong>admin<\/strong> (\u00bfno eres <strong>admin<\/strong>? <a href=\"https:\/\/manzanareselreal.org\/es\/wp-login.php?action=logout&#038;redirect_to=https%3A%2F%2Fopenideas.site%2Fmanzanareselreal%2Fes%2Fmi-cuenta%2F&#038;_wpnonce=f96c5f205b\">Cerrar sesi\u00f3n<\/a>)\n\n\tDesde el escritorio de tu cuenta puedes ver tus <a href=\"https:\/\/manzanareselreal.org\/es\/mi-cuenta\/orders\/\">pedidos recientes<\/a>, gestionar tus <a href=\"https:\/\/manzanareselreal.org\/es\/mi-cuenta\/edit-address\/\">direcciones de env\u00edo y facturaci\u00f3n<\/a> y <a href=\"https:\/\/manzanareselreal.org\/es\/mi-cuenta\/edit-account\/\">editar tu contrase\u00f1a y los detalles de tu cuenta<\/a>.\n\n","protected":false},"excerpt":{"rendered":"<p>Inicio \/ Mi cuenta Escritorio Pedidos Descargas Direcciones Detalles de la cuenta Salir Hola admin (\u00bfno eres admin? Cerrar sesi\u00f3n) Desde el escritorio de tu cuenta puedes ver tus pedidos recientes, gestionar tus direcciones de env\u00edo y facturaci\u00f3n y editar tu contrase\u00f1a y los detalles de tu cuenta.<\/p>\n","protected":false},"author":1,"featured_media":3230,"parent":0,"menu_order":0,"comment_status":"closed","ping_status":"closed","template":"","meta":{"_acf_changed":false,"footnotes":""},"class_list":["post-3612","page","type-page","status-publish","format-standard","has-post-thumbnail","hentry"],"acf":[],"yoast_head":"<!-- This site is optimized with the Yoast SEO plugin v27.1.1 - https:\/\/yoast.com\/product\/yoast-seo-wordpress\/ -->\n<title>Mi cuenta - Manzanares el Real<\/title>\n<meta name=\"robots\" content=\"index, follow, max-snippet:-1, max-image-preview:large, max-video-preview:-1\" \/>\n<link rel=\"canonical\" href=\"https:\/\/manzanareselreal.org\/es\/mi-cuenta\/\" \/>\n<meta property=\"og:locale\" content=\"es_ES\" \/>\n<meta property=\"og:type\" content=\"article\" \/>\n<meta property=\"og:title\" content=\"Mi cuenta - Manzanares el Real\" \/>\n<meta property=\"og:description\" content=\"Inicio \/ Mi cuenta Escritorio Pedidos Descargas Direcciones Detalles de la cuenta Salir Hola admin (\u00bfno eres admin? Cerrar sesi\u00f3n) Desde el escritorio de tu cuenta puedes ver tus pedidos recientes, gestionar tus direcciones de env\u00edo y facturaci\u00f3n y editar tu contrase\u00f1a y los detalles de tu cuenta.\" \/>\n<meta property=\"og:url\" content=\"https:\/\/manzanareselreal.org\/es\/mi-cuenta\/\" \/>\n<meta property=\"og:site_name\" content=\"Manzanares el Real\" \/>\n<meta property=\"article:modified_time\" content=\"2025-11-11T19:19:12+00:00\" \/>\n<meta property=\"og:image\" content=\"https:\/\/manzanareselreal.org\/wp-content\/uploads\/2025\/09\/04_CASTILLO-VIEJO_DRON1.jpg\" \/>\n\t<meta property=\"og:image:width\" content=\"1600\" \/>\n\t<meta property=\"og:image:height\" content=\"1200\" \/>\n\t<meta property=\"og:image:type\" content=\"image\/jpeg\" \/>\n<meta name=\"twitter:card\" content=\"summary_large_image\" \/>\n<script type=\"application\/ld+json\" class=\"yoast-schema-graph\">{\"@context\":\"https:\/\/schema.org\",\"@graph\":[{\"@type\":\"WebPage\",\"@id\":\"https:\/\/manzanareselreal.org\/es\/mi-cuenta\/\",\"url\":\"https:\/\/manzanareselreal.org\/es\/mi-cuenta\/\",\"name\":\"Mi cuenta - Manzanares el Real\",\"isPartOf\":{\"@id\":\"https:\/\/manzanareselreal.org\/es\/#website\"},\"primaryImageOfPage\":{\"@id\":\"https:\/\/manzanareselreal.org\/es\/mi-cuenta\/#primaryimage\"},\"image\":{\"@id\":\"https:\/\/manzanareselreal.org\/es\/mi-cuenta\/#primaryimage\"},\"thumbnailUrl\":\"https:\/\/manzanareselreal.org\/wp-content\/uploads\/2025\/09\/04_CASTILLO-VIEJO_DRON1.jpg\",\"datePublished\":\"2025-11-05T10:10:22+00:00\",\"dateModified\":\"2025-11-11T19:19:12+00:00\",\"breadcrumb\":{\"@id\":\"https:\/\/manzanareselreal.org\/es\/mi-cuenta\/#breadcrumb\"},\"inLanguage\":\"es\",\"potentialAction\":[{\"@type\":\"ReadAction\",\"target\":[\"https:\/\/manzanareselreal.org\/es\/mi-cuenta\/\"]}]},{\"@type\":\"ImageObject\",\"inLanguage\":\"es\",\"@id\":\"https:\/\/manzanareselreal.org\/es\/mi-cuenta\/#primaryimage\",\"url\":\"https:\/\/manzanareselreal.org\/wp-content\/uploads\/2025\/09\/04_CASTILLO-VIEJO_DRON1.jpg\",\"contentUrl\":\"https:\/\/manzanareselreal.org\/wp-content\/uploads\/2025\/09\/04_CASTILLO-VIEJO_DRON1.jpg\",\"width\":1600,\"height\":1200},{\"@type\":\"BreadcrumbList\",\"@id\":\"https:\/\/manzanareselreal.org\/es\/mi-cuenta\/#breadcrumb\",\"itemListElement\":[{\"@type\":\"ListItem\",\"position\":1,\"name\":\"Inicio\",\"item\":\"https:\/\/manzanareselreal.org\/es\/\"},{\"@type\":\"ListItem\",\"position\":2,\"name\":\"Mi cuenta\"}]},{\"@type\":\"WebSite\",\"@id\":\"https:\/\/manzanareselreal.org\/es\/#website\",\"url\":\"https:\/\/manzanareselreal.org\/es\/\",\"name\":\"Manzanares el Real\",\"description\":\"En el Parque Nacional de la Sierra de Guadarrama, al pie de La Pedriza, llegar a este municipio de la Sierra Norte es sumergirse en la historia y la naturaleza.\",\"potentialAction\":[{\"@type\":\"SearchAction\",\"target\":{\"@type\":\"EntryPoint\",\"urlTemplate\":\"https:\/\/manzanareselreal.org\/es\/?s={search_term_string}\"},\"query-input\":{\"@type\":\"PropertyValueSpecification\",\"valueRequired\":true,\"valueName\":\"search_term_string\"}}],\"inLanguage\":\"es\"}]}<\/script>\n<!-- \/ Yoast SEO plugin. -->","yoast_head_json":{"title":"Mi cuenta - Manzanares el Real","robots":{"index":"index","follow":"follow","max-snippet":"max-snippet:-1","max-image-preview":"max-image-preview:large","max-video-preview":"max-video-preview:-1"},"canonical":"https:\/\/manzanareselreal.org\/es\/mi-cuenta\/","og_locale":"es_ES","og_type":"article","og_title":"Mi cuenta - Manzanares el Real","og_description":"Inicio \/ Mi cuenta Escritorio Pedidos Descargas Direcciones Detalles de la cuenta Salir Hola admin (\u00bfno eres admin? Cerrar sesi\u00f3n) Desde el escritorio de tu cuenta puedes ver tus pedidos recientes, gestionar tus direcciones de env\u00edo y facturaci\u00f3n y editar tu contrase\u00f1a y los detalles de tu cuenta.","og_url":"https:\/\/manzanareselreal.org\/es\/mi-cuenta\/","og_site_name":"Manzanares el Real","article_modified_time":"2025-11-11T19:19:12+00:00","og_image":[{"width":1600,"height":1200,"url":"https:\/\/manzanareselreal.org\/wp-content\/uploads\/2025\/09\/04_CASTILLO-VIEJO_DRON1.jpg","type":"image\/jpeg"}],"twitter_card":"summary_large_image","schema":{"@context":"https:\/\/schema.org","@graph":[{"@type":"WebPage","@id":"https:\/\/manzanareselreal.org\/es\/mi-cuenta\/","url":"https:\/\/manzanareselreal.org\/es\/mi-cuenta\/","name":"Mi cuenta - Manzanares el Real","isPartOf":{"@id":"https:\/\/manzanareselreal.org\/es\/#website"},"primaryImageOfPage":{"@id":"https:\/\/manzanareselreal.org\/es\/mi-cuenta\/#primaryimage"},"image":{"@id":"https:\/\/manzanareselreal.org\/es\/mi-cuenta\/#primaryimage"},"thumbnailUrl":"https:\/\/manzanareselreal.org\/wp-content\/uploads\/2025\/09\/04_CASTILLO-VIEJO_DRON1.jpg","datePublished":"2025-11-05T10:10:22+00:00","dateModified":"2025-11-11T19:19:12+00:00","breadcrumb":{"@id":"https:\/\/manzanareselreal.org\/es\/mi-cuenta\/#breadcrumb"},"inLanguage":"es","potentialAction":[{"@type":"ReadAction","target":["https:\/\/manzanareselreal.org\/es\/mi-cuenta\/"]}]},{"@type":"ImageObject","inLanguage":"es","@id":"https:\/\/manzanareselreal.org\/es\/mi-cuenta\/#primaryimage","url":"https:\/\/manzanareselreal.org\/wp-content\/uploads\/2025\/09\/04_CASTILLO-VIEJO_DRON1.jpg","contentUrl":"https:\/\/manzanareselreal.org\/wp-content\/uploads\/2025\/09\/04_CASTILLO-VIEJO_DRON1.jpg","width":1600,"height":1200},{"@type":"BreadcrumbList","@id":"https:\/\/manzanareselreal.org\/es\/mi-cuenta\/#breadcrumb","itemListElement":[{"@type":"ListItem","position":1,"name":"Inicio","item":"https:\/\/manzanareselreal.org\/es\/"},{"@type":"ListItem","position":2,"name":"Mi cuenta"}]},{"@type":"WebSite","@id":"https:\/\/manzanareselreal.org\/es\/#website","url":"https:\/\/manzanareselreal.org\/es\/","name":"Manzanares el Real","description":"En el Parque Nacional de la Sierra de Guadarrama, al pie de La Pedriza, llegar a este municipio de la Sierra Norte es sumergirse en la historia y la naturaleza.","potentialAction":[{"@type":"SearchAction","target":{"@type":"EntryPoint","urlTemplate":"https:\/\/manzanareselreal.org\/es\/?s={search_term_string}"},"query-input":{"@type":"PropertyValueSpecification","valueRequired":true,"valueName":"search_term_string"}}],"inLanguage":"es"}]}},"_links":{"self":[{"href":"https:\/\/manzanareselreal.org\/es\/wp-json\/wp\/v2\/pages\/3612","targetHints":{"allow":["GET"]}}],"collection":[{"href":"https:\/\/manzanareselreal.org\/es\/wp-json\/wp\/v2\/pages"}],"about":[{"href":"https:\/\/manzanareselreal.org\/es\/wp-json\/wp\/v2\/types\/page"}],"author":[{"embeddable":true,"href":"https:\/\/manzanareselreal.org\/es\/wp-json\/wp\/v2\/users\/1"}],"replies":[{"embeddable":true,"href":"https:\/\/manzanareselreal.org\/es\/wp-json\/wp\/v2\/comments?post=3612"}],"version-history":[{"count":5,"href":"https:\/\/manzanareselreal.org\/es\/wp-json\/wp\/v2\/pages\/3612\/revisions"}],"predecessor-version":[{"id":3735,"href":"https:\/\/manzanareselreal.org\/es\/wp-json\/wp\/v2\/pages\/3612\/revisions\/3735"}],"wp:featuredmedia":[{"embeddable":true,"href":"https:\/\/manzanareselreal.org\/es\/wp-json\/wp\/v2\/media\/3230"}],"wp:attachment":[{"href":"https:\/\/manzanareselreal.org\/es\/wp-json\/wp\/v2\/media?parent=3612"}],"curies":[{"name":"wp","href":"https:\/\/api.w.org\/{rel}","templated":true}]}}