{"id":3085,"date":"2025-10-21T18:28:41","date_gmt":"2025-10-21T16:28:41","guid":{"rendered":"https:\/\/openideas.site\/manzanareselreal\/?page_id=3085"},"modified":"2026-03-04T16:48:13","modified_gmt":"2026-03-04T15:48:13","slug":"atencion-al-ciudadano-informacion-tramites-y-servicios","status":"publish","type":"page","link":"https:\/\/manzanareselreal.org\/es\/atencion-al-ciudadano-informacion-tramites-y-servicios\/","title":{"rendered":"Atenci\u00f3n al ciudadano"},"content":{"rendered":"<nav id=\"breadcrumbs\" aria-label=\"Breadcrumbs\"><a href=\"https:\/\/manzanareselreal.org\/es\/\">Inicio<\/a> \/ Atenci\u00f3n al ciudadano<\/nav>\r\n<h3>Si tienes alguna emergencia o necesitas alguno de nuestros servicios p\u00fablicos, Manzanares El Real los pone a tu disposici\u00f3n.<\/h3>\r\n<p>En este apartado podr\u00e1s encontrar los servicios p\u00fablicos de nuestro municipio para que puedas disfrutar de tu viaje con tranquilidad y seguridad. Adem\u00e1s, encontrar\u00e1s en este apartado la informaci\u00f3n de nuestras agrupaciones locales, que a veces poco visibles, son indispensables para nuestro pueblo y quiz\u00e1 te interese conocer.<\/p>\r\n<h3>A continuaci\u00f3n, te dejamos aqu\u00ed la informaci\u00f3n para que puedas localizarlos f\u00e1cilmente.<\/h3>\r\n<p><img loading=\"lazy\" decoding=\"async\" title=\"Directorio-GUIAMER-logo\" src=\"https:\/\/manzanareselreal.org\/wp-content\/uploads\/2025\/10\/Directorio-GUIAMER-logo.png\" alt=\"Directorio-GUIAMER-logo\" width=\"300\" height=\"120\" \/><\/p>\r\n<h4>Si quieres encontrar m\u00e1s informaci\u00f3n sobre los servicios, agrupaciones y empresas de Manzanares El Real,<br \/>visita nuestro directorio empresarial, comercial y de servicios p\u00fablicos de la localidad.<\/h4>\r\n<p><a href=\"https:\/\/directorio-empresarial.manzanareselreal.es\/places\/category\/serviciospublicos\/\" target=\"_blank\" rel=\"noopener\"> Directorio Municipal <\/a><\/p>\r\n","protected":false},"excerpt":{"rendered":"<p>Inicio \/ Atenci\u00f3n al ciudadano Si tienes alguna emergencia o necesitas alguno de nuestros servicios p\u00fablicos, Manzanares El Real los pone a tu disposici\u00f3n. En este apartado podr\u00e1s encontrar los servicios p\u00fablicos de nuestro municipio para que puedas disfrutar de tu viaje con tranquilidad y seguridad. Adem\u00e1s, encontrar\u00e1s en este apartado la informaci\u00f3n de nuestras&hellip;<\/p>\n","protected":false},"author":1,"featured_media":3086,"parent":0,"menu_order":0,"comment_status":"closed","ping_status":"closed","template":"","meta":{"_acf_changed":false,"footnotes":""},"class_list":["post-3085","page","type-page","status-publish","format-standard","has-post-thumbnail","hentry"],"acf":[],"yoast_head":"<!-- This site is optimized with the Yoast SEO plugin v27.1.1 - https:\/\/yoast.com\/product\/yoast-seo-wordpress\/ -->\n<title>Atenci\u00f3n al ciudadano \u2013 informaci\u00f3n, tr\u00e1mites y servicios<\/title>\n<meta name=\"description\" content=\"Accede a la atenci\u00f3n al ciudadano con informaci\u00f3n clara tr\u00e1mites, consultas, y servicios disponibles. Gesti\u00f3n r\u00e1pida y personalizado.\" \/>\n<meta name=\"robots\" content=\"index, follow, max-snippet:-1, max-image-preview:large, max-video-preview:-1\" \/>\n<link rel=\"canonical\" href=\"https:\/\/manzanareselreal.org\/es\/atencion-al-ciudadano-informacion-tramites-y-servicios\/\" \/>\n<meta property=\"og:locale\" content=\"es_ES\" \/>\n<meta property=\"og:type\" content=\"article\" \/>\n<meta property=\"og:title\" content=\"Atenci\u00f3n al ciudadano \u2013 informaci\u00f3n, tr\u00e1mites y servicios\" \/>\n<meta property=\"og:description\" content=\"Accede a la atenci\u00f3n al ciudadano con informaci\u00f3n clara tr\u00e1mites, consultas, y servicios disponibles. Gesti\u00f3n r\u00e1pida y personalizado.\" \/>\n<meta property=\"og:url\" content=\"https:\/\/manzanareselreal.org\/es\/atencion-al-ciudadano-informacion-tramites-y-servicios\/\" \/>\n<meta property=\"og:site_name\" content=\"Manzanares el Real\" \/>\n<meta property=\"article:modified_time\" content=\"2026-03-04T15:48:13+00:00\" \/>\n<meta property=\"og:image\" content=\"https:\/\/manzanareselreal.org\/wp-content\/uploads\/2025\/10\/Ayuntamiento_Img1.jpg\" \/>\n\t<meta property=\"og:image:width\" content=\"1920\" \/>\n\t<meta property=\"og:image:height\" content=\"1280\" \/>\n\t<meta property=\"og:image:type\" content=\"image\/jpeg\" \/>\n<meta name=\"twitter:card\" content=\"summary_large_image\" \/>\n<meta name=\"twitter:label1\" content=\"Tiempo de lectura\" \/>\n\t<meta name=\"twitter:data1\" content=\"1 minuto\" \/>\n<script type=\"application\/ld+json\" class=\"yoast-schema-graph\">{\"@context\":\"https:\/\/schema.org\",\"@graph\":[{\"@type\":\"WebPage\",\"@id\":\"https:\/\/manzanareselreal.org\/es\/atencion-al-ciudadano-informacion-tramites-y-servicios\/\",\"url\":\"https:\/\/manzanareselreal.org\/es\/atencion-al-ciudadano-informacion-tramites-y-servicios\/\",\"name\":\"Atenci\u00f3n al ciudadano \u2013 informaci\u00f3n, tr\u00e1mites y servicios\",\"isPartOf\":{\"@id\":\"https:\/\/manzanareselreal.org\/es\/#website\"},\"primaryImageOfPage\":{\"@id\":\"https:\/\/manzanareselreal.org\/es\/atencion-al-ciudadano-informacion-tramites-y-servicios\/#primaryimage\"},\"image\":{\"@id\":\"https:\/\/manzanareselreal.org\/es\/atencion-al-ciudadano-informacion-tramites-y-servicios\/#primaryimage\"},\"thumbnailUrl\":\"https:\/\/manzanareselreal.org\/wp-content\/uploads\/2025\/10\/Ayuntamiento_Img1.jpg\",\"datePublished\":\"2025-10-21T16:28:41+00:00\",\"dateModified\":\"2026-03-04T15:48:13+00:00\",\"description\":\"Accede a la atenci\u00f3n al ciudadano con informaci\u00f3n clara tr\u00e1mites, consultas, y servicios disponibles. Gesti\u00f3n r\u00e1pida y personalizado.\",\"breadcrumb\":{\"@id\":\"https:\/\/manzanareselreal.org\/es\/atencion-al-ciudadano-informacion-tramites-y-servicios\/#breadcrumb\"},\"inLanguage\":\"es\",\"potentialAction\":[{\"@type\":\"ReadAction\",\"target\":[\"https:\/\/manzanareselreal.org\/es\/atencion-al-ciudadano-informacion-tramites-y-servicios\/\"]}]},{\"@type\":\"ImageObject\",\"inLanguage\":\"es\",\"@id\":\"https:\/\/manzanareselreal.org\/es\/atencion-al-ciudadano-informacion-tramites-y-servicios\/#primaryimage\",\"url\":\"https:\/\/manzanareselreal.org\/wp-content\/uploads\/2025\/10\/Ayuntamiento_Img1.jpg\",\"contentUrl\":\"https:\/\/manzanareselreal.org\/wp-content\/uploads\/2025\/10\/Ayuntamiento_Img1.jpg\",\"width\":1920,\"height\":1280},{\"@type\":\"BreadcrumbList\",\"@id\":\"https:\/\/manzanareselreal.org\/es\/atencion-al-ciudadano-informacion-tramites-y-servicios\/#breadcrumb\",\"itemListElement\":[{\"@type\":\"ListItem\",\"position\":1,\"name\":\"Inicio\",\"item\":\"https:\/\/manzanareselreal.org\/es\/\"},{\"@type\":\"ListItem\",\"position\":2,\"name\":\"Atenci\u00f3n al ciudadano\"}]},{\"@type\":\"WebSite\",\"@id\":\"https:\/\/manzanareselreal.org\/es\/#website\",\"url\":\"https:\/\/manzanareselreal.org\/es\/\",\"name\":\"Manzanares el Real\",\"description\":\"En el Parque Nacional de la Sierra de Guadarrama, al pie de La Pedriza, llegar a este municipio de la Sierra Norte es sumergirse en la historia y la naturaleza.\",\"potentialAction\":[{\"@type\":\"SearchAction\",\"target\":{\"@type\":\"EntryPoint\",\"urlTemplate\":\"https:\/\/manzanareselreal.org\/es\/?s={search_term_string}\"},\"query-input\":{\"@type\":\"PropertyValueSpecification\",\"valueRequired\":true,\"valueName\":\"search_term_string\"}}],\"inLanguage\":\"es\"}]}<\/script>\n<!-- \/ Yoast SEO plugin. -->","yoast_head_json":{"title":"Atenci\u00f3n al ciudadano \u2013 informaci\u00f3n, tr\u00e1mites y servicios","description":"Accede a la atenci\u00f3n al ciudadano con informaci\u00f3n clara tr\u00e1mites, consultas, y servicios disponibles. Gesti\u00f3n r\u00e1pida y personalizado.","robots":{"index":"index","follow":"follow","max-snippet":"max-snippet:-1","max-image-preview":"max-image-preview:large","max-video-preview":"max-video-preview:-1"},"canonical":"https:\/\/manzanareselreal.org\/es\/atencion-al-ciudadano-informacion-tramites-y-servicios\/","og_locale":"es_ES","og_type":"article","og_title":"Atenci\u00f3n al ciudadano \u2013 informaci\u00f3n, tr\u00e1mites y servicios","og_description":"Accede a la atenci\u00f3n al ciudadano con informaci\u00f3n clara tr\u00e1mites, consultas, y servicios disponibles. Gesti\u00f3n r\u00e1pida y personalizado.","og_url":"https:\/\/manzanareselreal.org\/es\/atencion-al-ciudadano-informacion-tramites-y-servicios\/","og_site_name":"Manzanares el Real","article_modified_time":"2026-03-04T15:48:13+00:00","og_image":[{"width":1920,"height":1280,"url":"https:\/\/manzanareselreal.org\/wp-content\/uploads\/2025\/10\/Ayuntamiento_Img1.jpg","type":"image\/jpeg"}],"twitter_card":"summary_large_image","twitter_misc":{"Tiempo de lectura":"1 minuto"},"schema":{"@context":"https:\/\/schema.org","@graph":[{"@type":"WebPage","@id":"https:\/\/manzanareselreal.org\/es\/atencion-al-ciudadano-informacion-tramites-y-servicios\/","url":"https:\/\/manzanareselreal.org\/es\/atencion-al-ciudadano-informacion-tramites-y-servicios\/","name":"Atenci\u00f3n al ciudadano \u2013 informaci\u00f3n, tr\u00e1mites y servicios","isPartOf":{"@id":"https:\/\/manzanareselreal.org\/es\/#website"},"primaryImageOfPage":{"@id":"https:\/\/manzanareselreal.org\/es\/atencion-al-ciudadano-informacion-tramites-y-servicios\/#primaryimage"},"image":{"@id":"https:\/\/manzanareselreal.org\/es\/atencion-al-ciudadano-informacion-tramites-y-servicios\/#primaryimage"},"thumbnailUrl":"https:\/\/manzanareselreal.org\/wp-content\/uploads\/2025\/10\/Ayuntamiento_Img1.jpg","datePublished":"2025-10-21T16:28:41+00:00","dateModified":"2026-03-04T15:48:13+00:00","description":"Accede a la atenci\u00f3n al ciudadano con informaci\u00f3n clara tr\u00e1mites, consultas, y servicios disponibles. Gesti\u00f3n r\u00e1pida y personalizado.","breadcrumb":{"@id":"https:\/\/manzanareselreal.org\/es\/atencion-al-ciudadano-informacion-tramites-y-servicios\/#breadcrumb"},"inLanguage":"es","potentialAction":[{"@type":"ReadAction","target":["https:\/\/manzanareselreal.org\/es\/atencion-al-ciudadano-informacion-tramites-y-servicios\/"]}]},{"@type":"ImageObject","inLanguage":"es","@id":"https:\/\/manzanareselreal.org\/es\/atencion-al-ciudadano-informacion-tramites-y-servicios\/#primaryimage","url":"https:\/\/manzanareselreal.org\/wp-content\/uploads\/2025\/10\/Ayuntamiento_Img1.jpg","contentUrl":"https:\/\/manzanareselreal.org\/wp-content\/uploads\/2025\/10\/Ayuntamiento_Img1.jpg","width":1920,"height":1280},{"@type":"BreadcrumbList","@id":"https:\/\/manzanareselreal.org\/es\/atencion-al-ciudadano-informacion-tramites-y-servicios\/#breadcrumb","itemListElement":[{"@type":"ListItem","position":1,"name":"Inicio","item":"https:\/\/manzanareselreal.org\/es\/"},{"@type":"ListItem","position":2,"name":"Atenci\u00f3n al ciudadano"}]},{"@type":"WebSite","@id":"https:\/\/manzanareselreal.org\/es\/#website","url":"https:\/\/manzanareselreal.org\/es\/","name":"Manzanares el Real","description":"En el Parque Nacional de la Sierra de Guadarrama, al pie de La Pedriza, llegar a este municipio de la Sierra Norte es sumergirse en la historia y la naturaleza.","potentialAction":[{"@type":"SearchAction","target":{"@type":"EntryPoint","urlTemplate":"https:\/\/manzanareselreal.org\/es\/?s={search_term_string}"},"query-input":{"@type":"PropertyValueSpecification","valueRequired":true,"valueName":"search_term_string"}}],"inLanguage":"es"}]}},"_links":{"self":[{"href":"https:\/\/manzanareselreal.org\/es\/wp-json\/wp\/v2\/pages\/3085","targetHints":{"allow":["GET"]}}],"collection":[{"href":"https:\/\/manzanareselreal.org\/es\/wp-json\/wp\/v2\/pages"}],"about":[{"href":"https:\/\/manzanareselreal.org\/es\/wp-json\/wp\/v2\/types\/page"}],"author":[{"embeddable":true,"href":"https:\/\/manzanareselreal.org\/es\/wp-json\/wp\/v2\/users\/1"}],"replies":[{"embeddable":true,"href":"https:\/\/manzanareselreal.org\/es\/wp-json\/wp\/v2\/comments?post=3085"}],"version-history":[{"count":4,"href":"https:\/\/manzanareselreal.org\/es\/wp-json\/wp\/v2\/pages\/3085\/revisions"}],"predecessor-version":[{"id":3808,"href":"https:\/\/manzanareselreal.org\/es\/wp-json\/wp\/v2\/pages\/3085\/revisions\/3808"}],"wp:featuredmedia":[{"embeddable":true,"href":"https:\/\/manzanareselreal.org\/es\/wp-json\/wp\/v2\/media\/3086"}],"wp:attachment":[{"href":"https:\/\/manzanareselreal.org\/es\/wp-json\/wp\/v2\/media?parent=3085"}],"curies":[{"name":"wp","href":"https:\/\/api.w.org\/{rel}","templated":true}]}}