{"id":3031,"date":"2025-10-21T16:46:35","date_gmt":"2025-10-21T14:46:35","guid":{"rendered":"https:\/\/openideas.site\/manzanareselreal\/?page_id=3031"},"modified":"2026-02-11T15:22:13","modified_gmt":"2026-02-11T14:22:13","slug":"manzanares-el-real-como-llegar-guia-acceso-rutas","status":"publish","type":"page","link":"https:\/\/manzanareselreal.org\/es\/manzanares-el-real-como-llegar-guia-acceso-rutas\/","title":{"rendered":"Servicios tur\u00edsticos"},"content":{"rendered":"<nav id=\"breadcrumbs\" aria-label=\"Breadcrumbs\"><a href=\"https:\/\/manzanareselreal.org\/es\/\">Inicio<\/a> \/ Servicios tur\u00edsticos<\/nav>\r\n<h3>\u00bfQuieres descubrir Manzanares El Real de manos de gu\u00edas profesionales?<br \/>\u00bfTe apetece una nueva forma de vivir La Pedriza y la Sierra de Guadarrama?<\/h3>\r\n<p>El municipio cuenta con un abundante tejido empresarial que dedica todo su esfuerzo para que puedas vivir una experiencia diferente en la aventura al aire libre, ofreciendo otra forma de vivir el Turismo y el Ocio; incluidas gu\u00edas especializadas para que te acompa\u00f1en en la visita por los edificios que componen su patrimonio monumental.<\/p>\r\n<h3>A continuaci\u00f3n, te dejamos aqu\u00ed la informaci\u00f3n para que puedas localizarlos f\u00e1cilmente.<\/h3>\r\n<p><img loading=\"lazy\" decoding=\"async\" title=\"Directorio-GUIAMER-logo\" src=\"https:\/\/manzanareselreal.org\/wp-content\/uploads\/2025\/10\/Directorio-GUIAMER-logo.png\" alt=\"Directorio-GUIAMER-logo\" width=\"300\" height=\"120\" \/><\/p>\r\n<h4>Si quieres encontrar m\u00e1s informaci\u00f3n sobre los gu\u00edas, empresas de actividades y otras empresas de Manzanares El Real,<br \/>visita nuestro directorio empresarial, comercial y de servicios p\u00fablicos de la localidad.<\/h4>\r\n<p><a href=\"https:\/\/directorio-empresarial.manzanareselreal.es\/places\/category\/turismo-viajesocioytiempolibre\/\" target=\"_blank\" rel=\"noopener\"> Directorio Municipal <\/a><\/p>\r\n","protected":false},"excerpt":{"rendered":"<p>Inicio \/ Servicios tur\u00edsticos \u00bfQuieres descubrir Manzanares El Real de manos de gu\u00edas profesionales?\u00bfTe apetece una nueva forma de vivir La Pedriza y la Sierra de Guadarrama? El municipio cuenta con un abundante tejido empresarial que dedica todo su esfuerzo para que puedas vivir una experiencia diferente en la aventura al aire libre, ofreciendo otra&hellip;<\/p>\n","protected":false},"author":1,"featured_media":3032,"parent":0,"menu_order":0,"comment_status":"closed","ping_status":"closed","template":"","meta":{"_acf_changed":false,"footnotes":""},"class_list":["post-3031","page","type-page","status-publish","format-standard","has-post-thumbnail","hentry"],"acf":[],"yoast_head":"<!-- This site is optimized with the Yoast SEO plugin v27.1.1 - https:\/\/yoast.com\/product\/yoast-seo-wordpress\/ -->\n<title>manzanares el real como llegar\u200b - gu\u00eda de acceso y rutas<\/title>\n<meta name=\"description\" content=\"Accede a informaci\u00f3n sobre todos los servicios tur\u00edsticos desde manzanares el real como llegar\u200b a escoger donde comer, dormir en tu viaje\" \/>\n<meta name=\"robots\" content=\"index, follow, max-snippet:-1, max-image-preview:large, max-video-preview:-1\" \/>\n<link rel=\"canonical\" href=\"https:\/\/manzanareselreal.org\/es\/manzanares-el-real-como-llegar-guia-acceso-rutas\/\" \/>\n<meta property=\"og:locale\" content=\"es_ES\" \/>\n<meta property=\"og:type\" content=\"article\" \/>\n<meta property=\"og:title\" content=\"manzanares el real como llegar\u200b - gu\u00eda de acceso y rutas\" \/>\n<meta property=\"og:description\" content=\"Accede a informaci\u00f3n sobre todos los servicios tur\u00edsticos desde manzanares el real como llegar\u200b a escoger donde comer, dormir en tu viaje\" \/>\n<meta property=\"og:url\" content=\"https:\/\/manzanareselreal.org\/es\/manzanares-el-real-como-llegar-guia-acceso-rutas\/\" \/>\n<meta property=\"og:site_name\" content=\"Manzanares el Real\" \/>\n<meta property=\"article:modified_time\" content=\"2026-02-11T14:22:13+00:00\" \/>\n<meta property=\"og:image\" content=\"https:\/\/manzanareselreal.org\/wp-content\/uploads\/2025\/10\/servicios-turisticos.jpg\" \/>\n\t<meta property=\"og:image:width\" content=\"1024\" \/>\n\t<meta property=\"og:image:height\" content=\"682\" \/>\n\t<meta property=\"og:image:type\" content=\"image\/jpeg\" \/>\n<meta name=\"twitter:card\" content=\"summary_large_image\" \/>\n<meta name=\"twitter:label1\" content=\"Tiempo de lectura\" \/>\n\t<meta name=\"twitter:data1\" content=\"1 minuto\" \/>\n<script type=\"application\/ld+json\" class=\"yoast-schema-graph\">{\"@context\":\"https:\/\/schema.org\",\"@graph\":[{\"@type\":\"WebPage\",\"@id\":\"https:\/\/manzanareselreal.org\/es\/manzanares-el-real-como-llegar-guia-acceso-rutas\/\",\"url\":\"https:\/\/manzanareselreal.org\/es\/manzanares-el-real-como-llegar-guia-acceso-rutas\/\",\"name\":\"manzanares el real como llegar\u200b - gu\u00eda de acceso y rutas\",\"isPartOf\":{\"@id\":\"https:\/\/manzanareselreal.org\/es\/#website\"},\"primaryImageOfPage\":{\"@id\":\"https:\/\/manzanareselreal.org\/es\/manzanares-el-real-como-llegar-guia-acceso-rutas\/#primaryimage\"},\"image\":{\"@id\":\"https:\/\/manzanareselreal.org\/es\/manzanares-el-real-como-llegar-guia-acceso-rutas\/#primaryimage\"},\"thumbnailUrl\":\"https:\/\/manzanareselreal.org\/wp-content\/uploads\/2025\/10\/servicios-turisticos.jpg\",\"datePublished\":\"2025-10-21T14:46:35+00:00\",\"dateModified\":\"2026-02-11T14:22:13+00:00\",\"description\":\"Accede a informaci\u00f3n sobre todos los servicios tur\u00edsticos desde manzanares el real como llegar\u200b a escoger donde comer, dormir en tu viaje\",\"breadcrumb\":{\"@id\":\"https:\/\/manzanareselreal.org\/es\/manzanares-el-real-como-llegar-guia-acceso-rutas\/#breadcrumb\"},\"inLanguage\":\"es\",\"potentialAction\":[{\"@type\":\"ReadAction\",\"target\":[\"https:\/\/manzanareselreal.org\/es\/manzanares-el-real-como-llegar-guia-acceso-rutas\/\"]}]},{\"@type\":\"ImageObject\",\"inLanguage\":\"es\",\"@id\":\"https:\/\/manzanareselreal.org\/es\/manzanares-el-real-como-llegar-guia-acceso-rutas\/#primaryimage\",\"url\":\"https:\/\/manzanareselreal.org\/wp-content\/uploads\/2025\/10\/servicios-turisticos.jpg\",\"contentUrl\":\"https:\/\/manzanareselreal.org\/wp-content\/uploads\/2025\/10\/servicios-turisticos.jpg\",\"width\":1024,\"height\":682,\"caption\":\"manzanares el real como llegar\u200b\"},{\"@type\":\"BreadcrumbList\",\"@id\":\"https:\/\/manzanareselreal.org\/es\/manzanares-el-real-como-llegar-guia-acceso-rutas\/#breadcrumb\",\"itemListElement\":[{\"@type\":\"ListItem\",\"position\":1,\"name\":\"Inicio\",\"item\":\"https:\/\/manzanareselreal.org\/es\/\"},{\"@type\":\"ListItem\",\"position\":2,\"name\":\"Servicios tur\u00edsticos\"}]},{\"@type\":\"WebSite\",\"@id\":\"https:\/\/manzanareselreal.org\/es\/#website\",\"url\":\"https:\/\/manzanareselreal.org\/es\/\",\"name\":\"Manzanares el Real\",\"description\":\"En el Parque Nacional de la Sierra de Guadarrama, al pie de La Pedriza, llegar a este municipio de la Sierra Norte es sumergirse en la historia y la naturaleza.\",\"potentialAction\":[{\"@type\":\"SearchAction\",\"target\":{\"@type\":\"EntryPoint\",\"urlTemplate\":\"https:\/\/manzanareselreal.org\/es\/?s={search_term_string}\"},\"query-input\":{\"@type\":\"PropertyValueSpecification\",\"valueRequired\":true,\"valueName\":\"search_term_string\"}}],\"inLanguage\":\"es\"}]}<\/script>\n<!-- \/ Yoast SEO plugin. -->","yoast_head_json":{"title":"manzanares el real como llegar\u200b - gu\u00eda de acceso y rutas","description":"Accede a informaci\u00f3n sobre todos los servicios tur\u00edsticos desde manzanares el real como llegar\u200b a escoger donde comer, dormir en tu viaje","robots":{"index":"index","follow":"follow","max-snippet":"max-snippet:-1","max-image-preview":"max-image-preview:large","max-video-preview":"max-video-preview:-1"},"canonical":"https:\/\/manzanareselreal.org\/es\/manzanares-el-real-como-llegar-guia-acceso-rutas\/","og_locale":"es_ES","og_type":"article","og_title":"manzanares el real como llegar\u200b - gu\u00eda de acceso y rutas","og_description":"Accede a informaci\u00f3n sobre todos los servicios tur\u00edsticos desde manzanares el real como llegar\u200b a escoger donde comer, dormir en tu viaje","og_url":"https:\/\/manzanareselreal.org\/es\/manzanares-el-real-como-llegar-guia-acceso-rutas\/","og_site_name":"Manzanares el Real","article_modified_time":"2026-02-11T14:22:13+00:00","og_image":[{"width":1024,"height":682,"url":"https:\/\/manzanareselreal.org\/wp-content\/uploads\/2025\/10\/servicios-turisticos.jpg","type":"image\/jpeg"}],"twitter_card":"summary_large_image","twitter_misc":{"Tiempo de lectura":"1 minuto"},"schema":{"@context":"https:\/\/schema.org","@graph":[{"@type":"WebPage","@id":"https:\/\/manzanareselreal.org\/es\/manzanares-el-real-como-llegar-guia-acceso-rutas\/","url":"https:\/\/manzanareselreal.org\/es\/manzanares-el-real-como-llegar-guia-acceso-rutas\/","name":"manzanares el real como llegar\u200b - gu\u00eda de acceso y rutas","isPartOf":{"@id":"https:\/\/manzanareselreal.org\/es\/#website"},"primaryImageOfPage":{"@id":"https:\/\/manzanareselreal.org\/es\/manzanares-el-real-como-llegar-guia-acceso-rutas\/#primaryimage"},"image":{"@id":"https:\/\/manzanareselreal.org\/es\/manzanares-el-real-como-llegar-guia-acceso-rutas\/#primaryimage"},"thumbnailUrl":"https:\/\/manzanareselreal.org\/wp-content\/uploads\/2025\/10\/servicios-turisticos.jpg","datePublished":"2025-10-21T14:46:35+00:00","dateModified":"2026-02-11T14:22:13+00:00","description":"Accede a informaci\u00f3n sobre todos los servicios tur\u00edsticos desde manzanares el real como llegar\u200b a escoger donde comer, dormir en tu viaje","breadcrumb":{"@id":"https:\/\/manzanareselreal.org\/es\/manzanares-el-real-como-llegar-guia-acceso-rutas\/#breadcrumb"},"inLanguage":"es","potentialAction":[{"@type":"ReadAction","target":["https:\/\/manzanareselreal.org\/es\/manzanares-el-real-como-llegar-guia-acceso-rutas\/"]}]},{"@type":"ImageObject","inLanguage":"es","@id":"https:\/\/manzanareselreal.org\/es\/manzanares-el-real-como-llegar-guia-acceso-rutas\/#primaryimage","url":"https:\/\/manzanareselreal.org\/wp-content\/uploads\/2025\/10\/servicios-turisticos.jpg","contentUrl":"https:\/\/manzanareselreal.org\/wp-content\/uploads\/2025\/10\/servicios-turisticos.jpg","width":1024,"height":682,"caption":"manzanares el real como llegar\u200b"},{"@type":"BreadcrumbList","@id":"https:\/\/manzanareselreal.org\/es\/manzanares-el-real-como-llegar-guia-acceso-rutas\/#breadcrumb","itemListElement":[{"@type":"ListItem","position":1,"name":"Inicio","item":"https:\/\/manzanareselreal.org\/es\/"},{"@type":"ListItem","position":2,"name":"Servicios tur\u00edsticos"}]},{"@type":"WebSite","@id":"https:\/\/manzanareselreal.org\/es\/#website","url":"https:\/\/manzanareselreal.org\/es\/","name":"Manzanares el Real","description":"En el Parque Nacional de la Sierra de Guadarrama, al pie de La Pedriza, llegar a este municipio de la Sierra Norte es sumergirse en la historia y la naturaleza.","potentialAction":[{"@type":"SearchAction","target":{"@type":"EntryPoint","urlTemplate":"https:\/\/manzanareselreal.org\/es\/?s={search_term_string}"},"query-input":{"@type":"PropertyValueSpecification","valueRequired":true,"valueName":"search_term_string"}}],"inLanguage":"es"}]}},"_links":{"self":[{"href":"https:\/\/manzanareselreal.org\/es\/wp-json\/wp\/v2\/pages\/3031","targetHints":{"allow":["GET"]}}],"collection":[{"href":"https:\/\/manzanareselreal.org\/es\/wp-json\/wp\/v2\/pages"}],"about":[{"href":"https:\/\/manzanareselreal.org\/es\/wp-json\/wp\/v2\/types\/page"}],"author":[{"embeddable":true,"href":"https:\/\/manzanareselreal.org\/es\/wp-json\/wp\/v2\/users\/1"}],"replies":[{"embeddable":true,"href":"https:\/\/manzanareselreal.org\/es\/wp-json\/wp\/v2\/comments?post=3031"}],"version-history":[{"count":4,"href":"https:\/\/manzanareselreal.org\/es\/wp-json\/wp\/v2\/pages\/3031\/revisions"}],"predecessor-version":[{"id":3813,"href":"https:\/\/manzanareselreal.org\/es\/wp-json\/wp\/v2\/pages\/3031\/revisions\/3813"}],"wp:featuredmedia":[{"embeddable":true,"href":"https:\/\/manzanareselreal.org\/es\/wp-json\/wp\/v2\/media\/3032"}],"wp:attachment":[{"href":"https:\/\/manzanareselreal.org\/es\/wp-json\/wp\/v2\/media?parent=3031"}],"curies":[{"name":"wp","href":"https:\/\/api.w.org\/{rel}","templated":true}]}}