{"id":3,"date":"2025-09-10T13:49:37","date_gmt":"2025-09-10T13:49:37","guid":{"rendered":"https:\/\/openideas.site\/manzanareselreal\/?page_id=3"},"modified":"2025-09-16T20:58:33","modified_gmt":"2025-09-16T18:58:33","slug":"aviso-legal","status":"publish","type":"page","link":"https:\/\/manzanareselreal.org\/es\/aviso-legal\/","title":{"rendered":"Aviso legal"},"content":{"rendered":"\n<h1>\n\t\t\tAviso legal\t<\/h1>\n\t<nav id=\"breadcrumbs\" aria-label=\"Breadcrumbs\"><a href=\"https:\/\/manzanareselreal.org\/es\/\">Inicio<\/a> \/ Aviso legal<\/nav>\n\t<h2>Condiciones legales<\/h2>\n<h3>Pol\u00edtica de Privacidad<\/h3>\n<p>Es compromiso del Ayuntamiento de Manzanares El Real poner en conocimiento de los usuarios del sitio web su pol\u00edtica respecto del tratamiento y protecci\u00f3n de los datos personales de los usuarios y clientes que recoge de los mismos con motivo de la visualizaci\u00f3n del sitio o de la utilizaci\u00f3n de los servicios ofrecidos en el mismo.<\/p>\n<p>Por dato personal se entiende cualquier informaci\u00f3n num\u00e9rica, alfab\u00e9tica, gr\u00e1fica, fotogr\u00e1fica, ac\u00fastica o de cualquier otro tipo concerniente a personas f\u00edsicas identificadas o identificables.<\/p>\n<h3>\u00bfQui\u00e9n es el responsable del tratamiento de los datos personales?<\/h3>\n<p>De conformidad con lo establecido en el Reglamento General de Protecci\u00f3n de Datos (UE) 2016\/679 (en adelante, RGPD) y dem\u00e1s normativa vigente en materia de protecci\u00f3n de datos personales, le informamos que los datos personales que pueda facilitar durante el uso del sitio web www.manzanareselreal.org (en adelante, \u00abla web\u00bb) ser\u00e1n tratados en calidad de responsable del tratamiento por el Ayuntamiento de Manzanares El Real (en adelante, el Ayuntamiento, con CIF P2808200F y con domicilio social en Plaza del pueblo 1, 28410, Manzanares El Real (Madrid).<\/p>\n<p>El Ayuntamiento s\u00f3lo ser\u00e1 responsable y garantizar\u00e1 la confidencialidad y seguridad de los datos personales tratados por el Ayuntamiento para las finalidades especificadas en el presente documento, no teniendo ning\u00fan tipo de responsabilidad respecto a los tratamientos y posteriores utilizaciones de los datos personales que pudieran efectuarse por terceros prestadores de servicios de la sociedad de la informaci\u00f3n que act\u00faen fuera del sitio web.<\/p>\n<h3>\u00bfEst\u00e1 obligado a facilitar sus datos personales?<\/h3>\n<p>La visita a la web no supone que el usuario est\u00e9 obligado a facilitar ning\u00fan dato personal. No obstante, el uso de algunos de los servicios disponibles en la web depende de la cumplimentaci\u00f3n de formularios de datos personales y el\u00a0<a href=\"\/es\/politica-de-cookies\">uso de cookies<\/a>.<\/p>\n<p>Los datos recogidos a trav\u00e9s de los diferentes formularios de la web son los justos y necesarios para la prestaci\u00f3n de los servicios solicitados. La negativa a proporcionar los datos se\u00f1alados como necesarios supone la imposibilidad de prestar adecuadamente dichos servicios. As\u00ed mismo, podr\u00e1 facilitar datos de modo voluntario con el objetivo de que puedan prestarse de modo \u00f3ptimo estos servicios.<\/p>\n<h3>\u00bfPara qu\u00e9 utilizamos sus datos personales?<\/h3>\n<p>Los datos personales que facilite el usuario para la prestaci\u00f3n de los distintos servicios puestos a disposici\u00f3n a trav\u00e9s de la web ser\u00e1n tratados por el Ayuntamiento conforme a las siguientes finalidades:<\/p>\n<ul>\n<li>En el caso del registro vecinal de usuarios la finalidad es gestionar la creaci\u00f3n de una cuenta de usuario para poder informar de incidencias, participar en votaciones populares y gestionar su relaci\u00f3n con los servicios prestados por el Ayuntamiento.<\/li>\n<li>En el caso del formulario de contacto, la finalidad es dar respuesta a la consulta realizada acerca de los servicios prestados por el Ayuntamiento.<\/li>\n<li>En el caso de incluir alg\u00fan correo de contacto facilitado, la finalidad es dar respuesta a la solicitud realizada relacionada con los servicios prestados por el Ayuntamiento.<\/li>\n<li>En el caso de servicios de atenci\u00f3n telef\u00f3nica, la finalidad es dar respuesta a la solicitud realizada relacionada con los servicios prestados.<\/li>\n<li>Le informamos de que determinadas funcionalidades de la web dependen del uso de las cookies, por lo que en el caso de que no haya denegado la posibilidad de su uso, se proceder\u00e1 al tratamiento de determinada informaci\u00f3n relacionada con su uso de la web. Puede ver las condiciones para su uso en la <a href=\"\/es\/politica-de-cookies\">Pol\u00edtica de Cookies<\/a>.<\/li>\n<\/ul>\n<h3>\u00bfCu\u00e1l es la legitimaci\u00f3n del tratamiento de sus datos?<\/h3>\n<p>El tratamiento de sus datos personales por parte del Ayuntamiento se ampara en la solicitud por su parte de los servicios puestos a su disposici\u00f3n a trav\u00e9s de la web o, en su caso, en el consentimiento que se le solicita para las finalidades determinadas anteriormente y que podr\u00e1 retirar en cualquier momento. No obstante, en caso de revocar el consentimiento esta circunstancia no afecta a la licitud de los tratamientos efectuados con anterioridad.<\/p>\n<h3>\u00bfQu\u00e9 categor\u00edas de datos se tratan?<\/h3>\n<p>Los datos personales necesarios para la prestaci\u00f3n de los diferentes servicios disponibles en la web ser\u00e1n los indicados en el correspondiente formulario habilitado a tal efecto.<\/p>\n<p>En cualquier caso las categor\u00edas que se tratan son:<\/p>\n<ul>\n<li>Datos identificativos: nombre y apellidos, NIF\/DNI, direcci\u00f3n correo postal, direcci\u00f3n de correo electr\u00f3nico, tel\u00e9fono, firma, imagen\/voz, firma electr\u00f3nica.<\/li>\n<li>Datos de caracter\u00edsticas personales: estado civil, fecha de nacimiento, lugar de nacimiento, edad, sexo, nacionalidad.<\/li>\n<li>Datos de transacciones de bienes y servicios: bienes y servicios relacionados con la actividad inherente del Ayuntamiento.<\/li>\n<\/ul>\n<h3>\u00bfDrante cu\u00e1nto tiempo tratar\u00e1 el Ayuntamiento los datos personales?<\/h3>\n<p>Sus datos ser\u00e1n conservados mientras sean necesarios para la finalidad con la que fueron recabados y durante los plazos legalmente exigidos para las posibles responsabilidades derivadas.<\/p>\n<h3>\u00bfA qu\u00e9 destinatarios se comunicar\u00e1n los datos del usuario?<\/h3>\n<p>Los datos personales facilitados por el usuario no ser\u00e1n comunicados a terceros, salvo que ello sea necesario para la prestaci\u00f3n de los servicios solicitados, cuando el usuario hubiera aceptado expresamente su comunicaci\u00f3n. Sus datos podr\u00e1n ser comunicados excepcionalmente a otras Administraciones P\u00fablicas cuando as\u00ed lo requiera la solicitud o exista una obligaci\u00f3n legal.<\/p>\n<h3>\u00bfQu\u00e9 responsabilidad tiene el usuario?<\/h3>\n<p>Usted ser\u00e1 responsable de que los datos que facilite al Ayuntamiento sean verdaderos, exactos, completos y actualizados. A estos efectos, usted responder\u00e1 de la veracidad de todos los datos que comunique y deber\u00e1 mantener debidamente actualizada la informaci\u00f3n facilitada, de tal forma que responda a su situaci\u00f3n real.<\/p>\n<p>Igualmente, ser\u00e1 responsable de las informaciones falsas o inexactas que proporcione a trav\u00e9s de la web y de los datos y perjuicios, directas o indirectas, que ello cause al Ayuntamiento o a terceros.<\/p>\n<h3>\u00bfQu\u00e9 derechos tiene el usuario?<\/h3>\n<p>El ejercicio de los derechos por parte del usuario es gratuito y puede realizarse en cualquier momento, debiendo dirigir una comunicaci\u00f3n escrita, junto con la fotocopia del Documento Nacional de Identidad u otro medio v\u00e1lido en derecho que acredite la identidad del usuario, a la siguiente direcci\u00f3n: Plaza del pueblo 1, 28410, Manzanares El Real (Madrid), o a trav\u00e9s del correo electr\u00f3nico dpd@manzanareselreal.es<\/p>\n<p>Los derechos que puede ejercer son:<\/p>\n<ul>\n<li>Revocar el consentimiento a los tratamientos.<\/li>\n<li>Acceder a sus datos personales.<\/li>\n<li>Rectificar los datos inexactos o incompletos.<\/li>\n<li>Solicitar la supresi\u00f3n de sus datos cuando, entre otros motivos, los datos ya no sean necesarios para los fines para los que fueron recogidos.<\/li>\n<li>Obtener del Ayuntamiento la limitaci\u00f3n del tratamiento cuando se cumpla alguna de las condiciones previstas en la normativa de protecci\u00f3n de datos.<\/li>\n<li>Solicitar la portabilidad de sus datos.<\/li>\n<li>Reclamar ante la Agencia Espa\u00f1ola de Protecci\u00f3n de Datos (www.aepd.es) cuando usted considere que el Ayuntamiento ha vulnerado los derechos que le son reconocidos por la normativa aplicable en materia de protecci\u00f3n de datos.<\/li>\n<\/ul>\n<p>El Ayuntamiento pone en conocimiento de los usuarios que el ejercicio de estos derechos es personal\u00edsimo, por lo que \u00fanicamente el propio usuario podr\u00e1 ejercer dichos derechos respecto de los datos personales de los que es leg\u00edtimo titular. No obstante, y en los casos en que excepcionalmente se admita, el representante autorizado del usuario podr\u00e1 ejercitar los derechos que a este le asisten en los t\u00e9rminos expuestos, siempre que acompa\u00f1e la mencionada comunicaci\u00f3n con el documento acreditativo de tal representaci\u00f3n.<\/p>\n<p>El Ayuntamiento informa que el ejercicio de los citados derechos por un tercero no autorizado legalmente por el usuario, podr\u00eda suponer la comisi\u00f3n del delito de descubrimiento y revelaci\u00f3n de secretos previsto por el apartado segundo del art\u00edculo 197 del C\u00f3digo Penal, castigado con penas de prisi\u00f3n de uno a cuatro a\u00f1os y multa de doce a veinticuatro meses; sin perjuicio de otras consecuencias a las que debiera enfrentarse a consecuencia de cualesquiera acciones civiles o administrativas a las que tuvieran derecho tanto el usuario leg\u00edtimo titular de los datos personales, como el Ayuntamiento.<\/p>\n<h3>\u00bfEs seguro facilitar datos personales?<\/h3>\n<p>El Ayuntamiento tratar\u00e1 los datos personales en todo momento de forma absolutamente confidencial y guardando el preceptivo deber de secreto respecto de los mismos, de conformidad con lo previsto en la normativa de aplicaci\u00f3n, adoptando al efecto las medidas de \u00edndole t\u00e9cnica y organizativas necesarias que garanticen la seguridad de sus datos y eviten su alteraci\u00f3n, p\u00e9rdida, tratamiento o acceso no autorizado, habida cuenta del estado de la tecnolog\u00eda, la naturaleza de los datos almacenados y los riesgos a que est\u00e1n expuestos.<\/p>\n<h3>\u00bfPuede cambiar la Pol\u00edtica de Privacidad?<\/h3>\n<p>El Ayuntamiento se reserva el derecho a modificar la presente Pol\u00edtica de Privacidad a fin de adaptarla a las novedades legislativas que fueran procedentes. En dichos supuestos, y si es preceptivo, se anunciar\u00e1 en la web y\/o a trav\u00e9s de correo electr\u00f3nico los cambios introducidos con una antelaci\u00f3n razonable a la de su puesta en pr\u00e1ctica.<\/p>\n<h3>Recomendaciones a los usuarios<\/h3>\n<p>El Ayuntamiento recomienda a los usuarios que utilicen las \u00faltimas versiones de los programas inform\u00e1ticos dada la incorporaci\u00f3n en estos de mayores medidas de seguridad.<\/p>\n<p>Igualmente, el Ayuntamiento recomienda a los usuarios utilizar los mecanismos de seguridad que tengan a su alcance (servidores Web seguros, criptograf\u00eda, firma digital, firewall, etc.) para proteger la confidencialidad e integridad de sus datos en la medida en que le resulte necesario, dado que existen riesgos de suplantaci\u00f3n de la personalidad o violaci\u00f3n de la comunicaci\u00f3n.<\/p>\n<p>El Ayuntamiento recuerda a los usuarios que Internet no siempre es todo lo segura que desear\u00edamos, por lo que deben adoptar las medidas t\u00e9cnicas necesarias y adecuadas con el fin de evitar el tratamiento no autorizado de sus datos.<\/p>\n<p>El Ayuntamiento advierte a los usuarios que siempre que proporcionen informaci\u00f3n personal por Internet por medio de correo electr\u00f3nico, grupos de noticias, foros de discusi\u00f3n, etc., tengan presente que dicha informaci\u00f3n puede ser recaba y tratada con finalidades no deseadas por los usuarios, por lo que el Ayuntamiento recomienda a los usuarios que se informen sobre las pol\u00edticas de confidencialidad y privacidad de los sitios en l\u00ednea que visiten.<\/p>\n<p>El Ayuntamiento advierte a los usuarios que tengan presente que, salvo que empleen mecanismos de cifrado, el correo electr\u00f3nico en Internet no es seguro. Los mensajes de correo y los foros de discusi\u00f3n pueden ser objeto de falsificaci\u00f3n y suplantaci\u00f3n de personalidad, lo que debe tenerse en cuenta siempre que se usen. Si no quieren publicar su direcci\u00f3n de correo electr\u00f3nico, configuren su navegador para que no deje su direcci\u00f3n de correo en los servidores web a los que acceden.<\/p>\n\n","protected":false},"excerpt":{"rendered":"<p>Aviso legal Inicio \/ Aviso legal Condiciones legales Pol\u00edtica de Privacidad Es compromiso del Ayuntamiento de Manzanares El Real poner en conocimiento de los usuarios del sitio web su pol\u00edtica respecto del tratamiento y protecci\u00f3n de los datos personales de los usuarios y clientes que recoge de los mismos con motivo de la visualizaci\u00f3n del&hellip;<\/p>\n","protected":false},"author":1,"featured_media":0,"parent":0,"menu_order":0,"comment_status":"closed","ping_status":"open","template":"","meta":{"_acf_changed":false,"footnotes":""},"class_list":["post-3","page","type-page","status-publish","format-standard","hentry"],"acf":[],"yoast_head":"<!-- This site is optimized with the Yoast SEO plugin v27.1.1 - https:\/\/yoast.com\/product\/yoast-seo-wordpress\/ -->\n<title>Aviso legal - Manzanares el Real<\/title>\n<meta name=\"robots\" content=\"index, follow, max-snippet:-1, max-image-preview:large, max-video-preview:-1\" \/>\n<link rel=\"canonical\" href=\"https:\/\/manzanareselreal.org\/es\/aviso-legal\/\" \/>\n<meta property=\"og:locale\" content=\"es_ES\" \/>\n<meta property=\"og:type\" content=\"article\" \/>\n<meta property=\"og:title\" content=\"Aviso legal - Manzanares el Real\" \/>\n<meta property=\"og:description\" content=\"Aviso legal Inicio \/ Aviso legal Condiciones legales Pol\u00edtica de Privacidad Es compromiso del Ayuntamiento de Manzanares El Real poner en conocimiento de los usuarios del sitio web su pol\u00edtica respecto del tratamiento y protecci\u00f3n de los datos personales de los usuarios y clientes que recoge de los mismos con motivo de la visualizaci\u00f3n del&hellip;\" \/>\n<meta property=\"og:url\" content=\"https:\/\/manzanareselreal.org\/es\/aviso-legal\/\" \/>\n<meta property=\"og:site_name\" content=\"Manzanares el Real\" \/>\n<meta property=\"article:modified_time\" content=\"2025-09-16T18:58:33+00:00\" \/>\n<meta name=\"twitter:card\" content=\"summary_large_image\" \/>\n<meta name=\"twitter:label1\" content=\"Tiempo de lectura\" \/>\n\t<meta name=\"twitter:data1\" content=\"8 minutos\" \/>\n<script type=\"application\/ld+json\" class=\"yoast-schema-graph\">{\"@context\":\"https:\/\/schema.org\",\"@graph\":[{\"@type\":\"WebPage\",\"@id\":\"https:\/\/manzanareselreal.org\/es\/aviso-legal\/\",\"url\":\"https:\/\/manzanareselreal.org\/es\/aviso-legal\/\",\"name\":\"Aviso legal - Manzanares el Real\",\"isPartOf\":{\"@id\":\"https:\/\/manzanareselreal.org\/es\/#website\"},\"datePublished\":\"2025-09-10T13:49:37+00:00\",\"dateModified\":\"2025-09-16T18:58:33+00:00\",\"breadcrumb\":{\"@id\":\"https:\/\/manzanareselreal.org\/es\/aviso-legal\/#breadcrumb\"},\"inLanguage\":\"es\",\"potentialAction\":[{\"@type\":\"ReadAction\",\"target\":[\"https:\/\/manzanareselreal.org\/es\/aviso-legal\/\"]}]},{\"@type\":\"BreadcrumbList\",\"@id\":\"https:\/\/manzanareselreal.org\/es\/aviso-legal\/#breadcrumb\",\"itemListElement\":[{\"@type\":\"ListItem\",\"position\":1,\"name\":\"Inicio\",\"item\":\"https:\/\/manzanareselreal.org\/es\/\"},{\"@type\":\"ListItem\",\"position\":2,\"name\":\"Aviso legal\"}]},{\"@type\":\"WebSite\",\"@id\":\"https:\/\/manzanareselreal.org\/es\/#website\",\"url\":\"https:\/\/manzanareselreal.org\/es\/\",\"name\":\"Manzanares el Real\",\"description\":\"En el Parque Nacional de la Sierra de Guadarrama, al pie de La Pedriza, llegar a este municipio de la Sierra Norte es sumergirse en la historia y la naturaleza.\",\"potentialAction\":[{\"@type\":\"SearchAction\",\"target\":{\"@type\":\"EntryPoint\",\"urlTemplate\":\"https:\/\/manzanareselreal.org\/es\/?s={search_term_string}\"},\"query-input\":{\"@type\":\"PropertyValueSpecification\",\"valueRequired\":true,\"valueName\":\"search_term_string\"}}],\"inLanguage\":\"es\"}]}<\/script>\n<!-- \/ Yoast SEO plugin. -->","yoast_head_json":{"title":"Aviso legal - Manzanares el Real","robots":{"index":"index","follow":"follow","max-snippet":"max-snippet:-1","max-image-preview":"max-image-preview:large","max-video-preview":"max-video-preview:-1"},"canonical":"https:\/\/manzanareselreal.org\/es\/aviso-legal\/","og_locale":"es_ES","og_type":"article","og_title":"Aviso legal - Manzanares el Real","og_description":"Aviso legal Inicio \/ Aviso legal Condiciones legales Pol\u00edtica de Privacidad Es compromiso del Ayuntamiento de Manzanares El Real poner en conocimiento de los usuarios del sitio web su pol\u00edtica respecto del tratamiento y protecci\u00f3n de los datos personales de los usuarios y clientes que recoge de los mismos con motivo de la visualizaci\u00f3n del&hellip;","og_url":"https:\/\/manzanareselreal.org\/es\/aviso-legal\/","og_site_name":"Manzanares el Real","article_modified_time":"2025-09-16T18:58:33+00:00","twitter_card":"summary_large_image","twitter_misc":{"Tiempo de lectura":"8 minutos"},"schema":{"@context":"https:\/\/schema.org","@graph":[{"@type":"WebPage","@id":"https:\/\/manzanareselreal.org\/es\/aviso-legal\/","url":"https:\/\/manzanareselreal.org\/es\/aviso-legal\/","name":"Aviso legal - Manzanares el Real","isPartOf":{"@id":"https:\/\/manzanareselreal.org\/es\/#website"},"datePublished":"2025-09-10T13:49:37+00:00","dateModified":"2025-09-16T18:58:33+00:00","breadcrumb":{"@id":"https:\/\/manzanareselreal.org\/es\/aviso-legal\/#breadcrumb"},"inLanguage":"es","potentialAction":[{"@type":"ReadAction","target":["https:\/\/manzanareselreal.org\/es\/aviso-legal\/"]}]},{"@type":"BreadcrumbList","@id":"https:\/\/manzanareselreal.org\/es\/aviso-legal\/#breadcrumb","itemListElement":[{"@type":"ListItem","position":1,"name":"Inicio","item":"https:\/\/manzanareselreal.org\/es\/"},{"@type":"ListItem","position":2,"name":"Aviso legal"}]},{"@type":"WebSite","@id":"https:\/\/manzanareselreal.org\/es\/#website","url":"https:\/\/manzanareselreal.org\/es\/","name":"Manzanares el Real","description":"En el Parque Nacional de la Sierra de Guadarrama, al pie de La Pedriza, llegar a este municipio de la Sierra Norte es sumergirse en la historia y la naturaleza.","potentialAction":[{"@type":"SearchAction","target":{"@type":"EntryPoint","urlTemplate":"https:\/\/manzanareselreal.org\/es\/?s={search_term_string}"},"query-input":{"@type":"PropertyValueSpecification","valueRequired":true,"valueName":"search_term_string"}}],"inLanguage":"es"}]}},"_links":{"self":[{"href":"https:\/\/manzanareselreal.org\/es\/wp-json\/wp\/v2\/pages\/3","targetHints":{"allow":["GET"]}}],"collection":[{"href":"https:\/\/manzanareselreal.org\/es\/wp-json\/wp\/v2\/pages"}],"about":[{"href":"https:\/\/manzanareselreal.org\/es\/wp-json\/wp\/v2\/types\/page"}],"author":[{"embeddable":true,"href":"https:\/\/manzanareselreal.org\/es\/wp-json\/wp\/v2\/users\/1"}],"replies":[{"embeddable":true,"href":"https:\/\/manzanareselreal.org\/es\/wp-json\/wp\/v2\/comments?post=3"}],"version-history":[{"count":7,"href":"https:\/\/manzanareselreal.org\/es\/wp-json\/wp\/v2\/pages\/3\/revisions"}],"predecessor-version":[{"id":447,"href":"https:\/\/manzanareselreal.org\/es\/wp-json\/wp\/v2\/pages\/3\/revisions\/447"}],"wp:attachment":[{"href":"https:\/\/manzanareselreal.org\/es\/wp-json\/wp\/v2\/media?parent=3"}],"curies":[{"name":"wp","href":"https:\/\/api.w.org\/{rel}","templated":true}]}}