{"id":2943,"date":"2025-10-21T14:02:50","date_gmt":"2025-10-21T12:02:50","guid":{"rendered":"https:\/\/openideas.site\/manzanareselreal\/?page_id=2943"},"modified":"2026-02-11T15:32:22","modified_gmt":"2026-02-11T14:32:22","slug":"mercadillo-manzanares-el-real-artesania-y-productos-locales","status":"publish","type":"page","link":"https:\/\/manzanareselreal.org\/es\/mercadillo-manzanares-el-real-artesania-y-productos-locales\/","title":{"rendered":"Compras y comercios"},"content":{"rendered":"<nav id=\"breadcrumbs\" aria-label=\"Breadcrumbs\"><a href=\"https:\/\/manzanareselreal.org\/es\/\">Inicio<\/a> \/ Compras y comercios<\/nav>\r\n<h3>\u00bfTe interesan los productos locales de la sierra?<br \/>\u00bfLas obras de nuestros artesanos?<br \/>\u00bfBuscas alg\u00fan comercio en concreto?<\/h3>\r\n<p>El municipio cuenta con un abundante tejido empresarial donde ser\u00e1s capaz de encontrar lo que buscas. Desde productos gastron\u00f3micos y artesan\u00edas locales a tiendas de equipamiento para tus actividades y comercios para continuar tu viaje.<\/p>\r\n<h3>A continuaci\u00f3n, te dejamos aqu\u00ed la informaci\u00f3n para que puedas localizarlos f\u00e1cilmente.<\/h3>\r\n<p><img loading=\"lazy\" decoding=\"async\" title=\"Directorio-GUIAMER-logo\" src=\"https:\/\/manzanareselreal.org\/wp-content\/uploads\/2025\/10\/Directorio-GUIAMER-logo.png\" alt=\"Directorio-GUIAMER-logo\" width=\"300\" height=\"120\" \/><\/p>\r\n<h4>Si quieres encontrar m\u00e1s informaci\u00f3n sobre los comercios y empresas de Manzanares El Real,<br \/>visita nuestro directorio empresarial, comercial y de servicios p\u00fablicos de la localidad.<\/h4>\r\n<p><a href=\"https:\/\/directorio-empresarial.manzanareselreal.es\/inicio\/\" target=\"_blank\" rel=\"noopener\"> Directorio Municipal <\/a><\/p>\r\n","protected":false},"excerpt":{"rendered":"<p>Inicio \/ Compras y comercios \u00bfTe interesan los productos locales de la sierra?\u00bfLas obras de nuestros artesanos?\u00bfBuscas alg\u00fan comercio en concreto? El municipio cuenta con un abundante tejido empresarial donde ser\u00e1s capaz de encontrar lo que buscas. Desde productos gastron\u00f3micos y artesan\u00edas locales a tiendas de equipamiento para tus actividades y comercios para continuar tu&hellip;<\/p>\n","protected":false},"author":1,"featured_media":2944,"parent":0,"menu_order":0,"comment_status":"closed","ping_status":"closed","template":"","meta":{"_acf_changed":false,"footnotes":""},"class_list":["post-2943","page","type-page","status-publish","format-standard","has-post-thumbnail","hentry"],"acf":[],"yoast_head":"<!-- This site is optimized with the Yoast SEO plugin v27.1.1 - https:\/\/yoast.com\/product\/yoast-seo-wordpress\/ -->\n<title>mercadillo manzanares el real\u200b - artesan\u00eda y productos locales<\/title>\n<meta name=\"description\" content=\"Visita el mercadillo de Manzanares el Real y disfruta de artesan\u00eda, productos locales y ambiente tradicional. Consulta fechas y horarios\" \/>\n<meta name=\"robots\" content=\"index, follow, max-snippet:-1, max-image-preview:large, max-video-preview:-1\" \/>\n<link rel=\"canonical\" href=\"https:\/\/manzanareselreal.org\/es\/mercadillo-manzanares-el-real-artesania-y-productos-locales\/\" \/>\n<meta property=\"og:locale\" content=\"es_ES\" \/>\n<meta property=\"og:type\" content=\"article\" \/>\n<meta property=\"og:title\" content=\"mercadillo manzanares el real\u200b - artesan\u00eda y productos locales\" \/>\n<meta property=\"og:description\" content=\"Visita el mercadillo de Manzanares el Real y disfruta de artesan\u00eda, productos locales y ambiente tradicional. Consulta fechas y horarios\" \/>\n<meta property=\"og:url\" content=\"https:\/\/manzanareselreal.org\/es\/mercadillo-manzanares-el-real-artesania-y-productos-locales\/\" \/>\n<meta property=\"og:site_name\" content=\"Manzanares el Real\" \/>\n<meta property=\"article:modified_time\" content=\"2026-02-11T14:32:22+00:00\" \/>\n<meta property=\"og:image\" content=\"https:\/\/manzanareselreal.org\/wp-content\/uploads\/2025\/10\/compras-comercio.jpg\" \/>\n\t<meta property=\"og:image:width\" content=\"1200\" \/>\n\t<meta property=\"og:image:height\" content=\"653\" \/>\n\t<meta property=\"og:image:type\" content=\"image\/jpeg\" \/>\n<meta name=\"twitter:card\" content=\"summary_large_image\" \/>\n<meta name=\"twitter:label1\" content=\"Tiempo de lectura\" \/>\n\t<meta name=\"twitter:data1\" content=\"1 minuto\" \/>\n<script type=\"application\/ld+json\" class=\"yoast-schema-graph\">{\"@context\":\"https:\/\/schema.org\",\"@graph\":[{\"@type\":\"WebPage\",\"@id\":\"https:\/\/manzanareselreal.org\/es\/mercadillo-manzanares-el-real-artesania-y-productos-locales\/\",\"url\":\"https:\/\/manzanareselreal.org\/es\/mercadillo-manzanares-el-real-artesania-y-productos-locales\/\",\"name\":\"mercadillo manzanares el real\u200b - artesan\u00eda y productos locales\",\"isPartOf\":{\"@id\":\"https:\/\/manzanareselreal.org\/es\/#website\"},\"primaryImageOfPage\":{\"@id\":\"https:\/\/manzanareselreal.org\/es\/mercadillo-manzanares-el-real-artesania-y-productos-locales\/#primaryimage\"},\"image\":{\"@id\":\"https:\/\/manzanareselreal.org\/es\/mercadillo-manzanares-el-real-artesania-y-productos-locales\/#primaryimage\"},\"thumbnailUrl\":\"https:\/\/manzanareselreal.org\/wp-content\/uploads\/2025\/10\/compras-comercio.jpg\",\"datePublished\":\"2025-10-21T12:02:50+00:00\",\"dateModified\":\"2026-02-11T14:32:22+00:00\",\"description\":\"Visita el mercadillo de Manzanares el Real y disfruta de artesan\u00eda, productos locales y ambiente tradicional. Consulta fechas y horarios\",\"breadcrumb\":{\"@id\":\"https:\/\/manzanareselreal.org\/es\/mercadillo-manzanares-el-real-artesania-y-productos-locales\/#breadcrumb\"},\"inLanguage\":\"es\",\"potentialAction\":[{\"@type\":\"ReadAction\",\"target\":[\"https:\/\/manzanareselreal.org\/es\/mercadillo-manzanares-el-real-artesania-y-productos-locales\/\"]}]},{\"@type\":\"ImageObject\",\"inLanguage\":\"es\",\"@id\":\"https:\/\/manzanareselreal.org\/es\/mercadillo-manzanares-el-real-artesania-y-productos-locales\/#primaryimage\",\"url\":\"https:\/\/manzanareselreal.org\/wp-content\/uploads\/2025\/10\/compras-comercio.jpg\",\"contentUrl\":\"https:\/\/manzanareselreal.org\/wp-content\/uploads\/2025\/10\/compras-comercio.jpg\",\"width\":1200,\"height\":653},{\"@type\":\"BreadcrumbList\",\"@id\":\"https:\/\/manzanareselreal.org\/es\/mercadillo-manzanares-el-real-artesania-y-productos-locales\/#breadcrumb\",\"itemListElement\":[{\"@type\":\"ListItem\",\"position\":1,\"name\":\"Inicio\",\"item\":\"https:\/\/manzanareselreal.org\/es\/\"},{\"@type\":\"ListItem\",\"position\":2,\"name\":\"Compras y comercios\"}]},{\"@type\":\"WebSite\",\"@id\":\"https:\/\/manzanareselreal.org\/es\/#website\",\"url\":\"https:\/\/manzanareselreal.org\/es\/\",\"name\":\"Manzanares el Real\",\"description\":\"En el Parque Nacional de la Sierra de Guadarrama, al pie de La Pedriza, llegar a este municipio de la Sierra Norte es sumergirse en la historia y la naturaleza.\",\"potentialAction\":[{\"@type\":\"SearchAction\",\"target\":{\"@type\":\"EntryPoint\",\"urlTemplate\":\"https:\/\/manzanareselreal.org\/es\/?s={search_term_string}\"},\"query-input\":{\"@type\":\"PropertyValueSpecification\",\"valueRequired\":true,\"valueName\":\"search_term_string\"}}],\"inLanguage\":\"es\"}]}<\/script>\n<!-- \/ Yoast SEO plugin. -->","yoast_head_json":{"title":"mercadillo manzanares el real\u200b - artesan\u00eda y productos locales","description":"Visita el mercadillo de Manzanares el Real y disfruta de artesan\u00eda, productos locales y ambiente tradicional. Consulta fechas y horarios","robots":{"index":"index","follow":"follow","max-snippet":"max-snippet:-1","max-image-preview":"max-image-preview:large","max-video-preview":"max-video-preview:-1"},"canonical":"https:\/\/manzanareselreal.org\/es\/mercadillo-manzanares-el-real-artesania-y-productos-locales\/","og_locale":"es_ES","og_type":"article","og_title":"mercadillo manzanares el real\u200b - artesan\u00eda y productos locales","og_description":"Visita el mercadillo de Manzanares el Real y disfruta de artesan\u00eda, productos locales y ambiente tradicional. Consulta fechas y horarios","og_url":"https:\/\/manzanareselreal.org\/es\/mercadillo-manzanares-el-real-artesania-y-productos-locales\/","og_site_name":"Manzanares el Real","article_modified_time":"2026-02-11T14:32:22+00:00","og_image":[{"width":1200,"height":653,"url":"https:\/\/manzanareselreal.org\/wp-content\/uploads\/2025\/10\/compras-comercio.jpg","type":"image\/jpeg"}],"twitter_card":"summary_large_image","twitter_misc":{"Tiempo de lectura":"1 minuto"},"schema":{"@context":"https:\/\/schema.org","@graph":[{"@type":"WebPage","@id":"https:\/\/manzanareselreal.org\/es\/mercadillo-manzanares-el-real-artesania-y-productos-locales\/","url":"https:\/\/manzanareselreal.org\/es\/mercadillo-manzanares-el-real-artesania-y-productos-locales\/","name":"mercadillo manzanares el real\u200b - artesan\u00eda y productos locales","isPartOf":{"@id":"https:\/\/manzanareselreal.org\/es\/#website"},"primaryImageOfPage":{"@id":"https:\/\/manzanareselreal.org\/es\/mercadillo-manzanares-el-real-artesania-y-productos-locales\/#primaryimage"},"image":{"@id":"https:\/\/manzanareselreal.org\/es\/mercadillo-manzanares-el-real-artesania-y-productos-locales\/#primaryimage"},"thumbnailUrl":"https:\/\/manzanareselreal.org\/wp-content\/uploads\/2025\/10\/compras-comercio.jpg","datePublished":"2025-10-21T12:02:50+00:00","dateModified":"2026-02-11T14:32:22+00:00","description":"Visita el mercadillo de Manzanares el Real y disfruta de artesan\u00eda, productos locales y ambiente tradicional. Consulta fechas y horarios","breadcrumb":{"@id":"https:\/\/manzanareselreal.org\/es\/mercadillo-manzanares-el-real-artesania-y-productos-locales\/#breadcrumb"},"inLanguage":"es","potentialAction":[{"@type":"ReadAction","target":["https:\/\/manzanareselreal.org\/es\/mercadillo-manzanares-el-real-artesania-y-productos-locales\/"]}]},{"@type":"ImageObject","inLanguage":"es","@id":"https:\/\/manzanareselreal.org\/es\/mercadillo-manzanares-el-real-artesania-y-productos-locales\/#primaryimage","url":"https:\/\/manzanareselreal.org\/wp-content\/uploads\/2025\/10\/compras-comercio.jpg","contentUrl":"https:\/\/manzanareselreal.org\/wp-content\/uploads\/2025\/10\/compras-comercio.jpg","width":1200,"height":653},{"@type":"BreadcrumbList","@id":"https:\/\/manzanareselreal.org\/es\/mercadillo-manzanares-el-real-artesania-y-productos-locales\/#breadcrumb","itemListElement":[{"@type":"ListItem","position":1,"name":"Inicio","item":"https:\/\/manzanareselreal.org\/es\/"},{"@type":"ListItem","position":2,"name":"Compras y comercios"}]},{"@type":"WebSite","@id":"https:\/\/manzanareselreal.org\/es\/#website","url":"https:\/\/manzanareselreal.org\/es\/","name":"Manzanares el Real","description":"En el Parque Nacional de la Sierra de Guadarrama, al pie de La Pedriza, llegar a este municipio de la Sierra Norte es sumergirse en la historia y la naturaleza.","potentialAction":[{"@type":"SearchAction","target":{"@type":"EntryPoint","urlTemplate":"https:\/\/manzanareselreal.org\/es\/?s={search_term_string}"},"query-input":{"@type":"PropertyValueSpecification","valueRequired":true,"valueName":"search_term_string"}}],"inLanguage":"es"}]}},"_links":{"self":[{"href":"https:\/\/manzanareselreal.org\/es\/wp-json\/wp\/v2\/pages\/2943","targetHints":{"allow":["GET"]}}],"collection":[{"href":"https:\/\/manzanareselreal.org\/es\/wp-json\/wp\/v2\/pages"}],"about":[{"href":"https:\/\/manzanareselreal.org\/es\/wp-json\/wp\/v2\/types\/page"}],"author":[{"embeddable":true,"href":"https:\/\/manzanareselreal.org\/es\/wp-json\/wp\/v2\/users\/1"}],"replies":[{"embeddable":true,"href":"https:\/\/manzanareselreal.org\/es\/wp-json\/wp\/v2\/comments?post=2943"}],"version-history":[{"count":7,"href":"https:\/\/manzanareselreal.org\/es\/wp-json\/wp\/v2\/pages\/2943\/revisions"}],"predecessor-version":[{"id":3809,"href":"https:\/\/manzanareselreal.org\/es\/wp-json\/wp\/v2\/pages\/2943\/revisions\/3809"}],"wp:featuredmedia":[{"embeddable":true,"href":"https:\/\/manzanareselreal.org\/es\/wp-json\/wp\/v2\/media\/2944"}],"wp:attachment":[{"href":"https:\/\/manzanareselreal.org\/es\/wp-json\/wp\/v2\/media?parent=2943"}],"curies":[{"name":"wp","href":"https:\/\/api.w.org\/{rel}","templated":true}]}}