{"id":2756,"date":"2025-10-20T09:54:46","date_gmt":"2025-10-20T07:54:46","guid":{"rendered":"https:\/\/openideas.site\/manzanareselreal\/?page_id=2756"},"modified":"2025-11-26T11:56:04","modified_gmt":"2025-11-26T10:56:04","slug":"embalse-manzanares-el-real-naturaleza-y-actividades","status":"publish","type":"page","link":"https:\/\/manzanareselreal.org\/es\/que-hacer-en-manzanares-el-real-turismo-naturaleza-y-cultural\/actividades-deportivas-manzanares-el-real-aventura-y-naturaleza\/embalse-manzanares-el-real-naturaleza-y-actividades\/","title":{"rendered":"Pesca"},"content":{"rendered":"<nav id=\"breadcrumbs\" aria-label=\"Breadcrumbs\"><a href=\"https:\/\/manzanareselreal.org\/es\/\">Inicio<\/a> \/ <a href=\"https:\/\/manzanareselreal.org\/es\/que-hacer\/\">Qu\u00e9 hacer<\/a> \/ <a href=\"https:\/\/manzanareselreal.org\/es\/que-hacer\/turismo-deportivo\/\">Turismo deportivo<\/a> \/ Pesca<\/nav>\r\n<p>Permitidas mascotas Adecuado para ni\u00f1os Actividad <img decoding=\"async\" src=\"https:\/\/manzanareselreal.org\/wp-content\/uploads\/2025\/09\/ornament10.png\" alt=\"Un destino ideal para los amantes de la pesca deportiva\" \/><\/p>\r\n<h3>Un destino ideal para los amantes de la pesca deportiva<\/h3>\r\n<p>En modalidad de captura y suelta, en el r\u00edo Manzanares o en el Embalse de Santillana, tenemos espacios naturales para todos los gustos<\/p>\r\n<h4>Informaci\u00f3n:<\/h4>\r\n<p>Bar Pedriza City<br \/>Plaza de Adolfo Su\u00e1rez, 7<br \/>28410 Manzanares El Real.<\/p>\r\n<p>Lunes a domingo de 8:00 a 23:00 h. (mi\u00e9rcoles cerrado)<\/p>\r\n<p><a href=\"http:\/\/clubdepescasantillana.com\/\">Club de Pesca Santillana<\/a><br \/><a href=\"https:\/\/www.comunidad.madrid\/servicios\/urbanismo-medio-ambiente\/permisos-autorizaciones-pesca\">Oficina de Gesti\u00f3n de Madrid<\/a><\/p>\r\n<h4>Normativas oficiales<\/h4>\r\n<ul id=\"listaNormativas\">\r\n<li><a href=\"https:\/\/manzanareselreal.org\/siteresources\/files\/0\/41.pdf\">Relaci\u00f3n de tramos acotados y normas B.O.CM. N\u00famero 62<\/a><\/li>\r\n<li><a href=\"https:\/\/www.comunidad.madrid\/servicios\/urbanismo-medio-ambiente\/especies-normas-pesca\">Especies y normas de pesca de la Comunidad de Madrid<\/a><\/li>\r\n<\/ul>\r\n<p>Como tantas otras actividades deportivas que puedes realizar en Manzanares El Real, la pesca es uno de esos placeres que puedes disfrutar en diferentes espacios, a tu gusto.<\/p>\r\n<p>\u00bfD\u00f3nde quieres pescar? \u00bfPrefieres las aguas r\u00e1pidas del r\u00edo Manzanares y disfrutar de sus riveras? \u00bfO prefieres la tranquilidad del Embalse de Santillana, con zonas rocosas y playas en la \u00e9poca de est\u00edo?<\/p>\r\n<p>El espacio natural en el que practicas la pesca deportiva es mucho m\u00e1s importante de lo crees, y sus normas son esenciales para garantizar su conservaci\u00f3n. Por eso debes recordar que:<\/p>\r\n<ul>\r\n<li>Las especies pescables son: carpa, lucio, alburno, carp\u00edn y percasol.<\/li>\r\n<li>Puedes pescar todos los d\u00edas del a\u00f1o, una hora antes de la salida del Sol hasta una hora despu\u00e9s de la puesta.<\/li>\r\n<li>Solo puedes tener dos ca\u00f1as al alcance de la mano como m\u00e1ximo.<\/li>\r\n<li>Est\u00e1 prohibido hacer fuego, acampar y tirar basura.<\/li>\r\n<\/ul>\r\n<h3>Tramos de pesca en Manzanares El Real<\/h3>\r\n<p><em>Te presentamos los dos espacios naturales donde podr\u00e1s pescar con sus tramos espec\u00edficos, para que no te pierdas<\/em><\/p>\r\n<p>En el Embalse de Santillana<\/p>\r\n<table cellpadding=\"20\">\r\n<tbody>\r\n<tr>\r\n<td>\r\n<p><strong>TRAMO A:<\/strong>\u00a0Desde el Puente del Arroyo de Samburiel, margen izquierdo, y del r\u00edo Manzanares hasta el margen del Embalse de Santillana, definido por la trayectoria de la ca\u00f1ada o antigua carretera de Madrid a Manzanares (perpendicular al Embalse tras el Cuartel de la Guardia Civil).<\/p>\r\n<p><strong>TRAMO B:<\/strong>\u00a0En el margen izquierdo del embalse desde la desembocadura del arroyo de Chozas hasta el punto que dista 650 metros del muro de la presa. Vedado, excepto autorizaci\u00f3n expresa de la Consejer\u00eda de Medio Ambiente, Ordenaci\u00f3n del Territorio Y Sostenibilidad para concursos oficiales federativos de pesca.<\/p>\r\n<p><strong>TRAMO C:<\/strong>\u00a0Margen derecho del Embalse, desde el Puente del Arroyo de Samburiel hasta el punto se\u00f1alado a la altura de la finca del Espinarejo. Los permisos son v\u00e1lidos para la pesca en los tramos A y C, indistintamente, con independencia del lugar de expedici\u00f3n de los mismos.<\/p>\r\n<\/td>\r\n<td width=\"50%\"><img decoding=\"async\" src=\"https:\/\/manzanareselreal.org\/wp-content\/uploads\/2025\/10\/89.webp\" alt=\"\" width=\"100%\" \/><\/td>\r\n<\/tr>\r\n<\/tbody>\r\n<\/table>\r\n<p>En el R\u00edo Manzanares<\/p>\r\n<table cellpadding=\"20\">\r\n<tbody>\r\n<tr>\r\n<td>\r\n<p><strong>Manzanares I Tramo I:<\/strong>\u00a0entre la presa de abastecimiento del T\u00e9rmino Municipal de Manzanares y el punto del r\u00edo a la altura del aparcamiento de El Tranco (final de la carretera de la Avda de La Pedriza).<\/p>\r\n<p><strong>Manzanares I Tramo II:<\/strong>\u00a0desde el l\u00edmite inferior del Manzanares I Tramo I, hasta su desembocadura en el embalse de Santillana (captura y suelta).<\/p>\r\n<\/td>\r\n<td width=\"50%\"><img decoding=\"async\" src=\"https:\/\/manzanareselreal.org\/wp-content\/uploads\/2025\/10\/90-1.webp\" alt=\"\" width=\"100%\" \/><\/td>\r\n<\/tr>\r\n<\/tbody>\r\n<\/table>\r\n<h3>En im\u00e1genes<\/h3>\r\n<figure><img loading=\"lazy\" decoding=\"async\" src=\"https:\/\/manzanareselreal.org\/wp-content\/uploads\/2025\/10\/259-1024x683.webp\" srcset=\"https:\/\/manzanareselreal.org\/wp-content\/uploads\/2025\/10\/259-1024x683.webp 1024w, https:\/\/manzanareselreal.org\/wp-content\/uploads\/2025\/10\/259-300x200.webp 300w, https:\/\/manzanareselreal.org\/wp-content\/uploads\/2025\/10\/259-768x512.webp 768w, https:\/\/manzanareselreal.org\/wp-content\/uploads\/2025\/10\/259-1536x1024.webp 1536w, https:\/\/manzanareselreal.org\/wp-content\/uploads\/2025\/10\/259-2048x1365.webp 2048w\" alt=\"\" width=\"1024\" height=\"683\" \/> <!-- Overlay Wrapper --><!-- Overlay Wrapper Closed --><\/figure>\r\n<p>&nbsp;<\/p>\r\n<figure><img loading=\"lazy\" decoding=\"async\" src=\"https:\/\/manzanareselreal.org\/wp-content\/uploads\/2025\/10\/260.webp\" srcset=\"https:\/\/manzanareselreal.org\/wp-content\/uploads\/2025\/10\/260.webp 500w, https:\/\/manzanareselreal.org\/wp-content\/uploads\/2025\/10\/260-300x161.webp 300w\" alt=\"\" width=\"500\" height=\"269\" \/> <!-- Overlay Wrapper --><!-- Overlay Wrapper Closed --><\/figure>\r\n<p>&nbsp;<\/p>\r\n<figure><img loading=\"lazy\" decoding=\"async\" src=\"https:\/\/manzanareselreal.org\/wp-content\/uploads\/2025\/10\/261-1024x1024.webp\" srcset=\"https:\/\/manzanareselreal.org\/wp-content\/uploads\/2025\/10\/261-1024x1024.webp 1024w, https:\/\/manzanareselreal.org\/wp-content\/uploads\/2025\/10\/261-300x300.webp 300w, https:\/\/manzanareselreal.org\/wp-content\/uploads\/2025\/10\/261-150x150.webp 150w, https:\/\/manzanareselreal.org\/wp-content\/uploads\/2025\/10\/261-768x768.webp 768w, https:\/\/manzanareselreal.org\/wp-content\/uploads\/2025\/10\/261-1536x1536.webp 1536w, https:\/\/manzanareselreal.org\/wp-content\/uploads\/2025\/10\/261.webp 1920w\" alt=\"\" width=\"1024\" height=\"1024\" \/> <!-- Overlay Wrapper --><!-- Overlay Wrapper Closed --><\/figure>\r\n<p>&nbsp;<\/p>\r\n<figure><img loading=\"lazy\" decoding=\"async\" src=\"https:\/\/manzanareselreal.org\/wp-content\/uploads\/2025\/10\/262-1024x685.webp\" srcset=\"https:\/\/manzanareselreal.org\/wp-content\/uploads\/2025\/10\/262-1024x685.webp 1024w, https:\/\/manzanareselreal.org\/wp-content\/uploads\/2025\/10\/262-300x201.webp 300w, https:\/\/manzanareselreal.org\/wp-content\/uploads\/2025\/10\/262-768x514.webp 768w, https:\/\/manzanareselreal.org\/wp-content\/uploads\/2025\/10\/262-1536x1028.webp 1536w, https:\/\/manzanareselreal.org\/wp-content\/uploads\/2025\/10\/262.webp 1920w\" alt=\"\" width=\"1024\" height=\"685\" \/> <!-- Overlay Wrapper --><!-- Overlay Wrapper Closed --><\/figure>\r\n<p>&nbsp;<\/p>\r\n<figure><img loading=\"lazy\" decoding=\"async\" src=\"https:\/\/manzanareselreal.org\/wp-content\/uploads\/2025\/10\/263-1024x768.webp\" srcset=\"https:\/\/manzanareselreal.org\/wp-content\/uploads\/2025\/10\/263-1024x768.webp 1024w, https:\/\/manzanareselreal.org\/wp-content\/uploads\/2025\/10\/263-300x225.webp 300w, https:\/\/manzanareselreal.org\/wp-content\/uploads\/2025\/10\/263-768x576.webp 768w, https:\/\/manzanareselreal.org\/wp-content\/uploads\/2025\/10\/263.webp 1400w\" alt=\"\" width=\"1024\" height=\"768\" \/> <!-- Overlay Wrapper --><!-- Overlay Wrapper Closed --><\/figure>\r\n<p>&nbsp;<\/p>\r\n<figure><img loading=\"lazy\" decoding=\"async\" src=\"https:\/\/manzanareselreal.org\/wp-content\/uploads\/2025\/10\/264.webp\" srcset=\"https:\/\/manzanareselreal.org\/wp-content\/uploads\/2025\/10\/264.webp 700w, https:\/\/manzanareselreal.org\/wp-content\/uploads\/2025\/10\/264-300x206.webp 300w\" alt=\"\" width=\"700\" height=\"480\" \/> <!-- Overlay Wrapper --><!-- Overlay Wrapper Closed --><\/figure>\r\n<p>&nbsp;<\/p>\r\n<!-- navigation arrows -->\r\n<p><button tabindex=\"0\" role=\"button\" aria-label=\"Previous slide\"> <\/button> <button tabindex=\"0\" role=\"button\" aria-label=\"Next slide\"> <\/button> <img decoding=\"async\" src=\"https:\/\/manzanareselreal.org\/wp-content\/uploads\/2025\/09\/ornament3.png\" alt=\"Actividades en Manzanares El Real\" \/><\/p>\r\n<h3>Actividades en Manzanares El Real<\/h3>\r\n<p>Date un capricho y reg\u00e1laselo a tus cinco sentidos.<\/p>\r\n<p><img decoding=\"async\" title=\"camina\" src=\"https:\/\/manzanareselreal.org\/wp-content\/uploads\/2025\/09\/camina.webp\" alt=\"camina\" \/><\/p>\r\n<h3>CAMINA<\/h3>\r\n<p><img decoding=\"async\" title=\"corre\" src=\"https:\/\/manzanareselreal.org\/wp-content\/uploads\/2025\/09\/corre.webp\" alt=\"corre\" \/><\/p>\r\n<h3>CORRE<\/h3>\r\n<p><img decoding=\"async\" title=\"pedalea\" src=\"https:\/\/manzanareselreal.org\/wp-content\/uploads\/2025\/09\/pedalea.webp\" alt=\"pedalea\" \/><\/p>\r\n<h3>PEDALEA<\/h3>\r\n<p><img decoding=\"async\" title=\"escala\" src=\"https:\/\/manzanareselreal.org\/wp-content\/uploads\/2025\/09\/escala.webp\" alt=\"escala\" \/><\/p>\r\n<h3>ESCALA<\/h3>\r\n<p><img decoding=\"async\" title=\"pesca\" src=\"https:\/\/manzanareselreal.org\/wp-content\/uploads\/2025\/09\/pesca.png\" alt=\"pesca\" \/><\/p>\r\n<h3>PESCA<\/h3>\r\n","protected":false},"excerpt":{"rendered":"<p>Inicio \/ Qu\u00e9 hacer \/ Turismo deportivo \/ Pesca Permitidas mascotas Adecuado para ni\u00f1os Actividad Un destino ideal para los amantes de la pesca deportiva En modalidad de captura y suelta, en el r\u00edo Manzanares o en el Embalse de Santillana, tenemos espacios naturales para todos los gustos Informaci\u00f3n: Bar Pedriza CityPlaza de Adolfo Su\u00e1rez,&hellip;<\/p>\n","protected":false},"author":1,"featured_media":0,"parent":1355,"menu_order":0,"comment_status":"closed","ping_status":"closed","template":"","meta":{"_acf_changed":false,"footnotes":""},"class_list":["post-2756","page","type-page","status-publish","format-standard","hentry"],"acf":[],"yoast_head":"<!-- This site is optimized with the Yoast SEO plugin v27.1.1 - https:\/\/yoast.com\/product\/yoast-seo-wordpress\/ -->\n<title>Pesca - Manzanares el Real<\/title>\n<meta name=\"description\" content=\"Visita el embalse de Manzanares el Real y disfruta de un entorno tranquilo para pasear, observar fauna y desconectar en plena naturaleza.\" \/>\n<meta name=\"robots\" content=\"index, follow, max-snippet:-1, max-image-preview:large, max-video-preview:-1\" \/>\n<link rel=\"canonical\" href=\"https:\/\/manzanareselreal.org\/es\/que-hacer-en-manzanares-el-real-turismo-naturaleza-y-cultural\/actividades-deportivas-manzanares-el-real-aventura-y-naturaleza\/embalse-manzanares-el-real-naturaleza-y-actividades\/\" \/>\n<meta property=\"og:locale\" content=\"es_ES\" \/>\n<meta property=\"og:type\" content=\"article\" \/>\n<meta property=\"og:title\" content=\"Pesca - Manzanares el Real\" \/>\n<meta property=\"og:description\" content=\"Visita el embalse de Manzanares el Real y disfruta de un entorno tranquilo para pasear, observar fauna y desconectar en plena naturaleza.\" \/>\n<meta property=\"og:url\" content=\"https:\/\/manzanareselreal.org\/es\/que-hacer-en-manzanares-el-real-turismo-naturaleza-y-cultural\/actividades-deportivas-manzanares-el-real-aventura-y-naturaleza\/embalse-manzanares-el-real-naturaleza-y-actividades\/\" \/>\n<meta property=\"og:site_name\" content=\"Manzanares el Real\" \/>\n<meta property=\"article:modified_time\" content=\"2025-11-26T10:56:04+00:00\" \/>\n<meta property=\"og:image\" content=\"https:\/\/manzanareselreal.org\/wp-content\/uploads\/2025\/09\/ornament10.png\" \/>\n<meta name=\"twitter:card\" content=\"summary_large_image\" \/>\n<meta name=\"twitter:label1\" content=\"Tiempo de lectura\" \/>\n\t<meta name=\"twitter:data1\" content=\"6 minutos\" \/>\n<script type=\"application\/ld+json\" class=\"yoast-schema-graph\">{\"@context\":\"https:\/\/schema.org\",\"@graph\":[{\"@type\":\"WebPage\",\"@id\":\"https:\/\/manzanareselreal.org\/es\/que-hacer-en-manzanares-el-real-turismo-naturaleza-y-cultural\/actividades-deportivas-manzanares-el-real-aventura-y-naturaleza\/embalse-manzanares-el-real-naturaleza-y-actividades\/\",\"url\":\"https:\/\/manzanareselreal.org\/es\/que-hacer-en-manzanares-el-real-turismo-naturaleza-y-cultural\/actividades-deportivas-manzanares-el-real-aventura-y-naturaleza\/embalse-manzanares-el-real-naturaleza-y-actividades\/\",\"name\":\"Pesca - Manzanares el Real\",\"isPartOf\":{\"@id\":\"https:\/\/manzanareselreal.org\/es\/#website\"},\"primaryImageOfPage\":{\"@id\":\"https:\/\/manzanareselreal.org\/es\/que-hacer-en-manzanares-el-real-turismo-naturaleza-y-cultural\/actividades-deportivas-manzanares-el-real-aventura-y-naturaleza\/embalse-manzanares-el-real-naturaleza-y-actividades\/#primaryimage\"},\"image\":{\"@id\":\"https:\/\/manzanareselreal.org\/es\/que-hacer-en-manzanares-el-real-turismo-naturaleza-y-cultural\/actividades-deportivas-manzanares-el-real-aventura-y-naturaleza\/embalse-manzanares-el-real-naturaleza-y-actividades\/#primaryimage\"},\"thumbnailUrl\":\"https:\/\/manzanareselreal.org\/wp-content\/uploads\/2025\/09\/ornament10.png\",\"datePublished\":\"2025-10-20T07:54:46+00:00\",\"dateModified\":\"2025-11-26T10:56:04+00:00\",\"description\":\"Visita el embalse de Manzanares el Real y disfruta de un entorno tranquilo para pasear, observar fauna y desconectar en plena naturaleza.\",\"breadcrumb\":{\"@id\":\"https:\/\/manzanareselreal.org\/es\/que-hacer-en-manzanares-el-real-turismo-naturaleza-y-cultural\/actividades-deportivas-manzanares-el-real-aventura-y-naturaleza\/embalse-manzanares-el-real-naturaleza-y-actividades\/#breadcrumb\"},\"inLanguage\":\"es\",\"potentialAction\":[{\"@type\":\"ReadAction\",\"target\":[\"https:\/\/manzanareselreal.org\/es\/que-hacer-en-manzanares-el-real-turismo-naturaleza-y-cultural\/actividades-deportivas-manzanares-el-real-aventura-y-naturaleza\/embalse-manzanares-el-real-naturaleza-y-actividades\/\"]}]},{\"@type\":\"ImageObject\",\"inLanguage\":\"es\",\"@id\":\"https:\/\/manzanareselreal.org\/es\/que-hacer-en-manzanares-el-real-turismo-naturaleza-y-cultural\/actividades-deportivas-manzanares-el-real-aventura-y-naturaleza\/embalse-manzanares-el-real-naturaleza-y-actividades\/#primaryimage\",\"url\":\"https:\/\/manzanareselreal.org\/wp-content\/uploads\/2025\/09\/ornament10.png\",\"contentUrl\":\"https:\/\/manzanareselreal.org\/wp-content\/uploads\/2025\/09\/ornament10.png\"},{\"@type\":\"BreadcrumbList\",\"@id\":\"https:\/\/manzanareselreal.org\/es\/que-hacer-en-manzanares-el-real-turismo-naturaleza-y-cultural\/actividades-deportivas-manzanares-el-real-aventura-y-naturaleza\/embalse-manzanares-el-real-naturaleza-y-actividades\/#breadcrumb\",\"itemListElement\":[{\"@type\":\"ListItem\",\"position\":1,\"name\":\"Inicio\",\"item\":\"https:\/\/manzanareselreal.org\/es\/\"},{\"@type\":\"ListItem\",\"position\":2,\"name\":\"Qu\u00e9 hacer\",\"item\":\"https:\/\/manzanareselreal.org\/es\/que-hacer-en-manzanares-el-real-turismo-naturaleza-y-cultural\/\"},{\"@type\":\"ListItem\",\"position\":3,\"name\":\"Turismo deportivo\",\"item\":\"https:\/\/manzanareselreal.org\/es\/que-hacer-en-manzanares-el-real-turismo-naturaleza-y-cultural\/actividades-deportivas-manzanares-el-real-aventura-y-naturaleza\/\"},{\"@type\":\"ListItem\",\"position\":4,\"name\":\"Pesca\"}]},{\"@type\":\"WebSite\",\"@id\":\"https:\/\/manzanareselreal.org\/es\/#website\",\"url\":\"https:\/\/manzanareselreal.org\/es\/\",\"name\":\"Manzanares el Real\",\"description\":\"En el Parque Nacional de la Sierra de Guadarrama, al pie de La Pedriza, llegar a este municipio de la Sierra Norte es sumergirse en la historia y la naturaleza.\",\"potentialAction\":[{\"@type\":\"SearchAction\",\"target\":{\"@type\":\"EntryPoint\",\"urlTemplate\":\"https:\/\/manzanareselreal.org\/es\/?s={search_term_string}\"},\"query-input\":{\"@type\":\"PropertyValueSpecification\",\"valueRequired\":true,\"valueName\":\"search_term_string\"}}],\"inLanguage\":\"es\"}]}<\/script>\n<!-- \/ Yoast SEO plugin. -->","yoast_head_json":{"title":"Pesca - Manzanares el Real","description":"Visita el embalse de Manzanares el Real y disfruta de un entorno tranquilo para pasear, observar fauna y desconectar en plena naturaleza.","robots":{"index":"index","follow":"follow","max-snippet":"max-snippet:-1","max-image-preview":"max-image-preview:large","max-video-preview":"max-video-preview:-1"},"canonical":"https:\/\/manzanareselreal.org\/es\/que-hacer-en-manzanares-el-real-turismo-naturaleza-y-cultural\/actividades-deportivas-manzanares-el-real-aventura-y-naturaleza\/embalse-manzanares-el-real-naturaleza-y-actividades\/","og_locale":"es_ES","og_type":"article","og_title":"Pesca - Manzanares el Real","og_description":"Visita el embalse de Manzanares el Real y disfruta de un entorno tranquilo para pasear, observar fauna y desconectar en plena naturaleza.","og_url":"https:\/\/manzanareselreal.org\/es\/que-hacer-en-manzanares-el-real-turismo-naturaleza-y-cultural\/actividades-deportivas-manzanares-el-real-aventura-y-naturaleza\/embalse-manzanares-el-real-naturaleza-y-actividades\/","og_site_name":"Manzanares el Real","article_modified_time":"2025-11-26T10:56:04+00:00","og_image":[{"url":"https:\/\/manzanareselreal.org\/wp-content\/uploads\/2025\/09\/ornament10.png","type":"","width":"","height":""}],"twitter_card":"summary_large_image","twitter_misc":{"Tiempo de lectura":"6 minutos"},"schema":{"@context":"https:\/\/schema.org","@graph":[{"@type":"WebPage","@id":"https:\/\/manzanareselreal.org\/es\/que-hacer-en-manzanares-el-real-turismo-naturaleza-y-cultural\/actividades-deportivas-manzanares-el-real-aventura-y-naturaleza\/embalse-manzanares-el-real-naturaleza-y-actividades\/","url":"https:\/\/manzanareselreal.org\/es\/que-hacer-en-manzanares-el-real-turismo-naturaleza-y-cultural\/actividades-deportivas-manzanares-el-real-aventura-y-naturaleza\/embalse-manzanares-el-real-naturaleza-y-actividades\/","name":"Pesca - Manzanares el Real","isPartOf":{"@id":"https:\/\/manzanareselreal.org\/es\/#website"},"primaryImageOfPage":{"@id":"https:\/\/manzanareselreal.org\/es\/que-hacer-en-manzanares-el-real-turismo-naturaleza-y-cultural\/actividades-deportivas-manzanares-el-real-aventura-y-naturaleza\/embalse-manzanares-el-real-naturaleza-y-actividades\/#primaryimage"},"image":{"@id":"https:\/\/manzanareselreal.org\/es\/que-hacer-en-manzanares-el-real-turismo-naturaleza-y-cultural\/actividades-deportivas-manzanares-el-real-aventura-y-naturaleza\/embalse-manzanares-el-real-naturaleza-y-actividades\/#primaryimage"},"thumbnailUrl":"https:\/\/manzanareselreal.org\/wp-content\/uploads\/2025\/09\/ornament10.png","datePublished":"2025-10-20T07:54:46+00:00","dateModified":"2025-11-26T10:56:04+00:00","description":"Visita el embalse de Manzanares el Real y disfruta de un entorno tranquilo para pasear, observar fauna y desconectar en plena naturaleza.","breadcrumb":{"@id":"https:\/\/manzanareselreal.org\/es\/que-hacer-en-manzanares-el-real-turismo-naturaleza-y-cultural\/actividades-deportivas-manzanares-el-real-aventura-y-naturaleza\/embalse-manzanares-el-real-naturaleza-y-actividades\/#breadcrumb"},"inLanguage":"es","potentialAction":[{"@type":"ReadAction","target":["https:\/\/manzanareselreal.org\/es\/que-hacer-en-manzanares-el-real-turismo-naturaleza-y-cultural\/actividades-deportivas-manzanares-el-real-aventura-y-naturaleza\/embalse-manzanares-el-real-naturaleza-y-actividades\/"]}]},{"@type":"ImageObject","inLanguage":"es","@id":"https:\/\/manzanareselreal.org\/es\/que-hacer-en-manzanares-el-real-turismo-naturaleza-y-cultural\/actividades-deportivas-manzanares-el-real-aventura-y-naturaleza\/embalse-manzanares-el-real-naturaleza-y-actividades\/#primaryimage","url":"https:\/\/manzanareselreal.org\/wp-content\/uploads\/2025\/09\/ornament10.png","contentUrl":"https:\/\/manzanareselreal.org\/wp-content\/uploads\/2025\/09\/ornament10.png"},{"@type":"BreadcrumbList","@id":"https:\/\/manzanareselreal.org\/es\/que-hacer-en-manzanares-el-real-turismo-naturaleza-y-cultural\/actividades-deportivas-manzanares-el-real-aventura-y-naturaleza\/embalse-manzanares-el-real-naturaleza-y-actividades\/#breadcrumb","itemListElement":[{"@type":"ListItem","position":1,"name":"Inicio","item":"https:\/\/manzanareselreal.org\/es\/"},{"@type":"ListItem","position":2,"name":"Qu\u00e9 hacer","item":"https:\/\/manzanareselreal.org\/es\/que-hacer-en-manzanares-el-real-turismo-naturaleza-y-cultural\/"},{"@type":"ListItem","position":3,"name":"Turismo deportivo","item":"https:\/\/manzanareselreal.org\/es\/que-hacer-en-manzanares-el-real-turismo-naturaleza-y-cultural\/actividades-deportivas-manzanares-el-real-aventura-y-naturaleza\/"},{"@type":"ListItem","position":4,"name":"Pesca"}]},{"@type":"WebSite","@id":"https:\/\/manzanareselreal.org\/es\/#website","url":"https:\/\/manzanareselreal.org\/es\/","name":"Manzanares el Real","description":"En el Parque Nacional de la Sierra de Guadarrama, al pie de La Pedriza, llegar a este municipio de la Sierra Norte es sumergirse en la historia y la naturaleza.","potentialAction":[{"@type":"SearchAction","target":{"@type":"EntryPoint","urlTemplate":"https:\/\/manzanareselreal.org\/es\/?s={search_term_string}"},"query-input":{"@type":"PropertyValueSpecification","valueRequired":true,"valueName":"search_term_string"}}],"inLanguage":"es"}]}},"_links":{"self":[{"href":"https:\/\/manzanareselreal.org\/es\/wp-json\/wp\/v2\/pages\/2756","targetHints":{"allow":["GET"]}}],"collection":[{"href":"https:\/\/manzanareselreal.org\/es\/wp-json\/wp\/v2\/pages"}],"about":[{"href":"https:\/\/manzanareselreal.org\/es\/wp-json\/wp\/v2\/types\/page"}],"author":[{"embeddable":true,"href":"https:\/\/manzanareselreal.org\/es\/wp-json\/wp\/v2\/users\/1"}],"replies":[{"embeddable":true,"href":"https:\/\/manzanareselreal.org\/es\/wp-json\/wp\/v2\/comments?post=2756"}],"version-history":[{"count":3,"href":"https:\/\/manzanareselreal.org\/es\/wp-json\/wp\/v2\/pages\/2756\/revisions"}],"predecessor-version":[{"id":3822,"href":"https:\/\/manzanareselreal.org\/es\/wp-json\/wp\/v2\/pages\/2756\/revisions\/3822"}],"up":[{"embeddable":true,"href":"https:\/\/manzanareselreal.org\/es\/wp-json\/wp\/v2\/pages\/1355"}],"wp:attachment":[{"href":"https:\/\/manzanareselreal.org\/es\/wp-json\/wp\/v2\/media?parent=2756"}],"curies":[{"name":"wp","href":"https:\/\/api.w.org\/{rel}","templated":true}]}}