{"id":2159,"date":"2025-10-14T19:22:13","date_gmt":"2025-10-14T17:22:13","guid":{"rendered":"https:\/\/openideas.site\/manzanareselreal\/?page_id=2159"},"modified":"2025-11-26T11:53:33","modified_gmt":"2025-11-26T10:53:33","slug":"escaladas-en-la-pedriza-experiencias-deportivas","status":"publish","type":"page","link":"https:\/\/manzanareselreal.org\/es\/que-hacer-en-manzanares-el-real-turismo-naturaleza-y-cultural\/actividades-deportivas-manzanares-el-real-aventura-y-naturaleza\/escaladas-en-la-pedriza-experiencias-deportivas\/","title":{"rendered":"Escala"},"content":{"rendered":"\r\n<p><img loading=\"lazy\" decoding=\"async\" title=\"ornament\" src=\"https:\/\/manzanareselreal.org\/wp-content\/uploads\/2025\/09\/ornament.webp\" alt=\"ornament\" width=\"112\" height=\"29\" \/><\/p>\r\n<nav id=\"breadcrumbs\" aria-label=\"Breadcrumbs\"><a href=\"https:\/\/manzanareselreal.org\/es\/\">Inicio<\/a> \/ <a href=\"https:\/\/manzanareselreal.org\/es\/que-hacer\/\">Qu\u00e9 hacer<\/a> \/ <a href=\"https:\/\/manzanareselreal.org\/es\/que-hacer\/turismo-deportivo\/\">Turismo deportivo<\/a> \/ Escala<\/nav>\r\n<p>Permitidas mascotas Adecuado para ni\u00f1os Actividad <img decoding=\"async\" src=\"https:\/\/manzanareselreal.org\/wp-content\/uploads\/2025\/09\/ornament10.png\" alt=\"Las rocas m\u00e1s famosas de la Comunidad de Madrid\" \/><\/p>\r\n<h3>Las rocas m\u00e1s famosas de la Comunidad de Madrid<\/h3>\r\n<p><em>La Sierra de Guadarrama es uno de los espacios naturales de escalada m\u00e1s importantes de la pen\u00ednsula, y Manzanares El Real cuna de su nacimiento y pr\u00e1ctica. Cuando quieras puedes subir.<\/em><\/p>\r\n<h4>Informaci\u00f3n:<\/h4>\r\n<p>Centro de Visitantes La Pedriza:<br \/>Camino de La Pedriza s\/n<br \/>28410 Manzanares El Real. Madrid<\/p>\r\n<p><a href=\"tel:918539978\">91 853 99 78<\/a><\/p>\r\n<p><a href=\"https:\/\/www.comunidad.madrid\/centros\/centro-visitantes-pedriza\">Web del Centro de Visitantes La Pedriza<\/a><br \/><a href=\"https:\/\/www.parquenacionalsierraguadarrama.es\/es\/visita\/actividad\/montanismo-y-escalada\/100-escalada\">Escalada en roca en el Parque Nacional<\/a><\/p>\r\n<h4>Normativas oficiales<\/h4>\r\n<ul id=\"listaNormativas\">\r\n<li><a href=\"https:\/\/www.parquenacionalsierraguadarrama.es\/es\/administracion\/herramientas\/legislacion\/347-prug\">Normativa de escalada en el PRUG del Parque Nacional, art\u00edculo 47, apartado b) Monta\u00f1ismo y escalada en roca<\/a><\/li>\r\n<li><a href=\"https:\/\/www.parquenacionalsierraguadarrama.es\/es\/administracion\/actividades-prug\/354-regulacion-escalada\">Regulaci\u00f3n de la escalada en roca<\/a><\/li>\r\n<\/ul>\r\n<p>Desde que a finales del siglo XIX naciera el monta\u00f1ismo, Manzanares El Real, por la especial roca que forma sus cumbres ha sido, y es, el hogar de algunas de las principales escuelas de escalada del pa\u00eds.<\/p>\r\n<p>Nuestros muros, placas y paredes ofrecen una enorme diversidad para practicar la escalada en bloque, artificial, en adherencia o el bulder. Y La Pedriza, con El Yelmo, es nuestro destino m\u00e1s especial, con cientos de riscos, v\u00edas y sectores que hacen las delicias de los profesionales y de los principiantes.<\/p>\r\n<p>Escala La Tortuga, El Hueso, La Muralla China, La Maliciosa, El Indio, El P\u00e1jaro o El Rodaje, por ejemplo, pero ten siempre mucho cuidado con el entorno que est\u00e1s pisando, inf\u00f3rmate de las normativas espec\u00edficas para poder escalar, respeta la fauna y la flora seg\u00fan el PRUPPAR y ten mucho cuidado en la pr\u00e1ctica con los ni\u00f1os. Solo siguiendo estas buenas pr\u00e1cticas podr\u00e1s disfrutar de verdad de nuestro entorno.<\/p>\r\n<h3>En im\u00e1genes<\/h3>\r\n<figure><img loading=\"lazy\" decoding=\"async\" src=\"https:\/\/manzanareselreal.org\/wp-content\/uploads\/2025\/10\/238-1024x682.webp\" srcset=\"https:\/\/manzanareselreal.org\/wp-content\/uploads\/2025\/10\/238-1024x682.webp 1024w, https:\/\/manzanareselreal.org\/wp-content\/uploads\/2025\/10\/238-300x200.webp 300w, https:\/\/manzanareselreal.org\/wp-content\/uploads\/2025\/10\/238-768x512.webp 768w, https:\/\/manzanareselreal.org\/wp-content\/uploads\/2025\/10\/238.webp 1400w\" alt=\"\" width=\"1024\" height=\"682\" \/> <!-- Overlay Wrapper --><!-- Overlay Wrapper Closed --><\/figure>\r\n<p>&nbsp;<\/p>\r\n<figure><img loading=\"lazy\" decoding=\"async\" src=\"https:\/\/manzanareselreal.org\/wp-content\/uploads\/2025\/10\/239.webp\" alt=\"\" width=\"300\" height=\"172\" \/> <!-- Overlay Wrapper --><!-- Overlay Wrapper Closed --><\/figure>\r\n<p>&nbsp;<\/p>\r\n<figure><img loading=\"lazy\" decoding=\"async\" src=\"https:\/\/manzanareselreal.org\/wp-content\/uploads\/2025\/10\/240.webp\" srcset=\"https:\/\/manzanareselreal.org\/wp-content\/uploads\/2025\/10\/240.webp 600w, https:\/\/manzanareselreal.org\/wp-content\/uploads\/2025\/10\/240-300x200.webp 300w\" alt=\"\" width=\"600\" height=\"400\" \/> <!-- Overlay Wrapper --><!-- Overlay Wrapper Closed --><\/figure>\r\n<p>&nbsp;<\/p>\r\n<figure><img loading=\"lazy\" decoding=\"async\" src=\"https:\/\/manzanareselreal.org\/wp-content\/uploads\/2025\/10\/241.webp\" srcset=\"https:\/\/manzanareselreal.org\/wp-content\/uploads\/2025\/10\/241.webp 700w, https:\/\/manzanareselreal.org\/wp-content\/uploads\/2025\/10\/241-300x206.webp 300w\" alt=\"\" width=\"700\" height=\"480\" \/> <!-- Overlay Wrapper --><!-- Overlay Wrapper Closed --><\/figure>\r\n<p>&nbsp;<\/p>\r\n<figure><img loading=\"lazy\" decoding=\"async\" src=\"https:\/\/manzanareselreal.org\/wp-content\/uploads\/2025\/10\/242.webp\" srcset=\"https:\/\/manzanareselreal.org\/wp-content\/uploads\/2025\/10\/242.webp 700w, https:\/\/manzanareselreal.org\/wp-content\/uploads\/2025\/10\/242-300x206.webp 300w\" alt=\"\" width=\"700\" height=\"480\" \/> <!-- Overlay Wrapper --><!-- Overlay Wrapper Closed --><\/figure>\r\n<p>&nbsp;<\/p>\r\n<figure><img loading=\"lazy\" decoding=\"async\" src=\"https:\/\/manzanareselreal.org\/wp-content\/uploads\/2025\/10\/243.webp\" srcset=\"https:\/\/manzanareselreal.org\/wp-content\/uploads\/2025\/10\/243.webp 700w, https:\/\/manzanareselreal.org\/wp-content\/uploads\/2025\/10\/243-300x206.webp 300w\" alt=\"\" width=\"700\" height=\"480\" \/> <!-- Overlay Wrapper --><!-- Overlay Wrapper Closed --><\/figure>\r\n<p>&nbsp;<\/p>\r\n<figure><img loading=\"lazy\" decoding=\"async\" src=\"https:\/\/manzanareselreal.org\/wp-content\/uploads\/2025\/10\/244.webp\" srcset=\"https:\/\/manzanareselreal.org\/wp-content\/uploads\/2025\/10\/244.webp 700w, https:\/\/manzanareselreal.org\/wp-content\/uploads\/2025\/10\/244-300x206.webp 300w\" alt=\"\" width=\"700\" height=\"480\" \/> <!-- Overlay Wrapper --><!-- Overlay Wrapper Closed --><\/figure>\r\n<p>&nbsp;<\/p>\r\n<figure><img loading=\"lazy\" decoding=\"async\" src=\"https:\/\/manzanareselreal.org\/wp-content\/uploads\/2025\/10\/245-1024x682.webp\" srcset=\"https:\/\/manzanareselreal.org\/wp-content\/uploads\/2025\/10\/245-1024x682.webp 1024w, https:\/\/manzanareselreal.org\/wp-content\/uploads\/2025\/10\/245-300x200.webp 300w, https:\/\/manzanareselreal.org\/wp-content\/uploads\/2025\/10\/245-768x512.webp 768w, https:\/\/manzanareselreal.org\/wp-content\/uploads\/2025\/10\/245.webp 1400w\" alt=\"\" width=\"1024\" height=\"682\" \/> <!-- Overlay Wrapper --><!-- Overlay Wrapper Closed --><\/figure>\r\n<p>&nbsp;<\/p>\r\n<figure><img loading=\"lazy\" decoding=\"async\" src=\"https:\/\/manzanareselreal.org\/wp-content\/uploads\/2025\/10\/246.webp\" srcset=\"https:\/\/manzanareselreal.org\/wp-content\/uploads\/2025\/10\/246.webp 700w, https:\/\/manzanareselreal.org\/wp-content\/uploads\/2025\/10\/246-300x206.webp 300w\" alt=\"\" width=\"700\" height=\"480\" \/> <!-- Overlay Wrapper --><!-- Overlay Wrapper Closed --><\/figure>\r\n<p>&nbsp;<\/p>\r\n<figure><img loading=\"lazy\" decoding=\"async\" src=\"https:\/\/manzanareselreal.org\/wp-content\/uploads\/2025\/10\/247-1024x682.webp\" srcset=\"https:\/\/manzanareselreal.org\/wp-content\/uploads\/2025\/10\/247-1024x682.webp 1024w, https:\/\/manzanareselreal.org\/wp-content\/uploads\/2025\/10\/247-300x200.webp 300w, https:\/\/manzanareselreal.org\/wp-content\/uploads\/2025\/10\/247-768x512.webp 768w, https:\/\/manzanareselreal.org\/wp-content\/uploads\/2025\/10\/247.webp 1400w\" alt=\"\" width=\"1024\" height=\"682\" \/> <!-- Overlay Wrapper --><!-- Overlay Wrapper Closed --><\/figure>\r\n<p>&nbsp;<\/p>\r\n<!-- navigation arrows -->\r\n<p><button tabindex=\"0\" role=\"button\" aria-label=\"Previous slide\"> <\/button> <button tabindex=\"0\" role=\"button\" aria-label=\"Next slide\"> <\/button> <img decoding=\"async\" src=\"https:\/\/manzanareselreal.org\/wp-content\/uploads\/2025\/09\/ornament3.png\" alt=\"Actividades en Manzanares El Real\" \/><\/p>\r\n<h3>Actividades en Manzanares El Real<\/h3>\r\n<p>Date un capricho y reg\u00e1laselo a tus cinco sentidos.<\/p>\r\n<p><img decoding=\"async\" title=\"camina\" src=\"https:\/\/manzanareselreal.org\/wp-content\/uploads\/2025\/09\/camina.webp\" alt=\"camina\" \/><\/p>\r\n<h3>CAMINA<\/h3>\r\n<p><img decoding=\"async\" title=\"corre\" src=\"https:\/\/manzanareselreal.org\/wp-content\/uploads\/2025\/09\/corre.webp\" alt=\"corre\" \/><\/p>\r\n<h3>CORRE<\/h3>\r\n<p><img decoding=\"async\" title=\"pedalea\" src=\"https:\/\/manzanareselreal.org\/wp-content\/uploads\/2025\/09\/pedalea.webp\" alt=\"pedalea\" \/><\/p>\r\n<h3>PEDALEA<\/h3>\r\n<p><img decoding=\"async\" title=\"escala\" src=\"https:\/\/manzanareselreal.org\/wp-content\/uploads\/2025\/09\/escala.webp\" alt=\"escala\" \/><\/p>\r\n<h3>ESCALA<\/h3>\r\n<p><img decoding=\"async\" title=\"pesca\" src=\"https:\/\/manzanareselreal.org\/wp-content\/uploads\/2025\/09\/pesca.png\" alt=\"pesca\" \/><\/p>\r\n<h3>PESCA<\/h3>\r\n","protected":false},"excerpt":{"rendered":"<p>Inicio \/ Qu\u00e9 hacer \/ Turismo deportivo \/ Escala Permitidas mascotas Adecuado para ni\u00f1os Actividad Las rocas m\u00e1s famosas de la Comunidad de Madrid La Sierra de Guadarrama es uno de los espacios naturales de escalada m\u00e1s importantes de la pen\u00ednsula, y Manzanares El Real cuna de su nacimiento y pr\u00e1ctica. Cuando quieras puedes subir.&hellip;<\/p>\n","protected":false},"author":1,"featured_media":0,"parent":1355,"menu_order":0,"comment_status":"closed","ping_status":"closed","template":"","meta":{"_acf_changed":false,"footnotes":""},"class_list":["post-2159","page","type-page","status-publish","format-standard","hentry"],"acf":[],"yoast_head":"<!-- This site is optimized with the Yoast SEO plugin v27.4 - https:\/\/yoast.com\/product\/yoast-seo-wordpress\/ -->\n<title>Escala - Manzanares el Real<\/title>\n<meta name=\"description\" content=\"Vive la experiencia de escalar en La Pedriza: sectores destacados, niveles, tips y normas del parque. Un para\u00edso natural para escaladores.\" \/>\n<meta name=\"robots\" content=\"index, follow, max-snippet:-1, max-image-preview:large, max-video-preview:-1\" \/>\n<link rel=\"canonical\" href=\"https:\/\/manzanareselreal.org\/es\/que-hacer-en-manzanares-el-real-turismo-naturaleza-y-cultural\/actividades-deportivas-manzanares-el-real-aventura-y-naturaleza\/escaladas-en-la-pedriza-experiencias-deportivas\/\" \/>\n<meta property=\"og:locale\" content=\"es_ES\" \/>\n<meta property=\"og:type\" content=\"article\" \/>\n<meta property=\"og:title\" content=\"Escala - Manzanares el Real\" \/>\n<meta property=\"og:description\" content=\"Vive la experiencia de escalar en La Pedriza: sectores destacados, niveles, tips y normas del parque. Un para\u00edso natural para escaladores.\" \/>\n<meta property=\"og:url\" content=\"https:\/\/manzanareselreal.org\/es\/que-hacer-en-manzanares-el-real-turismo-naturaleza-y-cultural\/actividades-deportivas-manzanares-el-real-aventura-y-naturaleza\/escaladas-en-la-pedriza-experiencias-deportivas\/\" \/>\n<meta property=\"og:site_name\" content=\"Manzanares el Real\" \/>\n<meta property=\"article:modified_time\" content=\"2025-11-26T10:53:33+00:00\" \/>\n<meta property=\"og:image\" content=\"https:\/\/manzanareselreal.org\/wp-content\/uploads\/2025\/09\/ornament.webp\" \/>\n<meta name=\"twitter:card\" content=\"summary_large_image\" \/>\n<meta name=\"twitter:label1\" content=\"Tiempo de lectura\" \/>\n\t<meta name=\"twitter:data1\" content=\"5 minutos\" \/>\n<script type=\"application\/ld+json\" class=\"yoast-schema-graph\">{\"@context\":\"https:\\\/\\\/schema.org\",\"@graph\":[{\"@type\":\"WebPage\",\"@id\":\"https:\\\/\\\/manzanareselreal.org\\\/es\\\/que-hacer-en-manzanares-el-real-turismo-naturaleza-y-cultural\\\/actividades-deportivas-manzanares-el-real-aventura-y-naturaleza\\\/escaladas-en-la-pedriza-experiencias-deportivas\\\/\",\"url\":\"https:\\\/\\\/manzanareselreal.org\\\/es\\\/que-hacer-en-manzanares-el-real-turismo-naturaleza-y-cultural\\\/actividades-deportivas-manzanares-el-real-aventura-y-naturaleza\\\/escaladas-en-la-pedriza-experiencias-deportivas\\\/\",\"name\":\"Escala - Manzanares el Real\",\"isPartOf\":{\"@id\":\"https:\\\/\\\/manzanareselreal.org\\\/es\\\/#website\"},\"primaryImageOfPage\":{\"@id\":\"https:\\\/\\\/manzanareselreal.org\\\/es\\\/que-hacer-en-manzanares-el-real-turismo-naturaleza-y-cultural\\\/actividades-deportivas-manzanares-el-real-aventura-y-naturaleza\\\/escaladas-en-la-pedriza-experiencias-deportivas\\\/#primaryimage\"},\"image\":{\"@id\":\"https:\\\/\\\/manzanareselreal.org\\\/es\\\/que-hacer-en-manzanares-el-real-turismo-naturaleza-y-cultural\\\/actividades-deportivas-manzanares-el-real-aventura-y-naturaleza\\\/escaladas-en-la-pedriza-experiencias-deportivas\\\/#primaryimage\"},\"thumbnailUrl\":\"https:\\\/\\\/manzanareselreal.org\\\/wp-content\\\/uploads\\\/2025\\\/09\\\/ornament.webp\",\"datePublished\":\"2025-10-14T17:22:13+00:00\",\"dateModified\":\"2025-11-26T10:53:33+00:00\",\"description\":\"Vive la experiencia de escalar en La Pedriza: sectores destacados, niveles, tips y normas del parque. Un para\u00edso natural para escaladores.\",\"breadcrumb\":{\"@id\":\"https:\\\/\\\/manzanareselreal.org\\\/es\\\/que-hacer-en-manzanares-el-real-turismo-naturaleza-y-cultural\\\/actividades-deportivas-manzanares-el-real-aventura-y-naturaleza\\\/escaladas-en-la-pedriza-experiencias-deportivas\\\/#breadcrumb\"},\"inLanguage\":\"es\",\"potentialAction\":[{\"@type\":\"ReadAction\",\"target\":[\"https:\\\/\\\/manzanareselreal.org\\\/es\\\/que-hacer-en-manzanares-el-real-turismo-naturaleza-y-cultural\\\/actividades-deportivas-manzanares-el-real-aventura-y-naturaleza\\\/escaladas-en-la-pedriza-experiencias-deportivas\\\/\"]}]},{\"@type\":\"ImageObject\",\"inLanguage\":\"es\",\"@id\":\"https:\\\/\\\/manzanareselreal.org\\\/es\\\/que-hacer-en-manzanares-el-real-turismo-naturaleza-y-cultural\\\/actividades-deportivas-manzanares-el-real-aventura-y-naturaleza\\\/escaladas-en-la-pedriza-experiencias-deportivas\\\/#primaryimage\",\"url\":\"https:\\\/\\\/manzanareselreal.org\\\/wp-content\\\/uploads\\\/2025\\\/09\\\/ornament.webp\",\"contentUrl\":\"https:\\\/\\\/manzanareselreal.org\\\/wp-content\\\/uploads\\\/2025\\\/09\\\/ornament.webp\"},{\"@type\":\"BreadcrumbList\",\"@id\":\"https:\\\/\\\/manzanareselreal.org\\\/es\\\/que-hacer-en-manzanares-el-real-turismo-naturaleza-y-cultural\\\/actividades-deportivas-manzanares-el-real-aventura-y-naturaleza\\\/escaladas-en-la-pedriza-experiencias-deportivas\\\/#breadcrumb\",\"itemListElement\":[{\"@type\":\"ListItem\",\"position\":1,\"name\":\"Inicio\",\"item\":\"https:\\\/\\\/manzanareselreal.org\\\/es\\\/\"},{\"@type\":\"ListItem\",\"position\":2,\"name\":\"Qu\u00e9 hacer\",\"item\":\"https:\\\/\\\/manzanareselreal.org\\\/es\\\/que-hacer-en-manzanares-el-real-turismo-naturaleza-y-cultural\\\/\"},{\"@type\":\"ListItem\",\"position\":3,\"name\":\"Turismo deportivo\",\"item\":\"https:\\\/\\\/manzanareselreal.org\\\/es\\\/que-hacer-en-manzanares-el-real-turismo-naturaleza-y-cultural\\\/actividades-deportivas-manzanares-el-real-aventura-y-naturaleza\\\/\"},{\"@type\":\"ListItem\",\"position\":4,\"name\":\"Escala\"}]},{\"@type\":\"WebSite\",\"@id\":\"https:\\\/\\\/manzanareselreal.org\\\/es\\\/#website\",\"url\":\"https:\\\/\\\/manzanareselreal.org\\\/es\\\/\",\"name\":\"Manzanares el Real\",\"description\":\"En el Parque Nacional de la Sierra de Guadarrama, al pie de La Pedriza, llegar a este municipio de la Sierra Norte es sumergirse en la historia y la naturaleza.\",\"potentialAction\":[{\"@type\":\"SearchAction\",\"target\":{\"@type\":\"EntryPoint\",\"urlTemplate\":\"https:\\\/\\\/manzanareselreal.org\\\/es\\\/?s={search_term_string}\"},\"query-input\":{\"@type\":\"PropertyValueSpecification\",\"valueRequired\":true,\"valueName\":\"search_term_string\"}}],\"inLanguage\":\"es\"}]}<\/script>\n<!-- \/ Yoast SEO plugin. -->","yoast_head_json":{"title":"Escala - Manzanares el Real","description":"Vive la experiencia de escalar en La Pedriza: sectores destacados, niveles, tips y normas del parque. Un para\u00edso natural para escaladores.","robots":{"index":"index","follow":"follow","max-snippet":"max-snippet:-1","max-image-preview":"max-image-preview:large","max-video-preview":"max-video-preview:-1"},"canonical":"https:\/\/manzanareselreal.org\/es\/que-hacer-en-manzanares-el-real-turismo-naturaleza-y-cultural\/actividades-deportivas-manzanares-el-real-aventura-y-naturaleza\/escaladas-en-la-pedriza-experiencias-deportivas\/","og_locale":"es_ES","og_type":"article","og_title":"Escala - Manzanares el Real","og_description":"Vive la experiencia de escalar en La Pedriza: sectores destacados, niveles, tips y normas del parque. Un para\u00edso natural para escaladores.","og_url":"https:\/\/manzanareselreal.org\/es\/que-hacer-en-manzanares-el-real-turismo-naturaleza-y-cultural\/actividades-deportivas-manzanares-el-real-aventura-y-naturaleza\/escaladas-en-la-pedriza-experiencias-deportivas\/","og_site_name":"Manzanares el Real","article_modified_time":"2025-11-26T10:53:33+00:00","og_image":[{"url":"https:\/\/manzanareselreal.org\/wp-content\/uploads\/2025\/09\/ornament.webp","type":"","width":"","height":""}],"twitter_card":"summary_large_image","twitter_misc":{"Tiempo de lectura":"5 minutos"},"schema":{"@context":"https:\/\/schema.org","@graph":[{"@type":"WebPage","@id":"https:\/\/manzanareselreal.org\/es\/que-hacer-en-manzanares-el-real-turismo-naturaleza-y-cultural\/actividades-deportivas-manzanares-el-real-aventura-y-naturaleza\/escaladas-en-la-pedriza-experiencias-deportivas\/","url":"https:\/\/manzanareselreal.org\/es\/que-hacer-en-manzanares-el-real-turismo-naturaleza-y-cultural\/actividades-deportivas-manzanares-el-real-aventura-y-naturaleza\/escaladas-en-la-pedriza-experiencias-deportivas\/","name":"Escala - Manzanares el Real","isPartOf":{"@id":"https:\/\/manzanareselreal.org\/es\/#website"},"primaryImageOfPage":{"@id":"https:\/\/manzanareselreal.org\/es\/que-hacer-en-manzanares-el-real-turismo-naturaleza-y-cultural\/actividades-deportivas-manzanares-el-real-aventura-y-naturaleza\/escaladas-en-la-pedriza-experiencias-deportivas\/#primaryimage"},"image":{"@id":"https:\/\/manzanareselreal.org\/es\/que-hacer-en-manzanares-el-real-turismo-naturaleza-y-cultural\/actividades-deportivas-manzanares-el-real-aventura-y-naturaleza\/escaladas-en-la-pedriza-experiencias-deportivas\/#primaryimage"},"thumbnailUrl":"https:\/\/manzanareselreal.org\/wp-content\/uploads\/2025\/09\/ornament.webp","datePublished":"2025-10-14T17:22:13+00:00","dateModified":"2025-11-26T10:53:33+00:00","description":"Vive la experiencia de escalar en La Pedriza: sectores destacados, niveles, tips y normas del parque. Un para\u00edso natural para escaladores.","breadcrumb":{"@id":"https:\/\/manzanareselreal.org\/es\/que-hacer-en-manzanares-el-real-turismo-naturaleza-y-cultural\/actividades-deportivas-manzanares-el-real-aventura-y-naturaleza\/escaladas-en-la-pedriza-experiencias-deportivas\/#breadcrumb"},"inLanguage":"es","potentialAction":[{"@type":"ReadAction","target":["https:\/\/manzanareselreal.org\/es\/que-hacer-en-manzanares-el-real-turismo-naturaleza-y-cultural\/actividades-deportivas-manzanares-el-real-aventura-y-naturaleza\/escaladas-en-la-pedriza-experiencias-deportivas\/"]}]},{"@type":"ImageObject","inLanguage":"es","@id":"https:\/\/manzanareselreal.org\/es\/que-hacer-en-manzanares-el-real-turismo-naturaleza-y-cultural\/actividades-deportivas-manzanares-el-real-aventura-y-naturaleza\/escaladas-en-la-pedriza-experiencias-deportivas\/#primaryimage","url":"https:\/\/manzanareselreal.org\/wp-content\/uploads\/2025\/09\/ornament.webp","contentUrl":"https:\/\/manzanareselreal.org\/wp-content\/uploads\/2025\/09\/ornament.webp"},{"@type":"BreadcrumbList","@id":"https:\/\/manzanareselreal.org\/es\/que-hacer-en-manzanares-el-real-turismo-naturaleza-y-cultural\/actividades-deportivas-manzanares-el-real-aventura-y-naturaleza\/escaladas-en-la-pedriza-experiencias-deportivas\/#breadcrumb","itemListElement":[{"@type":"ListItem","position":1,"name":"Inicio","item":"https:\/\/manzanareselreal.org\/es\/"},{"@type":"ListItem","position":2,"name":"Qu\u00e9 hacer","item":"https:\/\/manzanareselreal.org\/es\/que-hacer-en-manzanares-el-real-turismo-naturaleza-y-cultural\/"},{"@type":"ListItem","position":3,"name":"Turismo deportivo","item":"https:\/\/manzanareselreal.org\/es\/que-hacer-en-manzanares-el-real-turismo-naturaleza-y-cultural\/actividades-deportivas-manzanares-el-real-aventura-y-naturaleza\/"},{"@type":"ListItem","position":4,"name":"Escala"}]},{"@type":"WebSite","@id":"https:\/\/manzanareselreal.org\/es\/#website","url":"https:\/\/manzanareselreal.org\/es\/","name":"Manzanares el Real","description":"En el Parque Nacional de la Sierra de Guadarrama, al pie de La Pedriza, llegar a este municipio de la Sierra Norte es sumergirse en la historia y la naturaleza.","potentialAction":[{"@type":"SearchAction","target":{"@type":"EntryPoint","urlTemplate":"https:\/\/manzanareselreal.org\/es\/?s={search_term_string}"},"query-input":{"@type":"PropertyValueSpecification","valueRequired":true,"valueName":"search_term_string"}}],"inLanguage":"es"}]}},"_links":{"self":[{"href":"https:\/\/manzanareselreal.org\/es\/wp-json\/wp\/v2\/pages\/2159","targetHints":{"allow":["GET"]}}],"collection":[{"href":"https:\/\/manzanareselreal.org\/es\/wp-json\/wp\/v2\/pages"}],"about":[{"href":"https:\/\/manzanareselreal.org\/es\/wp-json\/wp\/v2\/types\/page"}],"author":[{"embeddable":true,"href":"https:\/\/manzanareselreal.org\/es\/wp-json\/wp\/v2\/users\/1"}],"replies":[{"embeddable":true,"href":"https:\/\/manzanareselreal.org\/es\/wp-json\/wp\/v2\/comments?post=2159"}],"version-history":[{"count":4,"href":"https:\/\/manzanareselreal.org\/es\/wp-json\/wp\/v2\/pages\/2159\/revisions"}],"predecessor-version":[{"id":3821,"href":"https:\/\/manzanareselreal.org\/es\/wp-json\/wp\/v2\/pages\/2159\/revisions\/3821"}],"up":[{"embeddable":true,"href":"https:\/\/manzanareselreal.org\/es\/wp-json\/wp\/v2\/pages\/1355"}],"wp:attachment":[{"href":"https:\/\/manzanareselreal.org\/es\/wp-json\/wp\/v2\/media?parent=2159"}],"curies":[{"name":"wp","href":"https:\/\/api.w.org\/{rel}","templated":true}]}}