{"id":2109,"date":"2025-10-14T17:52:29","date_gmt":"2025-10-14T15:52:29","guid":{"rendered":"https:\/\/openideas.site\/manzanareselreal\/?page_id=2109"},"modified":"2025-10-21T12:14:14","modified_gmt":"2025-10-21T10:14:14","slug":"camina","status":"publish","type":"page","link":"https:\/\/manzanareselreal.org\/es\/que-hacer-en-manzanares-el-real-turismo-naturaleza-y-cultural\/actividades-deportivas-manzanares-el-real-aventura-y-naturaleza\/camina\/","title":{"rendered":"Camina"},"content":{"rendered":"\n<h1>\n\t\t\tCAMINA\t<\/h1>\n\t\t\t\t<img decoding=\"async\" src=\"https:\/\/manzanareselreal.org\/wp-content\/uploads\/2025\/09\/ornament.webp\" alt=\"ornament\" itemprop=\"image\" height=\"29\" width=\"112\" title=\"ornament\" onerror=\"this.style.display='none'\" loading=\"lazy\" \/>\n\t\t\t<a href=\"https:\/\/manzanareselreal.org\/siteresources\/files\/0\/70.pdf\" target=\"_blank\" rel=\"noopener\">\n\t\t\t\t\t\tMapa rutas\n\t\t\t\t\t<\/a>\n\t<nav id=\"breadcrumbs\" aria-label=\"Breadcrumbs\"><a href=\"https:\/\/manzanareselreal.org\/es\/\">Inicio<\/a> \/ <a href=\"https:\/\/manzanareselreal.org\/es\/que-hacer\/\">Qu\u00e9 hacer<\/a> \/ <a href=\"https:\/\/manzanareselreal.org\/es\/que-hacer\/turismo-deportivo\/\">Turismo deportivo<\/a> \/ Camina<\/nav>\n                     Permitidas mascotas\n                     Adecuado para ni\u00f1os\n                     Actividad\n\t\t\t\t\t\t\t<img decoding=\"async\" src=\"https:\/\/manzanareselreal.org\/wp-content\/uploads\/2025\/09\/ornament10.png\" alt=\"Escucha tus pasos sobre nuestras sendas y caminos\" \/>\n\t\t<h3>\n\t\t\tEscucha tus pasos sobre nuestras sendas y caminos\n\t\t<\/h3>\n\t\t\t<p>V\u00edas pecuarias, caminos, veredas, sendas&#8230; diferentes espacios, diferentes tama\u00f1os, m\u00e1s largos y m\u00e1s cortos, m\u00e1s dif\u00edciles, m\u00e1s f\u00e1ciles&#8230; Solo t\u00fa tienes que elegir por d\u00f3nde quieres ir y hasta d\u00f3nde quieres llegar<\/p>\n<h4>\n\t\t\tCamina\t<\/h4>\n\t\t\t\t\t\t\t\t\t\t\t\n\t\t\t\t\tCentro de Visitantes La Pedriza:<br \/>\nCamino de La Pedriza s\/n<br \/>\n28410 Manzanares El Real. Madrid\n\t\t\t\t\t\t\t\t\t\t\t\n\t\t\t\t\t<p><a href=\"tel:91%20853%2099%2078\">91 853 99 78<\/a><\/p>\n\t\t\t\t\t\t\t\t\t\t\t\n\t\t\t\t\t<a href=\"https:\/\/www.comunidad.madrid\/centros\/centro-visitantes-pedriza\">Web del Centro de Visitantes La Pedriza<\/a><br \/>\n<a href=\"https:\/\/www.parquenacionalsierraguadarrama.es\/es\/visita\/rutas\">Rutas y paseos en el Parque Nacional<\/a><br \/>\n<a href=\"https:\/\/www.comunidad.madrid\/servicios\/urbanismo-medio-ambiente\/parque-regional-cuenca-alta-manzanares\">Red de sendas en el Parque Regional<\/a><br \/>\n<a href=\"https:\/\/www.comunidad.madrid\/servicios\/medio-rural\/red-vias-pecuarias-comunidad-madrid\">Red de V\u00edas Pecuarias de la Comunidad de Madrid<\/a>\n\t<a \n   data-toggle=\"collapse\" \n   href=\"#listaNormativas\" \n   role=\"button\" \n   aria-expanded=\"false\" \n   aria-controls=\"listaNormativas\">\n\t\t<h4>Normativas oficiales<\/h4>\n<\/a>\n<ul id=\"listaNormativas\">\n<li><a href=\"https:\/\/www.parquenacionalsierraguadarrama.es\/es\/administracion\/actividades-prug\/313-regulacion-senderismo\">Regulaci\u00f3n del senderismo<\/a><\/li>\n<li><a href=\"https:\/\/www.comunidad.madrid\/servicios\/medio-rural\/gestion-usos-vias-pecuarias#normas-uso\">Gesti\u00f3n y uso de las v\u00edas pecuarias<\/a><\/li>\n<\/ul>\n\t\t\t\t<img decoding=\"async\" src=\"https:\/\/manzanareselreal.org\/wp-content\/uploads\/2025\/09\/espacio-abierto.png\" alt=\"espacio-abierto\" itemprop=\"image\" height=\"77\" width=\"77\" title=\"espacio-abierto\" onerror=\"this.style.display='none'\" loading=\"lazy\" \/>\n\t<p>Manzanares El Real es uno de los municipios con mayor extensi\u00f3n de la Comunidad de Madrid, y m\u00e1s de la mitad de nuestro territorio es naturaleza en estado puro. Por ello, no es raro que hayamos necesitado caminarlo tanto.<\/p>\n<p>Que la Ca\u00f1ada Real Segoviana pase por aqu\u00ed no es casualidad, y tampoco que de ella salgan decenas de caminos a seguir que te llevar\u00e1n all\u00e1 donde quieras, te har\u00e1n esforzarte al m\u00e1ximo o, sencillamente, ser\u00e1n un paseo agradable.<\/p>\n<p>Sigamos el camino, siempre adelante, pero recuerda ser respetuoso con el terreno que transitas, no lo ensucies y, por favor, no te salgas de las sendas: puedes pisar peque\u00f1os animales y flora que no nos podemos permitir perder.<\/p>\n\t\t<h3>\n\t\t\tAlguno de nuestros caminos predilectos\n\t\t<\/h3>\n\t\t\t<p><em>Te presentamos las principales rutas que puedes hacer para estirar las piernas, pero recuerda que en el Parque Regional y en el Parque Nacional tienes muchas m\u00e1s<\/em><\/p>\t\t\n\t\t\t\t\t\t\t<img decoding=\"async\" src=\"https:\/\/manzanareselreal.org\/wp-content\/uploads\/2025\/09\/ornament3.png\" alt=\"Actividades en Manzanares El Real\" \/>\n\t\t<h3>\n\t\t\tActividades en Manzanares El Real\n\t\t<\/h3>\n\t\t\t<p>Date un capricho y reg\u00e1laselo a tus cinco sentidos.<\/p>\t\t\n\t<a href=\"https:\/\/manzanareselreal.org\/es\/que-hacer\/turismo-deportivo\/camina\" target=\"_self\"  aria-label=\"Ir a https:\/\/manzanareselreal.org\/es\/que-hacer\/turismo-deportivo\/camina\"><\/a>\n\t\t\t\t<img decoding=\"async\" src=\"https:\/\/manzanareselreal.org\/wp-content\/uploads\/2025\/09\/camina.webp\" alt=\"camina\" title=\"camina\" itemprop=\"image\"\/>\n\t\t<h3>CAMINA<\/h3>\t\t\t\n\t<a href=\"https:\/\/manzanareselreal.org\/es\/que-hacer\/turismo-deportivo\/corre\" target=\"_self\"  aria-label=\"Ir a https:\/\/manzanareselreal.org\/es\/que-hacer\/turismo-deportivo\/corre\"><\/a>\n\t\t\t\t<img decoding=\"async\" src=\"https:\/\/manzanareselreal.org\/wp-content\/uploads\/2025\/09\/corre.webp\" alt=\"corre\" title=\"corre\" itemprop=\"image\"\/>\n\t\t<h3>CORRE<\/h3>\t\t\t\n\t<a href=\"https:\/\/manzanareselreal.org\/es\/que-hacer\/turismo-deportivo\/pedalea\" target=\"_self\"  aria-label=\"Ir a https:\/\/manzanareselreal.org\/es\/que-hacer\/turismo-deportivo\/pedalea\"><\/a>\n\t\t\t\t<img decoding=\"async\" src=\"https:\/\/manzanareselreal.org\/wp-content\/uploads\/2025\/09\/pedalea.webp\" alt=\"pedalea\" title=\"pedalea\" itemprop=\"image\"\/>\n\t\t<h3>PEDALEA<\/h3>\t\t\t\n\t<a href=\"https:\/\/manzanareselreal.org\/es\/que-hacer\/turismo-deportivo\/escala\" target=\"_self\"  aria-label=\"Ir a https:\/\/manzanareselreal.org\/es\/que-hacer\/turismo-deportivo\/escala\"><\/a>\n\t\t\t\t<img decoding=\"async\" src=\"https:\/\/manzanareselreal.org\/wp-content\/uploads\/2025\/09\/escala.webp\" alt=\"escala\" title=\"escala\" itemprop=\"image\"\/>\n\t\t<h3>ESCALA<\/h3>\t\t\t\n\t<a href=\"https:\/\/manzanareselreal.org\/es\/que-hacer\/turismo-deportivo\/pesca\" target=\"_self\"  aria-label=\"Ir a https:\/\/manzanareselreal.org\/es\/que-hacer\/turismo-deportivo\/pesca\"><\/a>\n\t\t\t\t<img decoding=\"async\" src=\"https:\/\/manzanareselreal.org\/wp-content\/uploads\/2025\/09\/pesca.png\" alt=\"pesca\" title=\"pesca\" itemprop=\"image\"\/>\n\t\t<h3>PESCA<\/h3>\t\t\t\n\n","protected":false},"excerpt":{"rendered":"<p>CAMINA Mapa rutas Inicio \/ Qu\u00e9 hacer \/ Turismo deportivo \/ Camina Permitidas mascotas Adecuado para ni\u00f1os Actividad Escucha tus pasos sobre nuestras sendas y caminos V\u00edas pecuarias, caminos, veredas, sendas&#8230; diferentes espacios, diferentes tama\u00f1os, m\u00e1s largos y m\u00e1s cortos, m\u00e1s dif\u00edciles, m\u00e1s f\u00e1ciles&#8230; Solo t\u00fa tienes que elegir por d\u00f3nde quieres ir y hasta&hellip;<\/p>\n","protected":false},"author":1,"featured_media":0,"parent":1355,"menu_order":0,"comment_status":"closed","ping_status":"closed","template":"","meta":{"_acf_changed":false,"footnotes":""},"class_list":["post-2109","page","type-page","status-publish","format-standard","hentry"],"acf":[],"yoast_head":"<!-- This site is optimized with the Yoast SEO plugin v27.1.1 - https:\/\/yoast.com\/product\/yoast-seo-wordpress\/ -->\n<title>Camina - Manzanares el Real<\/title>\n<meta name=\"robots\" content=\"index, follow, max-snippet:-1, max-image-preview:large, max-video-preview:-1\" \/>\n<link rel=\"canonical\" href=\"https:\/\/manzanareselreal.org\/es\/que-hacer-en-manzanares-el-real-turismo-naturaleza-y-cultural\/actividades-deportivas-manzanares-el-real-aventura-y-naturaleza\/camina\/\" \/>\n<meta property=\"og:locale\" content=\"es_ES\" \/>\n<meta property=\"og:type\" content=\"article\" \/>\n<meta property=\"og:title\" content=\"Camina - Manzanares el Real\" \/>\n<meta property=\"og:description\" content=\"CAMINA Mapa rutas Inicio \/ Qu\u00e9 hacer \/ Turismo deportivo \/ Camina Permitidas mascotas Adecuado para ni\u00f1os Actividad Escucha tus pasos sobre nuestras sendas y caminos V\u00edas pecuarias, caminos, veredas, sendas&#8230; diferentes espacios, diferentes tama\u00f1os, m\u00e1s largos y m\u00e1s cortos, m\u00e1s dif\u00edciles, m\u00e1s f\u00e1ciles&#8230; Solo t\u00fa tienes que elegir por d\u00f3nde quieres ir y hasta&hellip;\" \/>\n<meta property=\"og:url\" content=\"https:\/\/manzanareselreal.org\/es\/que-hacer-en-manzanares-el-real-turismo-naturaleza-y-cultural\/actividades-deportivas-manzanares-el-real-aventura-y-naturaleza\/camina\/\" \/>\n<meta property=\"og:site_name\" content=\"Manzanares el Real\" \/>\n<meta property=\"article:modified_time\" content=\"2025-10-21T10:14:14+00:00\" \/>\n<meta property=\"og:image\" content=\"https:\/\/manzanareselreal.org\/wp-content\/uploads\/2025\/09\/ornament.webp\" \/>\n<meta name=\"twitter:card\" content=\"summary_large_image\" \/>\n<meta name=\"twitter:label1\" content=\"Tiempo de lectura\" \/>\n\t<meta name=\"twitter:data1\" content=\"3 minutos\" \/>\n<script type=\"application\/ld+json\" class=\"yoast-schema-graph\">{\"@context\":\"https:\/\/schema.org\",\"@graph\":[{\"@type\":\"WebPage\",\"@id\":\"https:\/\/manzanareselreal.org\/es\/que-hacer-en-manzanares-el-real-turismo-naturaleza-y-cultural\/actividades-deportivas-manzanares-el-real-aventura-y-naturaleza\/camina\/\",\"url\":\"https:\/\/manzanareselreal.org\/es\/que-hacer-en-manzanares-el-real-turismo-naturaleza-y-cultural\/actividades-deportivas-manzanares-el-real-aventura-y-naturaleza\/camina\/\",\"name\":\"Camina - Manzanares el Real\",\"isPartOf\":{\"@id\":\"https:\/\/manzanareselreal.org\/es\/#website\"},\"primaryImageOfPage\":{\"@id\":\"https:\/\/manzanareselreal.org\/es\/que-hacer-en-manzanares-el-real-turismo-naturaleza-y-cultural\/actividades-deportivas-manzanares-el-real-aventura-y-naturaleza\/camina\/#primaryimage\"},\"image\":{\"@id\":\"https:\/\/manzanareselreal.org\/es\/que-hacer-en-manzanares-el-real-turismo-naturaleza-y-cultural\/actividades-deportivas-manzanares-el-real-aventura-y-naturaleza\/camina\/#primaryimage\"},\"thumbnailUrl\":\"https:\/\/manzanareselreal.org\/wp-content\/uploads\/2025\/09\/ornament.webp\",\"datePublished\":\"2025-10-14T15:52:29+00:00\",\"dateModified\":\"2025-10-21T10:14:14+00:00\",\"breadcrumb\":{\"@id\":\"https:\/\/manzanareselreal.org\/es\/que-hacer-en-manzanares-el-real-turismo-naturaleza-y-cultural\/actividades-deportivas-manzanares-el-real-aventura-y-naturaleza\/camina\/#breadcrumb\"},\"inLanguage\":\"es\",\"potentialAction\":[{\"@type\":\"ReadAction\",\"target\":[\"https:\/\/manzanareselreal.org\/es\/que-hacer-en-manzanares-el-real-turismo-naturaleza-y-cultural\/actividades-deportivas-manzanares-el-real-aventura-y-naturaleza\/camina\/\"]}]},{\"@type\":\"ImageObject\",\"inLanguage\":\"es\",\"@id\":\"https:\/\/manzanareselreal.org\/es\/que-hacer-en-manzanares-el-real-turismo-naturaleza-y-cultural\/actividades-deportivas-manzanares-el-real-aventura-y-naturaleza\/camina\/#primaryimage\",\"url\":\"https:\/\/manzanareselreal.org\/wp-content\/uploads\/2025\/09\/ornament.webp\",\"contentUrl\":\"https:\/\/manzanareselreal.org\/wp-content\/uploads\/2025\/09\/ornament.webp\"},{\"@type\":\"BreadcrumbList\",\"@id\":\"https:\/\/manzanareselreal.org\/es\/que-hacer-en-manzanares-el-real-turismo-naturaleza-y-cultural\/actividades-deportivas-manzanares-el-real-aventura-y-naturaleza\/camina\/#breadcrumb\",\"itemListElement\":[{\"@type\":\"ListItem\",\"position\":1,\"name\":\"Inicio\",\"item\":\"https:\/\/manzanareselreal.org\/es\/\"},{\"@type\":\"ListItem\",\"position\":2,\"name\":\"Qu\u00e9 hacer\",\"item\":\"https:\/\/manzanareselreal.org\/es\/que-hacer-en-manzanares-el-real-turismo-naturaleza-y-cultural\/\"},{\"@type\":\"ListItem\",\"position\":3,\"name\":\"Turismo deportivo\",\"item\":\"https:\/\/manzanareselreal.org\/es\/que-hacer-en-manzanares-el-real-turismo-naturaleza-y-cultural\/actividades-deportivas-manzanares-el-real-aventura-y-naturaleza\/\"},{\"@type\":\"ListItem\",\"position\":4,\"name\":\"Camina\"}]},{\"@type\":\"WebSite\",\"@id\":\"https:\/\/manzanareselreal.org\/es\/#website\",\"url\":\"https:\/\/manzanareselreal.org\/es\/\",\"name\":\"Manzanares el Real\",\"description\":\"En el Parque Nacional de la Sierra de Guadarrama, al pie de La Pedriza, llegar a este municipio de la Sierra Norte es sumergirse en la historia y la naturaleza.\",\"potentialAction\":[{\"@type\":\"SearchAction\",\"target\":{\"@type\":\"EntryPoint\",\"urlTemplate\":\"https:\/\/manzanareselreal.org\/es\/?s={search_term_string}\"},\"query-input\":{\"@type\":\"PropertyValueSpecification\",\"valueRequired\":true,\"valueName\":\"search_term_string\"}}],\"inLanguage\":\"es\"}]}<\/script>\n<!-- \/ Yoast SEO plugin. -->","yoast_head_json":{"title":"Camina - Manzanares el Real","robots":{"index":"index","follow":"follow","max-snippet":"max-snippet:-1","max-image-preview":"max-image-preview:large","max-video-preview":"max-video-preview:-1"},"canonical":"https:\/\/manzanareselreal.org\/es\/que-hacer-en-manzanares-el-real-turismo-naturaleza-y-cultural\/actividades-deportivas-manzanares-el-real-aventura-y-naturaleza\/camina\/","og_locale":"es_ES","og_type":"article","og_title":"Camina - Manzanares el Real","og_description":"CAMINA Mapa rutas Inicio \/ Qu\u00e9 hacer \/ Turismo deportivo \/ Camina Permitidas mascotas Adecuado para ni\u00f1os Actividad Escucha tus pasos sobre nuestras sendas y caminos V\u00edas pecuarias, caminos, veredas, sendas&#8230; diferentes espacios, diferentes tama\u00f1os, m\u00e1s largos y m\u00e1s cortos, m\u00e1s dif\u00edciles, m\u00e1s f\u00e1ciles&#8230; Solo t\u00fa tienes que elegir por d\u00f3nde quieres ir y hasta&hellip;","og_url":"https:\/\/manzanareselreal.org\/es\/que-hacer-en-manzanares-el-real-turismo-naturaleza-y-cultural\/actividades-deportivas-manzanares-el-real-aventura-y-naturaleza\/camina\/","og_site_name":"Manzanares el Real","article_modified_time":"2025-10-21T10:14:14+00:00","og_image":[{"url":"https:\/\/manzanareselreal.org\/wp-content\/uploads\/2025\/09\/ornament.webp","type":"","width":"","height":""}],"twitter_card":"summary_large_image","twitter_misc":{"Tiempo de lectura":"3 minutos"},"schema":{"@context":"https:\/\/schema.org","@graph":[{"@type":"WebPage","@id":"https:\/\/manzanareselreal.org\/es\/que-hacer-en-manzanares-el-real-turismo-naturaleza-y-cultural\/actividades-deportivas-manzanares-el-real-aventura-y-naturaleza\/camina\/","url":"https:\/\/manzanareselreal.org\/es\/que-hacer-en-manzanares-el-real-turismo-naturaleza-y-cultural\/actividades-deportivas-manzanares-el-real-aventura-y-naturaleza\/camina\/","name":"Camina - Manzanares el Real","isPartOf":{"@id":"https:\/\/manzanareselreal.org\/es\/#website"},"primaryImageOfPage":{"@id":"https:\/\/manzanareselreal.org\/es\/que-hacer-en-manzanares-el-real-turismo-naturaleza-y-cultural\/actividades-deportivas-manzanares-el-real-aventura-y-naturaleza\/camina\/#primaryimage"},"image":{"@id":"https:\/\/manzanareselreal.org\/es\/que-hacer-en-manzanares-el-real-turismo-naturaleza-y-cultural\/actividades-deportivas-manzanares-el-real-aventura-y-naturaleza\/camina\/#primaryimage"},"thumbnailUrl":"https:\/\/manzanareselreal.org\/wp-content\/uploads\/2025\/09\/ornament.webp","datePublished":"2025-10-14T15:52:29+00:00","dateModified":"2025-10-21T10:14:14+00:00","breadcrumb":{"@id":"https:\/\/manzanareselreal.org\/es\/que-hacer-en-manzanares-el-real-turismo-naturaleza-y-cultural\/actividades-deportivas-manzanares-el-real-aventura-y-naturaleza\/camina\/#breadcrumb"},"inLanguage":"es","potentialAction":[{"@type":"ReadAction","target":["https:\/\/manzanareselreal.org\/es\/que-hacer-en-manzanares-el-real-turismo-naturaleza-y-cultural\/actividades-deportivas-manzanares-el-real-aventura-y-naturaleza\/camina\/"]}]},{"@type":"ImageObject","inLanguage":"es","@id":"https:\/\/manzanareselreal.org\/es\/que-hacer-en-manzanares-el-real-turismo-naturaleza-y-cultural\/actividades-deportivas-manzanares-el-real-aventura-y-naturaleza\/camina\/#primaryimage","url":"https:\/\/manzanareselreal.org\/wp-content\/uploads\/2025\/09\/ornament.webp","contentUrl":"https:\/\/manzanareselreal.org\/wp-content\/uploads\/2025\/09\/ornament.webp"},{"@type":"BreadcrumbList","@id":"https:\/\/manzanareselreal.org\/es\/que-hacer-en-manzanares-el-real-turismo-naturaleza-y-cultural\/actividades-deportivas-manzanares-el-real-aventura-y-naturaleza\/camina\/#breadcrumb","itemListElement":[{"@type":"ListItem","position":1,"name":"Inicio","item":"https:\/\/manzanareselreal.org\/es\/"},{"@type":"ListItem","position":2,"name":"Qu\u00e9 hacer","item":"https:\/\/manzanareselreal.org\/es\/que-hacer-en-manzanares-el-real-turismo-naturaleza-y-cultural\/"},{"@type":"ListItem","position":3,"name":"Turismo deportivo","item":"https:\/\/manzanareselreal.org\/es\/que-hacer-en-manzanares-el-real-turismo-naturaleza-y-cultural\/actividades-deportivas-manzanares-el-real-aventura-y-naturaleza\/"},{"@type":"ListItem","position":4,"name":"Camina"}]},{"@type":"WebSite","@id":"https:\/\/manzanareselreal.org\/es\/#website","url":"https:\/\/manzanareselreal.org\/es\/","name":"Manzanares el Real","description":"En el Parque Nacional de la Sierra de Guadarrama, al pie de La Pedriza, llegar a este municipio de la Sierra Norte es sumergirse en la historia y la naturaleza.","potentialAction":[{"@type":"SearchAction","target":{"@type":"EntryPoint","urlTemplate":"https:\/\/manzanareselreal.org\/es\/?s={search_term_string}"},"query-input":{"@type":"PropertyValueSpecification","valueRequired":true,"valueName":"search_term_string"}}],"inLanguage":"es"}]}},"_links":{"self":[{"href":"https:\/\/manzanareselreal.org\/es\/wp-json\/wp\/v2\/pages\/2109","targetHints":{"allow":["GET"]}}],"collection":[{"href":"https:\/\/manzanareselreal.org\/es\/wp-json\/wp\/v2\/pages"}],"about":[{"href":"https:\/\/manzanareselreal.org\/es\/wp-json\/wp\/v2\/types\/page"}],"author":[{"embeddable":true,"href":"https:\/\/manzanareselreal.org\/es\/wp-json\/wp\/v2\/users\/1"}],"replies":[{"embeddable":true,"href":"https:\/\/manzanareselreal.org\/es\/wp-json\/wp\/v2\/comments?post=2109"}],"version-history":[{"count":5,"href":"https:\/\/manzanareselreal.org\/es\/wp-json\/wp\/v2\/pages\/2109\/revisions"}],"predecessor-version":[{"id":2877,"href":"https:\/\/manzanareselreal.org\/es\/wp-json\/wp\/v2\/pages\/2109\/revisions\/2877"}],"up":[{"embeddable":true,"href":"https:\/\/manzanareselreal.org\/es\/wp-json\/wp\/v2\/pages\/1355"}],"wp:attachment":[{"href":"https:\/\/manzanareselreal.org\/es\/wp-json\/wp\/v2\/media?parent=2109"}],"curies":[{"name":"wp","href":"https:\/\/api.w.org\/{rel}","templated":true}]}}