{"id":1936,"date":"2025-10-07T20:31:48","date_gmt":"2025-10-07T18:31:48","guid":{"rendered":"https:\/\/openideas.site\/manzanareselreal\/?page_id=1936"},"modified":"2026-02-11T15:04:55","modified_gmt":"2026-02-11T14:04:55","slug":"restaurantes-manzanares-el-real-gastronomia-local","status":"publish","type":"page","link":"https:\/\/manzanareselreal.org\/es\/restaurantes-manzanares-el-real-gastronomia-local\/","title":{"rendered":"Restauraci\u00f3n"},"content":{"rendered":"<nav id=\"breadcrumbs\" aria-label=\"Breadcrumbs\"><a href=\"https:\/\/manzanareselreal.org\/es\/\">Inicio<\/a> \/ Restauraci\u00f3n<\/nav>\r\n<h3>\u00bfTe apetece pasar una ma\u00f1ana de excursi\u00f3n en Manzanares El Real y luego tomar unas tapas?<br \/>\u00bfO eres m\u00e1s de comida tradicional?<\/h3>\r\n<p>Manzanares El Real cuenta con m\u00faltiples restaurantes, bares y cafeter\u00edas que se adaptar\u00e1n a tus gustos, desde nuestra comida tradicional serrana con guisos y carnes, a incre\u00edbles arroces, cocina fusi\u00f3n, comida r\u00e1pida de buena calidad, y por supuesto raciones y tapas para chuparse los dedos.<\/p>\r\n<h3>A continuaci\u00f3n, te dejamos aqu\u00ed la informaci\u00f3n para que puedas localizarlos f\u00e1cilmente.<\/h3>\r\n<p><img loading=\"lazy\" decoding=\"async\" title=\"Directorio-GUIAMER-logo\" src=\"https:\/\/manzanareselreal.org\/wp-content\/uploads\/2025\/10\/Directorio-GUIAMER-logo.png\" alt=\"Directorio-GUIAMER-logo\" width=\"300\" height=\"120\" \/><\/p>\r\n<h4>Si quieres encontrar m\u00e1s informaci\u00f3n sobre los alojamientos y otras empresas de Manzanares El Real,<br \/>visita nuestro directorio empresarial, comercial y de servicios p\u00fablicos de la localidad.<\/h4>\r\n<p><a href=\"https:\/\/directorio-empresarial.manzanareselreal.es\/places\/category\/hosteleriayrestauracion\/\" target=\"_blank\" rel=\"noopener\"> Directorio Municipal <\/a><\/p>\r\n","protected":false},"excerpt":{"rendered":"<p>Inicio \/ Restauraci\u00f3n \u00bfTe apetece pasar una ma\u00f1ana de excursi\u00f3n en Manzanares El Real y luego tomar unas tapas?\u00bfO eres m\u00e1s de comida tradicional? Manzanares El Real cuenta con m\u00faltiples restaurantes, bares y cafeter\u00edas que se adaptar\u00e1n a tus gustos, desde nuestra comida tradicional serrana con guisos y carnes, a incre\u00edbles arroces, cocina fusi\u00f3n, comida&hellip;<\/p>\n","protected":false},"author":1,"featured_media":1953,"parent":0,"menu_order":0,"comment_status":"closed","ping_status":"closed","template":"","meta":{"_acf_changed":false,"footnotes":""},"class_list":["post-1936","page","type-page","status-publish","format-standard","has-post-thumbnail","hentry"],"acf":[],"yoast_head":"<!-- This site is optimized with the Yoast SEO plugin v27.4 - https:\/\/yoast.com\/product\/yoast-seo-wordpress\/ -->\n<title>restaurantes manzanares el real\u200b - gastronom\u00eda local<\/title>\n<meta name=\"description\" content=\"Para disfrutar de una experiencia 360 descubre los mejores restaurantes manzanares el real y degusta la gastronom\u00eda local \u00a1visita la web!\" \/>\n<meta name=\"robots\" content=\"index, follow, max-snippet:-1, max-image-preview:large, max-video-preview:-1\" \/>\n<link rel=\"canonical\" href=\"https:\/\/manzanareselreal.org\/es\/restaurantes-manzanares-el-real-gastronomia-local\/\" \/>\n<meta property=\"og:locale\" content=\"es_ES\" \/>\n<meta property=\"og:type\" content=\"article\" \/>\n<meta property=\"og:title\" content=\"restaurantes manzanares el real\u200b - gastronom\u00eda local\" \/>\n<meta property=\"og:description\" content=\"Para disfrutar de una experiencia 360 descubre los mejores restaurantes manzanares el real y degusta la gastronom\u00eda local \u00a1visita la web!\" \/>\n<meta property=\"og:url\" content=\"https:\/\/manzanareselreal.org\/es\/restaurantes-manzanares-el-real-gastronomia-local\/\" \/>\n<meta property=\"og:site_name\" content=\"Manzanares el Real\" \/>\n<meta property=\"article:modified_time\" content=\"2026-02-11T14:04:55+00:00\" \/>\n<meta name=\"twitter:card\" content=\"summary_large_image\" \/>\n<meta name=\"twitter:label1\" content=\"Tiempo de lectura\" \/>\n\t<meta name=\"twitter:data1\" content=\"1 minuto\" \/>\n<script type=\"application\/ld+json\" class=\"yoast-schema-graph\">{\"@context\":\"https:\\\/\\\/schema.org\",\"@graph\":[{\"@type\":\"WebPage\",\"@id\":\"https:\\\/\\\/manzanareselreal.org\\\/es\\\/restaurantes-manzanares-el-real-gastronomia-local\\\/\",\"url\":\"https:\\\/\\\/manzanareselreal.org\\\/es\\\/restaurantes-manzanares-el-real-gastronomia-local\\\/\",\"name\":\"restaurantes manzanares el real\u200b - gastronom\u00eda local\",\"isPartOf\":{\"@id\":\"https:\\\/\\\/manzanareselreal.org\\\/es\\\/#website\"},\"primaryImageOfPage\":{\"@id\":\"https:\\\/\\\/manzanareselreal.org\\\/es\\\/restaurantes-manzanares-el-real-gastronomia-local\\\/#primaryimage\"},\"image\":{\"@id\":\"https:\\\/\\\/manzanareselreal.org\\\/es\\\/restaurantes-manzanares-el-real-gastronomia-local\\\/#primaryimage\"},\"thumbnailUrl\":\"https:\\\/\\\/manzanareselreal.org\\\/wp-content\\\/uploads\\\/2025\\\/10\\\/Bar-Restaurante-Cinco-Herraduras_Img2.avif\",\"datePublished\":\"2025-10-07T18:31:48+00:00\",\"dateModified\":\"2026-02-11T14:04:55+00:00\",\"description\":\"Para disfrutar de una experiencia 360 descubre los mejores restaurantes manzanares el real y degusta la gastronom\u00eda local \u00a1visita la web!\",\"breadcrumb\":{\"@id\":\"https:\\\/\\\/manzanareselreal.org\\\/es\\\/restaurantes-manzanares-el-real-gastronomia-local\\\/#breadcrumb\"},\"inLanguage\":\"es\",\"potentialAction\":[{\"@type\":\"ReadAction\",\"target\":[\"https:\\\/\\\/manzanareselreal.org\\\/es\\\/restaurantes-manzanares-el-real-gastronomia-local\\\/\"]}]},{\"@type\":\"ImageObject\",\"inLanguage\":\"es\",\"@id\":\"https:\\\/\\\/manzanareselreal.org\\\/es\\\/restaurantes-manzanares-el-real-gastronomia-local\\\/#primaryimage\",\"url\":\"https:\\\/\\\/manzanareselreal.org\\\/wp-content\\\/uploads\\\/2025\\\/10\\\/Bar-Restaurante-Cinco-Herraduras_Img2.avif\",\"contentUrl\":\"https:\\\/\\\/manzanareselreal.org\\\/wp-content\\\/uploads\\\/2025\\\/10\\\/Bar-Restaurante-Cinco-Herraduras_Img2.avif\",\"width\":1709,\"height\":951},{\"@type\":\"BreadcrumbList\",\"@id\":\"https:\\\/\\\/manzanareselreal.org\\\/es\\\/restaurantes-manzanares-el-real-gastronomia-local\\\/#breadcrumb\",\"itemListElement\":[{\"@type\":\"ListItem\",\"position\":1,\"name\":\"Inicio\",\"item\":\"https:\\\/\\\/manzanareselreal.org\\\/es\\\/\"},{\"@type\":\"ListItem\",\"position\":2,\"name\":\"Restauraci\u00f3n\"}]},{\"@type\":\"WebSite\",\"@id\":\"https:\\\/\\\/manzanareselreal.org\\\/es\\\/#website\",\"url\":\"https:\\\/\\\/manzanareselreal.org\\\/es\\\/\",\"name\":\"Manzanares el Real\",\"description\":\"En el Parque Nacional de la Sierra de Guadarrama, al pie de La Pedriza, llegar a este municipio de la Sierra Norte es sumergirse en la historia y la naturaleza.\",\"potentialAction\":[{\"@type\":\"SearchAction\",\"target\":{\"@type\":\"EntryPoint\",\"urlTemplate\":\"https:\\\/\\\/manzanareselreal.org\\\/es\\\/?s={search_term_string}\"},\"query-input\":{\"@type\":\"PropertyValueSpecification\",\"valueRequired\":true,\"valueName\":\"search_term_string\"}}],\"inLanguage\":\"es\"}]}<\/script>\n<!-- \/ Yoast SEO plugin. -->","yoast_head_json":{"title":"restaurantes manzanares el real\u200b - gastronom\u00eda local","description":"Para disfrutar de una experiencia 360 descubre los mejores restaurantes manzanares el real y degusta la gastronom\u00eda local \u00a1visita la web!","robots":{"index":"index","follow":"follow","max-snippet":"max-snippet:-1","max-image-preview":"max-image-preview:large","max-video-preview":"max-video-preview:-1"},"canonical":"https:\/\/manzanareselreal.org\/es\/restaurantes-manzanares-el-real-gastronomia-local\/","og_locale":"es_ES","og_type":"article","og_title":"restaurantes manzanares el real\u200b - gastronom\u00eda local","og_description":"Para disfrutar de una experiencia 360 descubre los mejores restaurantes manzanares el real y degusta la gastronom\u00eda local \u00a1visita la web!","og_url":"https:\/\/manzanareselreal.org\/es\/restaurantes-manzanares-el-real-gastronomia-local\/","og_site_name":"Manzanares el Real","article_modified_time":"2026-02-11T14:04:55+00:00","twitter_card":"summary_large_image","twitter_misc":{"Tiempo de lectura":"1 minuto"},"schema":{"@context":"https:\/\/schema.org","@graph":[{"@type":"WebPage","@id":"https:\/\/manzanareselreal.org\/es\/restaurantes-manzanares-el-real-gastronomia-local\/","url":"https:\/\/manzanareselreal.org\/es\/restaurantes-manzanares-el-real-gastronomia-local\/","name":"restaurantes manzanares el real\u200b - gastronom\u00eda local","isPartOf":{"@id":"https:\/\/manzanareselreal.org\/es\/#website"},"primaryImageOfPage":{"@id":"https:\/\/manzanareselreal.org\/es\/restaurantes-manzanares-el-real-gastronomia-local\/#primaryimage"},"image":{"@id":"https:\/\/manzanareselreal.org\/es\/restaurantes-manzanares-el-real-gastronomia-local\/#primaryimage"},"thumbnailUrl":"https:\/\/manzanareselreal.org\/wp-content\/uploads\/2025\/10\/Bar-Restaurante-Cinco-Herraduras_Img2.avif","datePublished":"2025-10-07T18:31:48+00:00","dateModified":"2026-02-11T14:04:55+00:00","description":"Para disfrutar de una experiencia 360 descubre los mejores restaurantes manzanares el real y degusta la gastronom\u00eda local \u00a1visita la web!","breadcrumb":{"@id":"https:\/\/manzanareselreal.org\/es\/restaurantes-manzanares-el-real-gastronomia-local\/#breadcrumb"},"inLanguage":"es","potentialAction":[{"@type":"ReadAction","target":["https:\/\/manzanareselreal.org\/es\/restaurantes-manzanares-el-real-gastronomia-local\/"]}]},{"@type":"ImageObject","inLanguage":"es","@id":"https:\/\/manzanareselreal.org\/es\/restaurantes-manzanares-el-real-gastronomia-local\/#primaryimage","url":"https:\/\/manzanareselreal.org\/wp-content\/uploads\/2025\/10\/Bar-Restaurante-Cinco-Herraduras_Img2.avif","contentUrl":"https:\/\/manzanareselreal.org\/wp-content\/uploads\/2025\/10\/Bar-Restaurante-Cinco-Herraduras_Img2.avif","width":1709,"height":951},{"@type":"BreadcrumbList","@id":"https:\/\/manzanareselreal.org\/es\/restaurantes-manzanares-el-real-gastronomia-local\/#breadcrumb","itemListElement":[{"@type":"ListItem","position":1,"name":"Inicio","item":"https:\/\/manzanareselreal.org\/es\/"},{"@type":"ListItem","position":2,"name":"Restauraci\u00f3n"}]},{"@type":"WebSite","@id":"https:\/\/manzanareselreal.org\/es\/#website","url":"https:\/\/manzanareselreal.org\/es\/","name":"Manzanares el Real","description":"En el Parque Nacional de la Sierra de Guadarrama, al pie de La Pedriza, llegar a este municipio de la Sierra Norte es sumergirse en la historia y la naturaleza.","potentialAction":[{"@type":"SearchAction","target":{"@type":"EntryPoint","urlTemplate":"https:\/\/manzanareselreal.org\/es\/?s={search_term_string}"},"query-input":{"@type":"PropertyValueSpecification","valueRequired":true,"valueName":"search_term_string"}}],"inLanguage":"es"}]}},"_links":{"self":[{"href":"https:\/\/manzanareselreal.org\/es\/wp-json\/wp\/v2\/pages\/1936","targetHints":{"allow":["GET"]}}],"collection":[{"href":"https:\/\/manzanareselreal.org\/es\/wp-json\/wp\/v2\/pages"}],"about":[{"href":"https:\/\/manzanareselreal.org\/es\/wp-json\/wp\/v2\/types\/page"}],"author":[{"embeddable":true,"href":"https:\/\/manzanareselreal.org\/es\/wp-json\/wp\/v2\/users\/1"}],"replies":[{"embeddable":true,"href":"https:\/\/manzanareselreal.org\/es\/wp-json\/wp\/v2\/comments?post=1936"}],"version-history":[{"count":11,"href":"https:\/\/manzanareselreal.org\/es\/wp-json\/wp\/v2\/pages\/1936\/revisions"}],"predecessor-version":[{"id":3812,"href":"https:\/\/manzanareselreal.org\/es\/wp-json\/wp\/v2\/pages\/1936\/revisions\/3812"}],"wp:featuredmedia":[{"embeddable":true,"href":"https:\/\/manzanareselreal.org\/es\/wp-json\/wp\/v2\/media\/1953"}],"wp:attachment":[{"href":"https:\/\/manzanareselreal.org\/es\/wp-json\/wp\/v2\/media?parent=1936"}],"curies":[{"name":"wp","href":"https:\/\/api.w.org\/{rel}","templated":true}]}}