{"id":1919,"date":"2025-10-07T18:18:18","date_gmt":"2025-10-07T16:18:18","guid":{"rendered":"https:\/\/openideas.site\/manzanareselreal\/?page_id=1919"},"modified":"2026-02-11T15:03:53","modified_gmt":"2026-02-11T14:03:53","slug":"hoteles-en-manzanares-el-real","status":"publish","type":"page","link":"https:\/\/manzanareselreal.org\/es\/hoteles-en-manzanares-el-real\/","title":{"rendered":"Alojamientos"},"content":{"rendered":"<nav id=\"breadcrumbs\" aria-label=\"Breadcrumbs\"><a href=\"https:\/\/manzanareselreal.org\/es\/\">Inicio<\/a> \/ Alojamientos<\/nav>\r\n<h3>\u00bfPrefieres un alojamiento con encanto para tu estancia?<br \/>\u00bfO quiz\u00e1 un apartamento completo?<\/h3>\r\n<p>Manzanares El Real cuenta con m\u00faltiples establecimientos que se adaptar\u00e1n a tus necesidades, desde hoteles, pensiones, casas rurales y campings, que se asegurar\u00e1n de que tengas la mejor experiencia posible.<\/p>\r\n<h3>A continuaci\u00f3n, te dejamos aqu\u00ed la informaci\u00f3n para que puedas localizarlos f\u00e1cilmente.<\/h3>\r\n<p><img loading=\"lazy\" decoding=\"async\" title=\"Directorio-GUIAMER-logo\" src=\"https:\/\/manzanareselreal.org\/wp-content\/uploads\/2025\/10\/Directorio-GUIAMER-logo.png\" alt=\"Directorio-GUIAMER-logo\" width=\"300\" height=\"120\" \/><\/p>\r\n<h4>Si quieres encontrar m\u00e1s informaci\u00f3n sobre los alojamientos y otras empresas de Manzanares El Real,<br \/>visita nuestro directorio empresarial, comercial y de servicios p\u00fablicos de la localidad.<\/h4>\r\n<p><a href=\"https:\/\/directorio-empresarial.manzanareselreal.es\/places\/category\/alojamientos\/\" target=\"_blank\" rel=\"noopener\"> Directorio Municipal <\/a><\/p>\r\n","protected":false},"excerpt":{"rendered":"<p>Inicio \/ Alojamientos \u00bfPrefieres un alojamiento con encanto para tu estancia?\u00bfO quiz\u00e1 un apartamento completo? Manzanares El Real cuenta con m\u00faltiples establecimientos que se adaptar\u00e1n a tus necesidades, desde hoteles, pensiones, casas rurales y campings, que se asegurar\u00e1n de que tengas la mejor experiencia posible. A continuaci\u00f3n, te dejamos aqu\u00ed la informaci\u00f3n para que puedas&hellip;<\/p>\n","protected":false},"author":1,"featured_media":1896,"parent":0,"menu_order":0,"comment_status":"closed","ping_status":"closed","template":"","meta":{"_acf_changed":false,"footnotes":""},"class_list":["post-1919","page","type-page","status-publish","format-standard","has-post-thumbnail","hentry"],"acf":[],"yoast_head":"<!-- This site is optimized with the Yoast SEO plugin v27.1.1 - https:\/\/yoast.com\/product\/yoast-seo-wordpress\/ -->\n<title>hoteles en manzanares el real\u200b - alojamientos estancias<\/title>\n<meta name=\"description\" content=\"Si buscas hoteles en manzanares el real\u200b, en nuestra web encontrar\u00e1s una amplia oferta de alojamientos para una experiencia \u00fanica.\" \/>\n<meta name=\"robots\" content=\"index, follow, max-snippet:-1, max-image-preview:large, max-video-preview:-1\" \/>\n<link rel=\"canonical\" href=\"https:\/\/manzanareselreal.org\/es\/hoteles-en-manzanares-el-real\/\" \/>\n<meta property=\"og:locale\" content=\"es_ES\" \/>\n<meta property=\"og:type\" content=\"article\" \/>\n<meta property=\"og:title\" content=\"hoteles en manzanares el real\u200b - alojamientos estancias\" \/>\n<meta property=\"og:description\" content=\"Si buscas hoteles en manzanares el real\u200b, en nuestra web encontrar\u00e1s una amplia oferta de alojamientos para una experiencia \u00fanica.\" \/>\n<meta property=\"og:url\" content=\"https:\/\/manzanareselreal.org\/es\/hoteles-en-manzanares-el-real\/\" \/>\n<meta property=\"og:site_name\" content=\"Manzanares el Real\" \/>\n<meta property=\"article:modified_time\" content=\"2026-02-11T14:03:53+00:00\" \/>\n<meta property=\"og:image\" content=\"https:\/\/manzanareselreal.org\/wp-content\/uploads\/2025\/10\/El-Yelmo_Img3.jpg\" \/>\n\t<meta property=\"og:image:width\" content=\"1600\" \/>\n\t<meta property=\"og:image:height\" content=\"1067\" \/>\n\t<meta property=\"og:image:type\" content=\"image\/jpeg\" \/>\n<meta name=\"twitter:card\" content=\"summary_large_image\" \/>\n<meta name=\"twitter:label1\" content=\"Tiempo de lectura\" \/>\n\t<meta name=\"twitter:data1\" content=\"1 minuto\" \/>\n<script type=\"application\/ld+json\" class=\"yoast-schema-graph\">{\"@context\":\"https:\/\/schema.org\",\"@graph\":[{\"@type\":\"WebPage\",\"@id\":\"https:\/\/manzanareselreal.org\/es\/hoteles-en-manzanares-el-real\/\",\"url\":\"https:\/\/manzanareselreal.org\/es\/hoteles-en-manzanares-el-real\/\",\"name\":\"hoteles en manzanares el real\u200b - alojamientos estancias\",\"isPartOf\":{\"@id\":\"https:\/\/manzanareselreal.org\/es\/#website\"},\"primaryImageOfPage\":{\"@id\":\"https:\/\/manzanareselreal.org\/es\/hoteles-en-manzanares-el-real\/#primaryimage\"},\"image\":{\"@id\":\"https:\/\/manzanareselreal.org\/es\/hoteles-en-manzanares-el-real\/#primaryimage\"},\"thumbnailUrl\":\"https:\/\/manzanareselreal.org\/wp-content\/uploads\/2025\/10\/El-Yelmo_Img3.jpg\",\"datePublished\":\"2025-10-07T16:18:18+00:00\",\"dateModified\":\"2026-02-11T14:03:53+00:00\",\"description\":\"Si buscas hoteles en manzanares el real\u200b, en nuestra web encontrar\u00e1s una amplia oferta de alojamientos para una experiencia \u00fanica.\",\"breadcrumb\":{\"@id\":\"https:\/\/manzanareselreal.org\/es\/hoteles-en-manzanares-el-real\/#breadcrumb\"},\"inLanguage\":\"es\",\"potentialAction\":[{\"@type\":\"ReadAction\",\"target\":[\"https:\/\/manzanareselreal.org\/es\/hoteles-en-manzanares-el-real\/\"]}]},{\"@type\":\"ImageObject\",\"inLanguage\":\"es\",\"@id\":\"https:\/\/manzanareselreal.org\/es\/hoteles-en-manzanares-el-real\/#primaryimage\",\"url\":\"https:\/\/manzanareselreal.org\/wp-content\/uploads\/2025\/10\/El-Yelmo_Img3.jpg\",\"contentUrl\":\"https:\/\/manzanareselreal.org\/wp-content\/uploads\/2025\/10\/El-Yelmo_Img3.jpg\",\"width\":1600,\"height\":1067,\"caption\":\"hoteles en manzanares el real\u200b\"},{\"@type\":\"BreadcrumbList\",\"@id\":\"https:\/\/manzanareselreal.org\/es\/hoteles-en-manzanares-el-real\/#breadcrumb\",\"itemListElement\":[{\"@type\":\"ListItem\",\"position\":1,\"name\":\"Inicio\",\"item\":\"https:\/\/manzanareselreal.org\/es\/\"},{\"@type\":\"ListItem\",\"position\":2,\"name\":\"Alojamientos\"}]},{\"@type\":\"WebSite\",\"@id\":\"https:\/\/manzanareselreal.org\/es\/#website\",\"url\":\"https:\/\/manzanareselreal.org\/es\/\",\"name\":\"Manzanares el Real\",\"description\":\"En el Parque Nacional de la Sierra de Guadarrama, al pie de La Pedriza, llegar a este municipio de la Sierra Norte es sumergirse en la historia y la naturaleza.\",\"potentialAction\":[{\"@type\":\"SearchAction\",\"target\":{\"@type\":\"EntryPoint\",\"urlTemplate\":\"https:\/\/manzanareselreal.org\/es\/?s={search_term_string}\"},\"query-input\":{\"@type\":\"PropertyValueSpecification\",\"valueRequired\":true,\"valueName\":\"search_term_string\"}}],\"inLanguage\":\"es\"}]}<\/script>\n<!-- \/ Yoast SEO plugin. -->","yoast_head_json":{"title":"hoteles en manzanares el real\u200b - alojamientos estancias","description":"Si buscas hoteles en manzanares el real\u200b, en nuestra web encontrar\u00e1s una amplia oferta de alojamientos para una experiencia \u00fanica.","robots":{"index":"index","follow":"follow","max-snippet":"max-snippet:-1","max-image-preview":"max-image-preview:large","max-video-preview":"max-video-preview:-1"},"canonical":"https:\/\/manzanareselreal.org\/es\/hoteles-en-manzanares-el-real\/","og_locale":"es_ES","og_type":"article","og_title":"hoteles en manzanares el real\u200b - alojamientos estancias","og_description":"Si buscas hoteles en manzanares el real\u200b, en nuestra web encontrar\u00e1s una amplia oferta de alojamientos para una experiencia \u00fanica.","og_url":"https:\/\/manzanareselreal.org\/es\/hoteles-en-manzanares-el-real\/","og_site_name":"Manzanares el Real","article_modified_time":"2026-02-11T14:03:53+00:00","og_image":[{"width":1600,"height":1067,"url":"https:\/\/manzanareselreal.org\/wp-content\/uploads\/2025\/10\/El-Yelmo_Img3.jpg","type":"image\/jpeg"}],"twitter_card":"summary_large_image","twitter_misc":{"Tiempo de lectura":"1 minuto"},"schema":{"@context":"https:\/\/schema.org","@graph":[{"@type":"WebPage","@id":"https:\/\/manzanareselreal.org\/es\/hoteles-en-manzanares-el-real\/","url":"https:\/\/manzanareselreal.org\/es\/hoteles-en-manzanares-el-real\/","name":"hoteles en manzanares el real\u200b - alojamientos estancias","isPartOf":{"@id":"https:\/\/manzanareselreal.org\/es\/#website"},"primaryImageOfPage":{"@id":"https:\/\/manzanareselreal.org\/es\/hoteles-en-manzanares-el-real\/#primaryimage"},"image":{"@id":"https:\/\/manzanareselreal.org\/es\/hoteles-en-manzanares-el-real\/#primaryimage"},"thumbnailUrl":"https:\/\/manzanareselreal.org\/wp-content\/uploads\/2025\/10\/El-Yelmo_Img3.jpg","datePublished":"2025-10-07T16:18:18+00:00","dateModified":"2026-02-11T14:03:53+00:00","description":"Si buscas hoteles en manzanares el real\u200b, en nuestra web encontrar\u00e1s una amplia oferta de alojamientos para una experiencia \u00fanica.","breadcrumb":{"@id":"https:\/\/manzanareselreal.org\/es\/hoteles-en-manzanares-el-real\/#breadcrumb"},"inLanguage":"es","potentialAction":[{"@type":"ReadAction","target":["https:\/\/manzanareselreal.org\/es\/hoteles-en-manzanares-el-real\/"]}]},{"@type":"ImageObject","inLanguage":"es","@id":"https:\/\/manzanareselreal.org\/es\/hoteles-en-manzanares-el-real\/#primaryimage","url":"https:\/\/manzanareselreal.org\/wp-content\/uploads\/2025\/10\/El-Yelmo_Img3.jpg","contentUrl":"https:\/\/manzanareselreal.org\/wp-content\/uploads\/2025\/10\/El-Yelmo_Img3.jpg","width":1600,"height":1067,"caption":"hoteles en manzanares el real\u200b"},{"@type":"BreadcrumbList","@id":"https:\/\/manzanareselreal.org\/es\/hoteles-en-manzanares-el-real\/#breadcrumb","itemListElement":[{"@type":"ListItem","position":1,"name":"Inicio","item":"https:\/\/manzanareselreal.org\/es\/"},{"@type":"ListItem","position":2,"name":"Alojamientos"}]},{"@type":"WebSite","@id":"https:\/\/manzanareselreal.org\/es\/#website","url":"https:\/\/manzanareselreal.org\/es\/","name":"Manzanares el Real","description":"En el Parque Nacional de la Sierra de Guadarrama, al pie de La Pedriza, llegar a este municipio de la Sierra Norte es sumergirse en la historia y la naturaleza.","potentialAction":[{"@type":"SearchAction","target":{"@type":"EntryPoint","urlTemplate":"https:\/\/manzanareselreal.org\/es\/?s={search_term_string}"},"query-input":{"@type":"PropertyValueSpecification","valueRequired":true,"valueName":"search_term_string"}}],"inLanguage":"es"}]}},"_links":{"self":[{"href":"https:\/\/manzanareselreal.org\/es\/wp-json\/wp\/v2\/pages\/1919","targetHints":{"allow":["GET"]}}],"collection":[{"href":"https:\/\/manzanareselreal.org\/es\/wp-json\/wp\/v2\/pages"}],"about":[{"href":"https:\/\/manzanareselreal.org\/es\/wp-json\/wp\/v2\/types\/page"}],"author":[{"embeddable":true,"href":"https:\/\/manzanareselreal.org\/es\/wp-json\/wp\/v2\/users\/1"}],"replies":[{"embeddable":true,"href":"https:\/\/manzanareselreal.org\/es\/wp-json\/wp\/v2\/comments?post=1919"}],"version-history":[{"count":11,"href":"https:\/\/manzanareselreal.org\/es\/wp-json\/wp\/v2\/pages\/1919\/revisions"}],"predecessor-version":[{"id":3807,"href":"https:\/\/manzanareselreal.org\/es\/wp-json\/wp\/v2\/pages\/1919\/revisions\/3807"}],"wp:featuredmedia":[{"embeddable":true,"href":"https:\/\/manzanareselreal.org\/es\/wp-json\/wp\/v2\/media\/1896"}],"wp:attachment":[{"href":"https:\/\/manzanareselreal.org\/es\/wp-json\/wp\/v2\/media?parent=1919"}],"curies":[{"name":"wp","href":"https:\/\/api.w.org\/{rel}","templated":true}]}}