{"id":1355,"date":"2025-09-25T18:36:08","date_gmt":"2025-09-25T16:36:08","guid":{"rendered":"https:\/\/openideas.site\/manzanareselreal\/?page_id=1355"},"modified":"2025-11-26T11:25:36","modified_gmt":"2025-11-26T10:25:36","slug":"actividades-deportivas-manzanares-el-real-aventura-y-naturaleza","status":"publish","type":"page","link":"https:\/\/manzanareselreal.org\/es\/que-hacer-en-manzanares-el-real-turismo-naturaleza-y-cultural\/actividades-deportivas-manzanares-el-real-aventura-y-naturaleza\/","title":{"rendered":"Turismo deportivo"},"content":{"rendered":"<nav id=\"breadcrumbs\" aria-label=\"Breadcrumbs\"><a href=\"https:\/\/manzanareselreal.org\/es\/\">Inicio<\/a> \/ <a href=\"https:\/\/manzanareselreal.org\/es\/que-hacer\/\">Qu\u00e9 hacer<\/a> \/ Turismo deportivo<\/nav>\r\n<h3>Manzanares El Real est\u00e1 hecha para los deportistas<\/h3>\r\n<p>Date un capricho y reg\u00e1laselo a tus cinco sentidos. &#8216;Recarga pilas&#8217;, haz deporte: a pie, en bicicleta o escalando. S\u00ed, escalando. Disfruta de un paisaje incre\u00edble incluso a vista de p\u00e1jaro, haz senderismo a la vez que aprendes micolog\u00eda rodeado de la fragancia de la jara y los pinares, e incluso pesca en el agua dulce de la sierra.<\/p>\r\n<h3>Ya sea que quieras aventura o relax, encontrar\u00e1s lo que buscas en nuestro pueblo.<\/h3>\r\n<p><img decoding=\"async\" title=\"camina\" src=\"https:\/\/manzanareselreal.org\/wp-content\/uploads\/2025\/09\/camina.webp\" alt=\"camina\" \/><\/p>\r\n<h3>CAMINA<\/h3>\r\n<p><img decoding=\"async\" title=\"corre\" src=\"https:\/\/manzanareselreal.org\/wp-content\/uploads\/2025\/09\/corre.webp\" alt=\"corre\" \/><\/p>\r\n<h3>CORRE<\/h3>\r\n<p><img decoding=\"async\" title=\"pedalea\" src=\"https:\/\/manzanareselreal.org\/wp-content\/uploads\/2025\/09\/pedalea.webp\" alt=\"pedalea\" \/><\/p>\r\n<h3>PEDALEA<\/h3>\r\n<p><img decoding=\"async\" title=\"escala\" src=\"https:\/\/manzanareselreal.org\/wp-content\/uploads\/2025\/09\/escala.webp\" alt=\"escala\" \/><\/p>\r\n<h3>ESCALA<\/h3>\r\n<p><img decoding=\"async\" title=\"pesca\" src=\"https:\/\/manzanareselreal.org\/wp-content\/uploads\/2025\/09\/pesca.png\" alt=\"pesca\" \/><\/p>\r\n<h3>PESCA<\/h3>\r\n","protected":false},"excerpt":{"rendered":"<p>Inicio \/ Qu\u00e9 hacer \/ Turismo deportivo Manzanares El Real est\u00e1 hecha para los deportistas Date un capricho y reg\u00e1laselo a tus cinco sentidos. &#8216;Recarga pilas&#8217;, haz deporte: a pie, en bicicleta o escalando. S\u00ed, escalando. Disfruta de un paisaje incre\u00edble incluso a vista de p\u00e1jaro, haz senderismo a la vez que aprendes micolog\u00eda rodeado&hellip;<\/p>\n","protected":false},"author":1,"featured_media":1374,"parent":456,"menu_order":0,"comment_status":"closed","ping_status":"closed","template":"","meta":{"_acf_changed":false,"footnotes":""},"class_list":["post-1355","page","type-page","status-publish","format-standard","has-post-thumbnail","hentry"],"acf":[],"yoast_head":"<!-- This site is optimized with the Yoast SEO plugin v27.1.1 - https:\/\/yoast.com\/product\/yoast-seo-wordpress\/ -->\n<title>Turismo deportivo - Manzanares el Real<\/title>\n<meta name=\"description\" content=\"Descubre las actividades deportivas en Manzanares el Real: senderismo, escalada, rutas en bici y deportes. Una experiencia en la naturaleza.\" \/>\n<meta name=\"robots\" content=\"index, follow, max-snippet:-1, max-image-preview:large, max-video-preview:-1\" \/>\n<link rel=\"canonical\" href=\"https:\/\/manzanareselreal.org\/es\/que-hacer-en-manzanares-el-real-turismo-naturaleza-y-cultural\/actividades-deportivas-manzanares-el-real-aventura-y-naturaleza\/\" \/>\n<meta property=\"og:locale\" content=\"es_ES\" \/>\n<meta property=\"og:type\" content=\"article\" \/>\n<meta property=\"og:title\" content=\"Turismo deportivo - Manzanares el Real\" \/>\n<meta property=\"og:description\" content=\"Descubre las actividades deportivas en Manzanares el Real: senderismo, escalada, rutas en bici y deportes. Una experiencia en la naturaleza.\" \/>\n<meta property=\"og:url\" content=\"https:\/\/manzanareselreal.org\/es\/que-hacer-en-manzanares-el-real-turismo-naturaleza-y-cultural\/actividades-deportivas-manzanares-el-real-aventura-y-naturaleza\/\" \/>\n<meta property=\"og:site_name\" content=\"Manzanares el Real\" \/>\n<meta property=\"article:modified_time\" content=\"2025-11-26T10:25:36+00:00\" \/>\n<meta property=\"og:image\" content=\"https:\/\/manzanareselreal.org\/wp-content\/uploads\/2025\/09\/42.jpg\" \/>\n\t<meta property=\"og:image:width\" content=\"1440\" \/>\n\t<meta property=\"og:image:height\" content=\"370\" \/>\n\t<meta property=\"og:image:type\" content=\"image\/jpeg\" \/>\n<meta name=\"twitter:card\" content=\"summary_large_image\" \/>\n<meta name=\"twitter:label1\" content=\"Tiempo de lectura\" \/>\n\t<meta name=\"twitter:data1\" content=\"2 minutos\" \/>\n<script type=\"application\/ld+json\" class=\"yoast-schema-graph\">{\"@context\":\"https:\/\/schema.org\",\"@graph\":[{\"@type\":\"WebPage\",\"@id\":\"https:\/\/manzanareselreal.org\/es\/que-hacer-en-manzanares-el-real-turismo-naturaleza-y-cultural\/actividades-deportivas-manzanares-el-real-aventura-y-naturaleza\/\",\"url\":\"https:\/\/manzanareselreal.org\/es\/que-hacer-en-manzanares-el-real-turismo-naturaleza-y-cultural\/actividades-deportivas-manzanares-el-real-aventura-y-naturaleza\/\",\"name\":\"Turismo deportivo - Manzanares el Real\",\"isPartOf\":{\"@id\":\"https:\/\/manzanareselreal.org\/es\/#website\"},\"primaryImageOfPage\":{\"@id\":\"https:\/\/manzanareselreal.org\/es\/que-hacer-en-manzanares-el-real-turismo-naturaleza-y-cultural\/actividades-deportivas-manzanares-el-real-aventura-y-naturaleza\/#primaryimage\"},\"image\":{\"@id\":\"https:\/\/manzanareselreal.org\/es\/que-hacer-en-manzanares-el-real-turismo-naturaleza-y-cultural\/actividades-deportivas-manzanares-el-real-aventura-y-naturaleza\/#primaryimage\"},\"thumbnailUrl\":\"https:\/\/manzanareselreal.org\/wp-content\/uploads\/2025\/09\/42.jpg\",\"datePublished\":\"2025-09-25T16:36:08+00:00\",\"dateModified\":\"2025-11-26T10:25:36+00:00\",\"description\":\"Descubre las actividades deportivas en Manzanares el Real: senderismo, escalada, rutas en bici y deportes. Una experiencia en la naturaleza.\",\"breadcrumb\":{\"@id\":\"https:\/\/manzanareselreal.org\/es\/que-hacer-en-manzanares-el-real-turismo-naturaleza-y-cultural\/actividades-deportivas-manzanares-el-real-aventura-y-naturaleza\/#breadcrumb\"},\"inLanguage\":\"es\",\"potentialAction\":[{\"@type\":\"ReadAction\",\"target\":[\"https:\/\/manzanareselreal.org\/es\/que-hacer-en-manzanares-el-real-turismo-naturaleza-y-cultural\/actividades-deportivas-manzanares-el-real-aventura-y-naturaleza\/\"]}]},{\"@type\":\"ImageObject\",\"inLanguage\":\"es\",\"@id\":\"https:\/\/manzanareselreal.org\/es\/que-hacer-en-manzanares-el-real-turismo-naturaleza-y-cultural\/actividades-deportivas-manzanares-el-real-aventura-y-naturaleza\/#primaryimage\",\"url\":\"https:\/\/manzanareselreal.org\/wp-content\/uploads\/2025\/09\/42.jpg\",\"contentUrl\":\"https:\/\/manzanareselreal.org\/wp-content\/uploads\/2025\/09\/42.jpg\",\"width\":1440,\"height\":370},{\"@type\":\"BreadcrumbList\",\"@id\":\"https:\/\/manzanareselreal.org\/es\/que-hacer-en-manzanares-el-real-turismo-naturaleza-y-cultural\/actividades-deportivas-manzanares-el-real-aventura-y-naturaleza\/#breadcrumb\",\"itemListElement\":[{\"@type\":\"ListItem\",\"position\":1,\"name\":\"Inicio\",\"item\":\"https:\/\/manzanareselreal.org\/es\/\"},{\"@type\":\"ListItem\",\"position\":2,\"name\":\"Qu\u00e9 hacer\",\"item\":\"https:\/\/manzanareselreal.org\/es\/que-hacer-en-manzanares-el-real-turismo-naturaleza-y-cultural\/\"},{\"@type\":\"ListItem\",\"position\":3,\"name\":\"Turismo deportivo\"}]},{\"@type\":\"WebSite\",\"@id\":\"https:\/\/manzanareselreal.org\/es\/#website\",\"url\":\"https:\/\/manzanareselreal.org\/es\/\",\"name\":\"Manzanares el Real\",\"description\":\"En el Parque Nacional de la Sierra de Guadarrama, al pie de La Pedriza, llegar a este municipio de la Sierra Norte es sumergirse en la historia y la naturaleza.\",\"potentialAction\":[{\"@type\":\"SearchAction\",\"target\":{\"@type\":\"EntryPoint\",\"urlTemplate\":\"https:\/\/manzanareselreal.org\/es\/?s={search_term_string}\"},\"query-input\":{\"@type\":\"PropertyValueSpecification\",\"valueRequired\":true,\"valueName\":\"search_term_string\"}}],\"inLanguage\":\"es\"}]}<\/script>\n<!-- \/ Yoast SEO plugin. -->","yoast_head_json":{"title":"Turismo deportivo - Manzanares el Real","description":"Descubre las actividades deportivas en Manzanares el Real: senderismo, escalada, rutas en bici y deportes. Una experiencia en la naturaleza.","robots":{"index":"index","follow":"follow","max-snippet":"max-snippet:-1","max-image-preview":"max-image-preview:large","max-video-preview":"max-video-preview:-1"},"canonical":"https:\/\/manzanareselreal.org\/es\/que-hacer-en-manzanares-el-real-turismo-naturaleza-y-cultural\/actividades-deportivas-manzanares-el-real-aventura-y-naturaleza\/","og_locale":"es_ES","og_type":"article","og_title":"Turismo deportivo - Manzanares el Real","og_description":"Descubre las actividades deportivas en Manzanares el Real: senderismo, escalada, rutas en bici y deportes. Una experiencia en la naturaleza.","og_url":"https:\/\/manzanareselreal.org\/es\/que-hacer-en-manzanares-el-real-turismo-naturaleza-y-cultural\/actividades-deportivas-manzanares-el-real-aventura-y-naturaleza\/","og_site_name":"Manzanares el Real","article_modified_time":"2025-11-26T10:25:36+00:00","og_image":[{"width":1440,"height":370,"url":"https:\/\/manzanareselreal.org\/wp-content\/uploads\/2025\/09\/42.jpg","type":"image\/jpeg"}],"twitter_card":"summary_large_image","twitter_misc":{"Tiempo de lectura":"2 minutos"},"schema":{"@context":"https:\/\/schema.org","@graph":[{"@type":"WebPage","@id":"https:\/\/manzanareselreal.org\/es\/que-hacer-en-manzanares-el-real-turismo-naturaleza-y-cultural\/actividades-deportivas-manzanares-el-real-aventura-y-naturaleza\/","url":"https:\/\/manzanareselreal.org\/es\/que-hacer-en-manzanares-el-real-turismo-naturaleza-y-cultural\/actividades-deportivas-manzanares-el-real-aventura-y-naturaleza\/","name":"Turismo deportivo - Manzanares el Real","isPartOf":{"@id":"https:\/\/manzanareselreal.org\/es\/#website"},"primaryImageOfPage":{"@id":"https:\/\/manzanareselreal.org\/es\/que-hacer-en-manzanares-el-real-turismo-naturaleza-y-cultural\/actividades-deportivas-manzanares-el-real-aventura-y-naturaleza\/#primaryimage"},"image":{"@id":"https:\/\/manzanareselreal.org\/es\/que-hacer-en-manzanares-el-real-turismo-naturaleza-y-cultural\/actividades-deportivas-manzanares-el-real-aventura-y-naturaleza\/#primaryimage"},"thumbnailUrl":"https:\/\/manzanareselreal.org\/wp-content\/uploads\/2025\/09\/42.jpg","datePublished":"2025-09-25T16:36:08+00:00","dateModified":"2025-11-26T10:25:36+00:00","description":"Descubre las actividades deportivas en Manzanares el Real: senderismo, escalada, rutas en bici y deportes. Una experiencia en la naturaleza.","breadcrumb":{"@id":"https:\/\/manzanareselreal.org\/es\/que-hacer-en-manzanares-el-real-turismo-naturaleza-y-cultural\/actividades-deportivas-manzanares-el-real-aventura-y-naturaleza\/#breadcrumb"},"inLanguage":"es","potentialAction":[{"@type":"ReadAction","target":["https:\/\/manzanareselreal.org\/es\/que-hacer-en-manzanares-el-real-turismo-naturaleza-y-cultural\/actividades-deportivas-manzanares-el-real-aventura-y-naturaleza\/"]}]},{"@type":"ImageObject","inLanguage":"es","@id":"https:\/\/manzanareselreal.org\/es\/que-hacer-en-manzanares-el-real-turismo-naturaleza-y-cultural\/actividades-deportivas-manzanares-el-real-aventura-y-naturaleza\/#primaryimage","url":"https:\/\/manzanareselreal.org\/wp-content\/uploads\/2025\/09\/42.jpg","contentUrl":"https:\/\/manzanareselreal.org\/wp-content\/uploads\/2025\/09\/42.jpg","width":1440,"height":370},{"@type":"BreadcrumbList","@id":"https:\/\/manzanareselreal.org\/es\/que-hacer-en-manzanares-el-real-turismo-naturaleza-y-cultural\/actividades-deportivas-manzanares-el-real-aventura-y-naturaleza\/#breadcrumb","itemListElement":[{"@type":"ListItem","position":1,"name":"Inicio","item":"https:\/\/manzanareselreal.org\/es\/"},{"@type":"ListItem","position":2,"name":"Qu\u00e9 hacer","item":"https:\/\/manzanareselreal.org\/es\/que-hacer-en-manzanares-el-real-turismo-naturaleza-y-cultural\/"},{"@type":"ListItem","position":3,"name":"Turismo deportivo"}]},{"@type":"WebSite","@id":"https:\/\/manzanareselreal.org\/es\/#website","url":"https:\/\/manzanareselreal.org\/es\/","name":"Manzanares el Real","description":"En el Parque Nacional de la Sierra de Guadarrama, al pie de La Pedriza, llegar a este municipio de la Sierra Norte es sumergirse en la historia y la naturaleza.","potentialAction":[{"@type":"SearchAction","target":{"@type":"EntryPoint","urlTemplate":"https:\/\/manzanareselreal.org\/es\/?s={search_term_string}"},"query-input":{"@type":"PropertyValueSpecification","valueRequired":true,"valueName":"search_term_string"}}],"inLanguage":"es"}]}},"_links":{"self":[{"href":"https:\/\/manzanareselreal.org\/es\/wp-json\/wp\/v2\/pages\/1355","targetHints":{"allow":["GET"]}}],"collection":[{"href":"https:\/\/manzanareselreal.org\/es\/wp-json\/wp\/v2\/pages"}],"about":[{"href":"https:\/\/manzanareselreal.org\/es\/wp-json\/wp\/v2\/types\/page"}],"author":[{"embeddable":true,"href":"https:\/\/manzanareselreal.org\/es\/wp-json\/wp\/v2\/users\/1"}],"replies":[{"embeddable":true,"href":"https:\/\/manzanareselreal.org\/es\/wp-json\/wp\/v2\/comments?post=1355"}],"version-history":[{"count":7,"href":"https:\/\/manzanareselreal.org\/es\/wp-json\/wp\/v2\/pages\/1355\/revisions"}],"predecessor-version":[{"id":3815,"href":"https:\/\/manzanareselreal.org\/es\/wp-json\/wp\/v2\/pages\/1355\/revisions\/3815"}],"up":[{"embeddable":true,"href":"https:\/\/manzanareselreal.org\/es\/wp-json\/wp\/v2\/pages\/456"}],"wp:featuredmedia":[{"embeddable":true,"href":"https:\/\/manzanareselreal.org\/es\/wp-json\/wp\/v2\/media\/1374"}],"wp:attachment":[{"href":"https:\/\/manzanareselreal.org\/es\/wp-json\/wp\/v2\/media?parent=1355"}],"curies":[{"name":"wp","href":"https:\/\/api.w.org\/{rel}","templated":true}]}}