{"id":132,"date":"2025-09-11T13:05:58","date_gmt":"2025-09-11T11:05:58","guid":{"rendered":"https:\/\/openideas.site\/manzanareselreal\/?page_id=132"},"modified":"2026-02-05T14:59:00","modified_gmt":"2026-02-05T13:59:00","slug":"manzanares-el-real-home","status":"publish","type":"page","link":"https:\/\/manzanareselreal.org\/es\/","title":{"rendered":"Inicio"},"content":{"rendered":"\r\n<h1>Pi\u00e9rdete<br \/>para encontrarte<\/h1>\r\n<p><img loading=\"lazy\" decoding=\"async\" title=\"Recurso 80\" src=\"https:\/\/manzanareselreal.org\/wp-content\/uploads\/2025\/09\/Recurso-80.png\" alt=\"Recurso 80\" width=\"639\" height=\"639\" \/><\/p>\r\n<h3>Te damos la bienvenida a nuestro portal Web,<br \/>\u00edntegramente dedicado a ayudarte en tu visita<br \/>a Manzanares El Real\u2026<\/h3>\r\n<p><a title=\"Haz clic aqu\u00ed\" target=\"_self\" data-modal=\"role=&quot;button&quot;\" aria-label=\"Desc\u00fabrelo\"> Desc\u00fabrelo <\/a> <img loading=\"lazy\" decoding=\"async\" title=\"icon10\" src=\"https:\/\/manzanareselreal.org\/wp-content\/uploads\/2025\/09\/icon10.png\" alt=\"icon10\" width=\"899\" height=\"718\" \/><\/p>\r\n<h2>Para comenzar, has de saber que nos encontramos en pleno<br \/>Parque Regional de la Cuenca Alta del Manzanares y en el<br \/>Parque Nacional de la Sierra de Guadarrama.<\/h2>\r\n<h2>Somos la puerta de entrada a La Pedriza.<\/h2>\r\n<p>Esto significa que cuando llegues a nuestro municipio te sumergir\u00e1s de lleno en la naturaleza, en su versi\u00f3n m\u00e1s pura. No en vano, La Pedriza est\u00e1 incluida en la Red Mundial de Reservas de la Biosfera, y ofrece uno de los paisajes m\u00e1s bellos de la Comunidad de Madrid.<\/p>\r\n<h3>En definitiva, bienvenidos a nuestras calles y caminos, a nuestros senderos y monumentos.<br \/>Bienvenidos a Manzanares El Real.<br \/>Bienvenidos a vuestra casa.<\/h3>\r\n<p><a href=\"https:\/\/manzanareselreal.org\/es\/historia\/\" target=\"_self\"> Historia <\/a> <img loading=\"lazy\" decoding=\"async\" title=\"respeta\" src=\"https:\/\/manzanareselreal.org\/wp-content\/uploads\/2025\/09\/respeta.webp\" alt=\"respeta\" width=\"94\" height=\"94\" \/><\/p>\r\n<h2>La Naturaleza nos da cobijo y alimento, nos cuida y nos mantiene.<\/h2>\r\n<h2>No la ensucies, qui\u00e9rela y resp\u00e9tala para que todos podamos disfrutar y aprender de ella.<\/h2>\r\n<h2>RESPETO Y LIMPIEZA CON LA NATURALEZA<\/h2>\r\n<p><img loading=\"lazy\" decoding=\"async\" src=\"https:\/\/manzanareselreal.org\/wp-content\/uploads\/2025\/09\/icon-20.png\" alt=\"icon 20\" width=\"1050\" height=\"2081\" \/><\/p>\r\n<h2>EXPLORA<\/h2>\r\n<p>\u00bfTienes alma exploradora? Esta es una peque\u00f1a muestra visual de los m\u00e1s emblem\u00e1ticos lugares que respiran nuestra esencia manzanariega y que esperan ser descubiertos en tu pr\u00f3xima visita.<\/p>\r\n<p><a href=\"https:\/\/manzanareselreal.org\/es\/que-ver\/\" target=\"_self\"> Descubre m\u00e1s <\/a> <img loading=\"lazy\" decoding=\"async\" title=\"icon 30\" src=\"https:\/\/manzanareselreal.org\/wp-content\/uploads\/2025\/09\/icon-30.png\" alt=\"icon 30\" width=\"1956\" height=\"361\" \/><\/p>\r\n<h2>DISFRUTA<\/h2>\r\n<p>Date un capricho y reg\u00e1laselo a tus cinco sentidos. &#8216;Recarga pilas&#8217;, haz deporte: a pie, en bicicleta o escalando. S\u00ed, escalando. Disfruta de un paisaje incre\u00edble, incluso a vista de p\u00e1jaro. Tanto si buscas el relax como si te apetece acci\u00f3n; como si quieres tapear o degustar nuestra t\u00edpica gastronom\u00eda; hacer senderismo a la vez que aprendes micolog\u00eda, rodeado de la fragancia de la jara y los pinares&#8230;<\/p>\r\n<p><img decoding=\"async\" title=\"corre\" src=\"https:\/\/manzanareselreal.org\/wp-content\/uploads\/2025\/09\/corre.webp\" alt=\"corre\" \/><\/p>\r\n<h3>CORRE<\/h3>\r\n<p><img decoding=\"async\" title=\"camina\" src=\"https:\/\/manzanareselreal.org\/wp-content\/uploads\/2025\/09\/camina.webp\" alt=\"camina\" \/><\/p>\r\n<h3>CAMINA<\/h3>\r\n<p><img decoding=\"async\" title=\"escala\" src=\"https:\/\/manzanareselreal.org\/wp-content\/uploads\/2025\/09\/escala.webp\" alt=\"escala\" \/><\/p>\r\n<h3>ESCALA<\/h3>\r\n<p><img decoding=\"async\" title=\"observa\" src=\"https:\/\/manzanareselreal.org\/wp-content\/uploads\/2025\/09\/observa.webp\" alt=\"observa\" \/><\/p>\r\n<h3>Observaci\u00f3n de Aves<\/h3>\r\n<p><img decoding=\"async\" title=\"mercado-de-artesania\" src=\"https:\/\/manzanareselreal.org\/wp-content\/uploads\/2025\/09\/mercado-de-artesania.webp\" alt=\"mercado-de-artesania\" \/><\/p>\r\n<h3>Mercado de artesania<\/h3>\r\n<p><img decoding=\"async\" title=\"pedalea\" src=\"https:\/\/manzanareselreal.org\/wp-content\/uploads\/2025\/09\/pedalea.webp\" alt=\"pedalea\" \/><\/p>\r\n<h3>PEDALEA<\/h3>\r\n<p><a href=\"https:\/\/manzanareselreal.org\/es\/que-hacer\/turismo-deportivo\/\" target=\"_self\"> Descubre m\u00e1s <\/a> <img loading=\"lazy\" decoding=\"async\" src=\"https:\/\/manzanareselreal.org\/wp-content\/uploads\/2025\/09\/icon10.png\" alt=\"icon10\" width=\"899\" height=\"718\" \/><\/p>\r\n<h2>PLANEA<\/h2>\r\n<p>TU VIAJE<\/p>\r\n<p>Antes de iniciar tu viaje a Manzanares El Real visita esta secci\u00f3n. Aqu\u00ed encontrar\u00e1s toda la informaci\u00f3n necesaria para que tengas una estancia confortable; as\u00ed como los recursos para la mejor planificaci\u00f3n: mapas, gu\u00edas, v\u00eddeos y textos explicativos.<\/p>\r\n<h2>PLATAFORMA DE INTELIGENCIA TUR\u00cdSTICA<\/h2>\r\n<h3>Descubre d\u00f3nde comer, dormir y qu\u00e9 visitar<\/h3>\r\n<p><a href=\"https:\/\/manzanareselreal.ciceroneweb.com\/home\" target=\"_blank\" rel=\"noopener\"> DESCUBRE M\u00c1S <\/a><\/p>\r\n<h2>CONTACTA CON NOSOTROS<\/h2>\r\n<h3>Te ayudamos a planificar tu pr\u00f3ximo viaje<\/h3>\r\n<p><a href=\"https:\/\/manzanareselreal.org\/es\/contacto\/\" target=\"_self\"> CONTACTA <\/a><\/p>\r\n","protected":false},"excerpt":{"rendered":"<p>Pi\u00e9rdetepara encontrarte Te damos la bienvenida a nuestro portal Web,\u00edntegramente dedicado a ayudarte en tu visitaa Manzanares El Real\u2026 Desc\u00fabrelo Para comenzar, has de saber que nos encontramos en plenoParque Regional de la Cuenca Alta del Manzanares y en elParque Nacional de la Sierra de Guadarrama. Somos la puerta de entrada a La Pedriza. Esto&hellip;<\/p>\n","protected":false},"author":1,"featured_media":0,"parent":0,"menu_order":0,"comment_status":"closed","ping_status":"closed","template":"","meta":{"_acf_changed":false,"footnotes":""},"class_list":["post-132","page","type-page","status-publish","format-standard","hentry"],"acf":[],"yoast_head":"<!-- This site is optimized with the Yoast SEO plugin v27.1.1 - https:\/\/yoast.com\/product\/yoast-seo-wordpress\/ -->\n<title>Manzanares el real - tu pr\u00f3ximo destino tur\u00edstico favorito<\/title>\n<meta name=\"description\" content=\"Descubre Manzanares el Real y sum\u00e9rgete en uno de los paisajes m\u00e1s bellos de la Comunidad de Madrid. \u00a1Tu viaje comienza aqu\u00ed!\" \/>\n<meta name=\"robots\" content=\"index, follow, max-snippet:-1, max-image-preview:large, max-video-preview:-1\" \/>\n<link rel=\"canonical\" href=\"https:\/\/manzanareselreal.org\/es\/\" \/>\n<meta property=\"og:locale\" content=\"es_ES\" \/>\n<meta property=\"og:type\" content=\"article\" \/>\n<meta property=\"og:title\" content=\"Manzanares el real - tu pr\u00f3ximo destino tur\u00edstico favorito\" \/>\n<meta property=\"og:description\" content=\"Descubre Manzanares el Real y sum\u00e9rgete en uno de los paisajes m\u00e1s bellos de la Comunidad de Madrid. \u00a1Tu viaje comienza aqu\u00ed!\" \/>\n<meta property=\"og:url\" content=\"https:\/\/manzanareselreal.org\/es\/\" \/>\n<meta property=\"og:site_name\" content=\"Manzanares el Real\" \/>\n<meta property=\"article:modified_time\" content=\"2026-02-05T13:59:00+00:00\" \/>\n<meta property=\"og:image\" content=\"https:\/\/manzanareselreal.org\/wp-content\/uploads\/2025\/09\/Recurso-80.png\" \/>\n<meta name=\"twitter:card\" content=\"summary_large_image\" \/>\n<meta name=\"twitter:label1\" content=\"Tiempo de lectura\" \/>\n\t<meta name=\"twitter:data1\" content=\"5 minutos\" \/>\n<script type=\"application\/ld+json\" class=\"yoast-schema-graph\">{\"@context\":\"https:\/\/schema.org\",\"@graph\":[{\"@type\":\"WebPage\",\"@id\":\"https:\/\/manzanareselreal.org\/es\/\",\"url\":\"https:\/\/manzanareselreal.org\/es\/\",\"name\":\"Manzanares el real - tu pr\u00f3ximo destino tur\u00edstico favorito\",\"isPartOf\":{\"@id\":\"https:\/\/manzanareselreal.org\/es\/#website\"},\"primaryImageOfPage\":{\"@id\":\"https:\/\/manzanareselreal.org\/es\/#primaryimage\"},\"image\":{\"@id\":\"https:\/\/manzanareselreal.org\/es\/#primaryimage\"},\"thumbnailUrl\":\"https:\/\/manzanareselreal.org\/wp-content\/uploads\/2025\/09\/Recurso-80.png\",\"datePublished\":\"2025-09-11T11:05:58+00:00\",\"dateModified\":\"2026-02-05T13:59:00+00:00\",\"description\":\"Descubre Manzanares el Real y sum\u00e9rgete en uno de los paisajes m\u00e1s bellos de la Comunidad de Madrid. \u00a1Tu viaje comienza aqu\u00ed!\",\"breadcrumb\":{\"@id\":\"https:\/\/manzanareselreal.org\/es\/#breadcrumb\"},\"inLanguage\":\"es\",\"potentialAction\":[{\"@type\":\"ReadAction\",\"target\":[\"https:\/\/manzanareselreal.org\/es\/\"]}]},{\"@type\":\"ImageObject\",\"inLanguage\":\"es\",\"@id\":\"https:\/\/manzanareselreal.org\/es\/#primaryimage\",\"url\":\"https:\/\/manzanareselreal.org\/wp-content\/uploads\/2025\/09\/Recurso-80.png\",\"contentUrl\":\"https:\/\/manzanareselreal.org\/wp-content\/uploads\/2025\/09\/Recurso-80.png\"},{\"@type\":\"BreadcrumbList\",\"@id\":\"https:\/\/manzanareselreal.org\/es\/#breadcrumb\",\"itemListElement\":[{\"@type\":\"ListItem\",\"position\":1,\"name\":\"Inicio\",\"item\":\"https:\/\/manzanareselreal.org\/es\/\"},{\"@type\":\"ListItem\",\"position\":2,\"name\":\"Inicio\"}]},{\"@type\":\"WebSite\",\"@id\":\"https:\/\/manzanareselreal.org\/es\/#website\",\"url\":\"https:\/\/manzanareselreal.org\/es\/\",\"name\":\"Manzanares el Real\",\"description\":\"En el Parque Nacional de la Sierra de Guadarrama, al pie de La Pedriza, llegar a este municipio de la Sierra Norte es sumergirse en la historia y la naturaleza.\",\"potentialAction\":[{\"@type\":\"SearchAction\",\"target\":{\"@type\":\"EntryPoint\",\"urlTemplate\":\"https:\/\/manzanareselreal.org\/es\/?s={search_term_string}\"},\"query-input\":{\"@type\":\"PropertyValueSpecification\",\"valueRequired\":true,\"valueName\":\"search_term_string\"}}],\"inLanguage\":\"es\"}]}<\/script>\n<!-- \/ Yoast SEO plugin. -->","yoast_head_json":{"title":"Manzanares el real - tu pr\u00f3ximo destino tur\u00edstico favorito","description":"Descubre Manzanares el Real y sum\u00e9rgete en uno de los paisajes m\u00e1s bellos de la Comunidad de Madrid. \u00a1Tu viaje comienza aqu\u00ed!","robots":{"index":"index","follow":"follow","max-snippet":"max-snippet:-1","max-image-preview":"max-image-preview:large","max-video-preview":"max-video-preview:-1"},"canonical":"https:\/\/manzanareselreal.org\/es\/","og_locale":"es_ES","og_type":"article","og_title":"Manzanares el real - tu pr\u00f3ximo destino tur\u00edstico favorito","og_description":"Descubre Manzanares el Real y sum\u00e9rgete en uno de los paisajes m\u00e1s bellos de la Comunidad de Madrid. \u00a1Tu viaje comienza aqu\u00ed!","og_url":"https:\/\/manzanareselreal.org\/es\/","og_site_name":"Manzanares el Real","article_modified_time":"2026-02-05T13:59:00+00:00","og_image":[{"url":"https:\/\/manzanareselreal.org\/wp-content\/uploads\/2025\/09\/Recurso-80.png","type":"","width":"","height":""}],"twitter_card":"summary_large_image","twitter_misc":{"Tiempo de lectura":"5 minutos"},"schema":{"@context":"https:\/\/schema.org","@graph":[{"@type":"WebPage","@id":"https:\/\/manzanareselreal.org\/es\/","url":"https:\/\/manzanareselreal.org\/es\/","name":"Manzanares el real - tu pr\u00f3ximo destino tur\u00edstico favorito","isPartOf":{"@id":"https:\/\/manzanareselreal.org\/es\/#website"},"primaryImageOfPage":{"@id":"https:\/\/manzanareselreal.org\/es\/#primaryimage"},"image":{"@id":"https:\/\/manzanareselreal.org\/es\/#primaryimage"},"thumbnailUrl":"https:\/\/manzanareselreal.org\/wp-content\/uploads\/2025\/09\/Recurso-80.png","datePublished":"2025-09-11T11:05:58+00:00","dateModified":"2026-02-05T13:59:00+00:00","description":"Descubre Manzanares el Real y sum\u00e9rgete en uno de los paisajes m\u00e1s bellos de la Comunidad de Madrid. \u00a1Tu viaje comienza aqu\u00ed!","breadcrumb":{"@id":"https:\/\/manzanareselreal.org\/es\/#breadcrumb"},"inLanguage":"es","potentialAction":[{"@type":"ReadAction","target":["https:\/\/manzanareselreal.org\/es\/"]}]},{"@type":"ImageObject","inLanguage":"es","@id":"https:\/\/manzanareselreal.org\/es\/#primaryimage","url":"https:\/\/manzanareselreal.org\/wp-content\/uploads\/2025\/09\/Recurso-80.png","contentUrl":"https:\/\/manzanareselreal.org\/wp-content\/uploads\/2025\/09\/Recurso-80.png"},{"@type":"BreadcrumbList","@id":"https:\/\/manzanareselreal.org\/es\/#breadcrumb","itemListElement":[{"@type":"ListItem","position":1,"name":"Inicio","item":"https:\/\/manzanareselreal.org\/es\/"},{"@type":"ListItem","position":2,"name":"Inicio"}]},{"@type":"WebSite","@id":"https:\/\/manzanareselreal.org\/es\/#website","url":"https:\/\/manzanareselreal.org\/es\/","name":"Manzanares el Real","description":"En el Parque Nacional de la Sierra de Guadarrama, al pie de La Pedriza, llegar a este municipio de la Sierra Norte es sumergirse en la historia y la naturaleza.","potentialAction":[{"@type":"SearchAction","target":{"@type":"EntryPoint","urlTemplate":"https:\/\/manzanareselreal.org\/es\/?s={search_term_string}"},"query-input":{"@type":"PropertyValueSpecification","valueRequired":true,"valueName":"search_term_string"}}],"inLanguage":"es"}]}},"_links":{"self":[{"href":"https:\/\/manzanareselreal.org\/es\/wp-json\/wp\/v2\/pages\/132","targetHints":{"allow":["GET"]}}],"collection":[{"href":"https:\/\/manzanareselreal.org\/es\/wp-json\/wp\/v2\/pages"}],"about":[{"href":"https:\/\/manzanareselreal.org\/es\/wp-json\/wp\/v2\/types\/page"}],"author":[{"embeddable":true,"href":"https:\/\/manzanareselreal.org\/es\/wp-json\/wp\/v2\/users\/1"}],"replies":[{"embeddable":true,"href":"https:\/\/manzanareselreal.org\/es\/wp-json\/wp\/v2\/comments?post=132"}],"version-history":[{"count":11,"href":"https:\/\/manzanareselreal.org\/es\/wp-json\/wp\/v2\/pages\/132\/revisions"}],"predecessor-version":[{"id":3855,"href":"https:\/\/manzanareselreal.org\/es\/wp-json\/wp\/v2\/pages\/132\/revisions\/3855"}],"wp:attachment":[{"href":"https:\/\/manzanareselreal.org\/es\/wp-json\/wp\/v2\/media?parent=132"}],"curies":[{"name":"wp","href":"https:\/\/api.w.org\/{rel}","templated":true}]}}