{"id":1611,"date":"2025-09-16T17:54:07","date_gmt":"2025-09-16T15:54:07","guid":{"rendered":"https:\/\/openideas.site\/manzanareselreal\/arte-y-cultura\/"},"modified":"2025-10-21T12:58:28","modified_gmt":"2025-10-21T10:58:28","slug":"art-and-culture","status":"publish","type":"page","link":"https:\/\/manzanareselreal.org\/en\/art-and-culture\/","title":{"rendered":"Art and Culture"},"content":{"rendered":"\r\n<h1>\r\n\t\t\tArt and Culture\t<\/h1>\r\n\t<nav id=\"breadcrumbs\" aria-label=\"Breadcrumbs\"><a href=\"https:\/\/manzanareselreal.org\/en\/\">Inicio<\/a> \/ Art and Culture<\/nav>\r\n\t\t\t\t\t\t\t<img decoding=\"async\" src=\"https:\/\/manzanareselreal.org\/wp-content\/uploads\/2025\/09\/icon-20.png\" alt=\"Our past and present identity \" \/>\r\n\t\t<h3>\r\n\t\t\tOur past and present identity \r\n\t\t<\/h3>\r\n\t\t\t<em>lives on through the culture of Manzanares El Real,<br \/>\r\nexpressed in visual and performing arts, as well as in the special<br \/>\r\nevents which became symbols of the town<\/em>.\r\n\t\t<h3>\r\n\t\t\tA town out of a movie\r\n\t\t<\/h3>\r\n\t<p>Since 1935, Manzanares El Real has been the chosen setting for numerous unforgettable film productions, including <em>El Cid<\/em>, <em>Jerom\u00edn<\/em>, <em>Alexander the Great<\/em>, <em>The Fall of the Roman Empire<\/em> and <em>Conan the Barbarian<\/em>.<\/p>\r\n<p>Among the more than 100 recordings, renowned actors and actresses have walked the streets of Manzanares El Real, such as Fernando Fern\u00e1n G\u00f3mez, Carmen Sevilla, Sara Montiel, Clint Eastwood, Concha Velasco, Roc\u00edo D\u00farcal, Sophia Loren and Arnold Schwarzenegger.<\/p>\r\n<p>One particularly important location is known as <em>El Rodaje<\/em>, a natural site nestled between the rocky areas of El Canchal and El Rinc\u00f3n, leading up to El Yelmo. It became a favorite set for major Italo-American westerns, where some of the original props and scenery can still be found today.<\/p>\r\n<p>The Manzanares River, La Pedriza, the New Castle of the Mendoza family, and the Santillana Reservoir have been much more than mere &#8220;supporting actors&#8221; in the remarkable history of cinema.<\/p>\r\n<p>Due to this strong connection with film, in the 1960s the town opened its own cinema in the former Parador. Today, it continues to host the municipal cinema <em>El Rodaje<\/em>, named in honor of this emblematic landscape.<\/p>\r\n<p>Visitors can also explore this cinematic legacy at the exhibition hall <em>A Cinematic Village<\/em> in the Ethnological and Archaeological Museum, supported by Alfonso Pozuelo Ruano and the Cultural Association <em>El Real de Manzanares<\/em>.<\/p>\r\n\t\t\t<a href=\"https:\/\/cine.elrealdemanzanares.org\/\" target=\"_blank\" rel=\"noopener\">\r\n\t\t\t\t\t\t\tcinema of the cultural association\r\n\t\t\t\t\t<\/a>\r\n\t<p>On the fence surrounding Prado Puente, a large-format outdoor photography exhibition has been installed to promote art in the open air.<\/p>\r\n<p>Retrospectives of artists, photojournalism, wildlife photography, winners of the contests held during the La Pedriza Film, Mountain and Adventure Festival, as well as other thematic exhibitions-all these can be enjoyed in Prado Puente through rotating temporary exhibitions.<\/p>\r\n<p>Come and visit it ! you won&#8217;t be disappointed.<\/p>\r\n\t\t\t<a href=\"\" target=\"_blank\" rel=\"noopener\">\r\n\t\t\t\t\t\t\tDiscover more\r\n\t\t\t\t\t<\/a>\r\n\t\t<h3>\r\n\t\t\tPhotographic Exhibitions\r\n\t\t<\/h3>\r\n\t\t<h3>\r\n\t\t\tCultural Events\r\n\t\t<\/h3>\r\n\t<p>Culture comes alive in the streets of Manzanares El Real. Throughout the year, together with our residents, we organize multiple events that will enrich your visit to the town, including performances and productions in the &#8220;El Rodaje&#8221; Hall from our former historic parador, or the popular mountain and film themed La Pedriza Festival.<\/p>\r\n<p>To explore past and upcoming events, take a look at our agenda.<\/p>\r\n\t\t\t<a href=\"https:\/\/manzanareselreal.org\/es\/manzanareselreal\/?page_id=1736\" target=\"_self\">\r\n\t\t\t\t\t\t\tEvents\r\n\t\t\t\t\t<\/a>\r\n\r\n","protected":false},"excerpt":{"rendered":"<p>Art and Culture Inicio \/ Art and Culture Our past and present identity lives on through the culture of Manzanares El Real, expressed in visual and performing arts, as well as in the special events which became symbols of the town. A town out of a movie Since 1935, Manzanares El Real has been the&hellip;<\/p>\n","protected":false},"author":1,"featured_media":1612,"parent":0,"menu_order":0,"comment_status":"closed","ping_status":"closed","template":"","meta":{"_acf_changed":false,"footnotes":""},"class_list":["post-1611","page","type-page","status-publish","format-standard","has-post-thumbnail","hentry"],"acf":[],"yoast_head":"<!-- This site is optimized with the Yoast SEO plugin v27.1.1 - https:\/\/yoast.com\/product\/yoast-seo-wordpress\/ -->\n<title>Art and Culture - Manzanares el Real<\/title>\n<meta name=\"robots\" content=\"index, follow, max-snippet:-1, max-image-preview:large, max-video-preview:-1\" \/>\n<link rel=\"canonical\" href=\"https:\/\/manzanareselreal.org\/en\/art-and-culture\/\" \/>\n<meta property=\"og:locale\" content=\"en_US\" \/>\n<meta property=\"og:type\" content=\"article\" \/>\n<meta property=\"og:title\" content=\"Art and Culture - Manzanares el Real\" \/>\n<meta property=\"og:description\" content=\"Art and Culture Inicio \/ Art and Culture Our past and present identity lives on through the culture of Manzanares El Real, expressed in visual and performing arts, as well as in the special events which became symbols of the town. A town out of a movie Since 1935, Manzanares El Real has been the&hellip;\" \/>\n<meta property=\"og:url\" content=\"https:\/\/manzanareselreal.org\/en\/art-and-culture\/\" \/>\n<meta property=\"og:site_name\" content=\"Manzanares el Real\" \/>\n<meta property=\"article:modified_time\" content=\"2025-10-21T10:58:28+00:00\" \/>\n<meta property=\"og:image\" content=\"https:\/\/manzanareselreal.org\/wp-content\/uploads\/2025\/09\/icon-20.png\" \/>\n<meta name=\"twitter:card\" content=\"summary_large_image\" \/>\n<meta name=\"twitter:label1\" content=\"Est. reading time\" \/>\n\t<meta name=\"twitter:data1\" content=\"3 minutes\" \/>\n<script type=\"application\/ld+json\" class=\"yoast-schema-graph\">{\"@context\":\"https:\/\/schema.org\",\"@graph\":[{\"@type\":\"WebPage\",\"@id\":\"https:\/\/manzanareselreal.org\/en\/art-and-culture\/\",\"url\":\"https:\/\/manzanareselreal.org\/en\/art-and-culture\/\",\"name\":\"Art and Culture - Manzanares el Real\",\"isPartOf\":{\"@id\":\"https:\/\/manzanareselreal.org\/en\/#website\"},\"primaryImageOfPage\":{\"@id\":\"https:\/\/manzanareselreal.org\/en\/art-and-culture\/#primaryimage\"},\"image\":{\"@id\":\"https:\/\/manzanareselreal.org\/en\/art-and-culture\/#primaryimage\"},\"thumbnailUrl\":\"https:\/\/manzanareselreal.org\/wp-content\/uploads\/2025\/09\/09.jpg\",\"datePublished\":\"2025-09-16T15:54:07+00:00\",\"dateModified\":\"2025-10-21T10:58:28+00:00\",\"breadcrumb\":{\"@id\":\"https:\/\/manzanareselreal.org\/en\/art-and-culture\/#breadcrumb\"},\"inLanguage\":\"en-US\",\"potentialAction\":[{\"@type\":\"ReadAction\",\"target\":[\"https:\/\/manzanareselreal.org\/en\/art-and-culture\/\"]}]},{\"@type\":\"ImageObject\",\"inLanguage\":\"en-US\",\"@id\":\"https:\/\/manzanareselreal.org\/en\/art-and-culture\/#primaryimage\",\"url\":\"https:\/\/manzanareselreal.org\/wp-content\/uploads\/2025\/09\/09.jpg\",\"contentUrl\":\"https:\/\/manzanareselreal.org\/wp-content\/uploads\/2025\/09\/09.jpg\",\"width\":1440,\"height\":370},{\"@type\":\"BreadcrumbList\",\"@id\":\"https:\/\/manzanareselreal.org\/en\/art-and-culture\/#breadcrumb\",\"itemListElement\":[{\"@type\":\"ListItem\",\"position\":1,\"name\":\"Home\",\"item\":\"https:\/\/manzanareselreal.org\/en\/\"},{\"@type\":\"ListItem\",\"position\":2,\"name\":\"Art and Culture\"}]},{\"@type\":\"WebSite\",\"@id\":\"https:\/\/manzanareselreal.org\/en\/#website\",\"url\":\"https:\/\/manzanareselreal.org\/en\/\",\"name\":\"Manzanares el Real\",\"description\":\"En el Parque Nacional de la Sierra de Guadarrama, al pie de La Pedriza, llegar a este municipio de la Sierra Norte es sumergirse en la historia y la naturaleza.\",\"potentialAction\":[{\"@type\":\"SearchAction\",\"target\":{\"@type\":\"EntryPoint\",\"urlTemplate\":\"https:\/\/manzanareselreal.org\/en\/?s={search_term_string}\"},\"query-input\":{\"@type\":\"PropertyValueSpecification\",\"valueRequired\":true,\"valueName\":\"search_term_string\"}}],\"inLanguage\":\"en-US\"}]}<\/script>\n<!-- \/ Yoast SEO plugin. -->","yoast_head_json":{"title":"Art and Culture - Manzanares el Real","robots":{"index":"index","follow":"follow","max-snippet":"max-snippet:-1","max-image-preview":"max-image-preview:large","max-video-preview":"max-video-preview:-1"},"canonical":"https:\/\/manzanareselreal.org\/en\/art-and-culture\/","og_locale":"en_US","og_type":"article","og_title":"Art and Culture - Manzanares el Real","og_description":"Art and Culture Inicio \/ Art and Culture Our past and present identity lives on through the culture of Manzanares El Real, expressed in visual and performing arts, as well as in the special events which became symbols of the town. A town out of a movie Since 1935, Manzanares El Real has been the&hellip;","og_url":"https:\/\/manzanareselreal.org\/en\/art-and-culture\/","og_site_name":"Manzanares el Real","article_modified_time":"2025-10-21T10:58:28+00:00","og_image":[{"url":"https:\/\/manzanareselreal.org\/wp-content\/uploads\/2025\/09\/icon-20.png","type":"","width":"","height":""}],"twitter_card":"summary_large_image","twitter_misc":{"Est. reading time":"3 minutes"},"schema":{"@context":"https:\/\/schema.org","@graph":[{"@type":"WebPage","@id":"https:\/\/manzanareselreal.org\/en\/art-and-culture\/","url":"https:\/\/manzanareselreal.org\/en\/art-and-culture\/","name":"Art and Culture - Manzanares el Real","isPartOf":{"@id":"https:\/\/manzanareselreal.org\/en\/#website"},"primaryImageOfPage":{"@id":"https:\/\/manzanareselreal.org\/en\/art-and-culture\/#primaryimage"},"image":{"@id":"https:\/\/manzanareselreal.org\/en\/art-and-culture\/#primaryimage"},"thumbnailUrl":"https:\/\/manzanareselreal.org\/wp-content\/uploads\/2025\/09\/09.jpg","datePublished":"2025-09-16T15:54:07+00:00","dateModified":"2025-10-21T10:58:28+00:00","breadcrumb":{"@id":"https:\/\/manzanareselreal.org\/en\/art-and-culture\/#breadcrumb"},"inLanguage":"en-US","potentialAction":[{"@type":"ReadAction","target":["https:\/\/manzanareselreal.org\/en\/art-and-culture\/"]}]},{"@type":"ImageObject","inLanguage":"en-US","@id":"https:\/\/manzanareselreal.org\/en\/art-and-culture\/#primaryimage","url":"https:\/\/manzanareselreal.org\/wp-content\/uploads\/2025\/09\/09.jpg","contentUrl":"https:\/\/manzanareselreal.org\/wp-content\/uploads\/2025\/09\/09.jpg","width":1440,"height":370},{"@type":"BreadcrumbList","@id":"https:\/\/manzanareselreal.org\/en\/art-and-culture\/#breadcrumb","itemListElement":[{"@type":"ListItem","position":1,"name":"Home","item":"https:\/\/manzanareselreal.org\/en\/"},{"@type":"ListItem","position":2,"name":"Art and Culture"}]},{"@type":"WebSite","@id":"https:\/\/manzanareselreal.org\/en\/#website","url":"https:\/\/manzanareselreal.org\/en\/","name":"Manzanares el Real","description":"En el Parque Nacional de la Sierra de Guadarrama, al pie de La Pedriza, llegar a este municipio de la Sierra Norte es sumergirse en la historia y la naturaleza.","potentialAction":[{"@type":"SearchAction","target":{"@type":"EntryPoint","urlTemplate":"https:\/\/manzanareselreal.org\/en\/?s={search_term_string}"},"query-input":{"@type":"PropertyValueSpecification","valueRequired":true,"valueName":"search_term_string"}}],"inLanguage":"en-US"}]}},"_links":{"self":[{"href":"https:\/\/manzanareselreal.org\/en\/wp-json\/wp\/v2\/pages\/1611","targetHints":{"allow":["GET"]}}],"collection":[{"href":"https:\/\/manzanareselreal.org\/en\/wp-json\/wp\/v2\/pages"}],"about":[{"href":"https:\/\/manzanareselreal.org\/en\/wp-json\/wp\/v2\/types\/page"}],"author":[{"embeddable":true,"href":"https:\/\/manzanareselreal.org\/en\/wp-json\/wp\/v2\/users\/1"}],"replies":[{"embeddable":true,"href":"https:\/\/manzanareselreal.org\/en\/wp-json\/wp\/v2\/comments?post=1611"}],"version-history":[{"count":4,"href":"https:\/\/manzanareselreal.org\/en\/wp-json\/wp\/v2\/pages\/1611\/revisions"}],"predecessor-version":[{"id":2925,"href":"https:\/\/manzanareselreal.org\/en\/wp-json\/wp\/v2\/pages\/1611\/revisions\/2925"}],"wp:featuredmedia":[{"embeddable":true,"href":"https:\/\/manzanareselreal.org\/en\/wp-json\/wp\/v2\/media\/1612"}],"wp:attachment":[{"href":"https:\/\/manzanareselreal.org\/en\/wp-json\/wp\/v2\/media?parent=1611"}],"curies":[{"name":"wp","href":"https:\/\/api.w.org\/{rel}","templated":true}]}}